{"id":1270,"date":"2024-07-25T09:13:15","date_gmt":"2024-07-25T09:13:15","guid":{"rendered":"https:\/\/www.sasuudad.ee\/?page_id=1270"},"modified":"2024-10-31T09:51:50","modified_gmt":"2024-10-31T09:51:50","slug":"sonumid-noortelt-noortele","status":"publish","type":"page","link":"https:\/\/www.sasuudad.ee\/en_us\/sonumid-noortelt-noortele\/","title":{"rendered":"Messages from young people to young people"},"content":{"rendered":"<div class=\"wp-block-image\">\n<figure class=\"aligncenter size-large is-resized\"><img loading=\"lazy\" decoding=\"async\" width=\"1024\" height=\"768\" src=\"https:\/\/www.sasuudad.ee\/wp-content\/uploads\/2024\/07\/450604511_469454452456193_4044802853270845319_n-1024x768.jpg\" alt=\"\" class=\"wp-image-1304\" style=\"width:330px;height:auto\" srcset=\"https:\/\/www.sasuudad.ee\/wp-content\/uploads\/2024\/07\/450604511_469454452456193_4044802853270845319_n-1024x768.jpg 1024w, https:\/\/www.sasuudad.ee\/wp-content\/uploads\/2024\/07\/450604511_469454452456193_4044802853270845319_n-300x225.jpg 300w, https:\/\/www.sasuudad.ee\/wp-content\/uploads\/2024\/07\/450604511_469454452456193_4044802853270845319_n-768x576.jpg 768w, https:\/\/www.sasuudad.ee\/wp-content\/uploads\/2024\/07\/450604511_469454452456193_4044802853270845319_n-1536x1152.jpg 1536w, https:\/\/www.sasuudad.ee\/wp-content\/uploads\/2024\/07\/450604511_469454452456193_4044802853270845319_n.jpg 2048w\" sizes=\"auto, (max-width: 1024px) 100vw, 1024px\" \/><\/figure>\n<\/div>\n\n\n<p class=\"has-text-align-center\">Elus on raskemaid hetki, aga paremad on tulemas.\u00a0Ausalt ka!<\/p>\n\n\n\n<figure class=\"wp-block-pullquote has-text-align-center has-small-font-size\"><blockquote><p>Kui sulle tundub, et sind ei kuulatud v\u00f5i kuuldud, siis anna m\u00e4rku sellest, et sa tunned, et sinust ei saada aru. Kui see ei aita, siis proovi leida endale teine sama eriala spetsialist, v\u00f5imalik, et esimene lihtsalt ei sobinud.<\/p><\/blockquote><\/figure>\n\n\n\n<figure class=\"wp-block-pullquote has-small-font-size\"><blockquote><p>Tuletaks noortele meelde, et \u00e4ra l\u00fckka ennast k\u00f5rvale, armasta seda pisikest ennast enda sees. Kui sa teed endale v\u00f5i teistele liiga, siis k\u00f5ige rohkem saab haiget see pisike laps sinu sees. \u00c4ra solva teda ning \u00e4ra r\u00e4\u00e4gi endast halvasti. Sinu sees on palju suurem ja ilusam elu, mis tahab v\u00e4lja saada. \u00c4ra l\u00fckka seda k\u00f5rvale.<\/p><\/blockquote><\/figure>\n\n\n\n<figure class=\"wp-block-pullquote has-small-font-size\"><blockquote><p>Kaitse ennast ja enda huvisid, aga m\u00f5tle l\u00e4bi, kuidas ja mida sa teed.<\/p><\/blockquote><\/figure>\n\n\n\n<figure class=\"wp-block-pullquote has-small-font-size\"><blockquote><p>Suhtle inimestega, kes ei joo, ei tarvita narkootikume jne. Olen aru saanud, et selline elustiil ei ole \u00f5ige, suhtlen valede inimestega. L\u00e4hen ju nendega l\u00f5puks kaasa nt purjuspeaga autoga s\u00f5itma, kaklema.<\/p><\/blockquote><\/figure>\n\n\n\n<figure class=\"wp-block-pullquote has-small-font-size\"><blockquote><p>Lisaks t\u00f6\u00f6le vaja ikka mingi amet selgeks saada. Keskharidus on elus ikka v\u00e4ga t\u00e4htis, et t\u00f6\u00f6le saada.<\/p><\/blockquote><\/figure>\n\n\n\n<figure class=\"wp-block-pullquote has-small-font-size\"><blockquote><p>Ps\u00fchholoogid, \u00f5petajad \u2013 k\u00f5ik tegelikult tahavad sind aidata, ei ole sinu vastu.<\/p><\/blockquote><\/figure>\n\n\n\n<p class=\"has-text-align-center\">Otsi abi &#8211; \u00fctle, et sul on halb olla<\/p>\n\n\n\n<p>_______________________________________________________________________________________________________________________________<\/p>\n\n\n\n<p class=\"has-text-align-center\">Enda \u00fcmbruskonna muutmine on k\u00f5ige suurem faktor \u2013 su s\u00f5brad, pere. Kui sul ei ole hea keskkond, sisi peaksid end sealt eemaldama. Seda lapsed tihti ei m\u00e4rka. Aga kui tunned, et miski on halb, eemalda vaikselt, kasv\u00f5i \u00fcks haaval.<\/p>\n\n\n\n<p><\/p>","protected":false},"excerpt":{"rendered":"<p>Elus on raskemaid hetki, aga paremad on tulemas.\u00a0Ausalt ka! Kui sulle tundub, et sind ei kuulatud v\u00f5i kuuldud, siis anna m\u00e4rku sellest, et sa tunned, et sinust ei saada aru. Kui see ei aita, siis proovi leida endale teine sama eriala spetsialist, v\u00f5imalik, et esimene lihtsalt ei sobinud. Tuletaks noortele meelde, et \u00e4ra l\u00fckka ennast&hellip;&nbsp;<a href=\"https:\/\/www.sasuudad.ee\/en_us\/sonumid-noortelt-noortele\/\" rel=\"bookmark\">Read More &raquo;<span class=\"screen-reader-text\">Messages from young people to young people<\/span><\/a><\/p>","protected":false},"author":2,"featured_media":0,"parent":0,"menu_order":0,"comment_status":"closed","ping_status":"closed","template":"","meta":{"neve_meta_sidebar":"","neve_meta_container":"","neve_meta_enable_content_width":"","neve_meta_content_width":0,"neve_meta_title_alignment":"","neve_meta_author_avatar":"","neve_post_elements_order":"","neve_meta_disable_header":"","neve_meta_disable_footer":"","neve_meta_disable_title":"","_themeisle_gutenberg_block_has_review":false,"footnotes":""},"class_list":["post-1270","page","type-page","status-publish","hentry"],"_links":{"self":[{"href":"https:\/\/www.sasuudad.ee\/en_us\/wp-json\/wp\/v2\/pages\/1270","targetHints":{"allow":["GET"]}}],"collection":[{"href":"https:\/\/www.sasuudad.ee\/en_us\/wp-json\/wp\/v2\/pages"}],"about":[{"href":"https:\/\/www.sasuudad.ee\/en_us\/wp-json\/wp\/v2\/types\/page"}],"author":[{"embeddable":true,"href":"https:\/\/www.sasuudad.ee\/en_us\/wp-json\/wp\/v2\/users\/2"}],"replies":[{"embeddable":true,"href":"https:\/\/www.sasuudad.ee\/en_us\/wp-json\/wp\/v2\/comments?post=1270"}],"version-history":[{"count":1,"href":"https:\/\/www.sasuudad.ee\/en_us\/wp-json\/wp\/v2\/pages\/1270\/revisions"}],"predecessor-version":[{"id":1547,"href":"https:\/\/www.sasuudad.ee\/en_us\/wp-json\/wp\/v2\/pages\/1270\/revisions\/1547"}],"wp:attachment":[{"href":"https:\/\/www.sasuudad.ee\/en_us\/wp-json\/wp\/v2\/media?parent=1270"}],"curies":[{"name":"wp","href":"https:\/\/api.w.org\/{rel}","templated":true}]}}