{"id":1273,"date":"2024-07-25T09:53:17","date_gmt":"2024-07-25T09:53:17","guid":{"rendered":"https:\/\/www.sasuudad.ee\/?page_id=1273"},"modified":"2024-12-31T15:08:49","modified_gmt":"2024-12-31T15:08:49","slug":"noortele","status":"publish","type":"page","link":"https:\/\/www.sasuudad.ee\/en_us\/noortele\/","title":{"rendered":"For youth"},"content":{"rendered":"<div id=\"wp-block-themeisle-blocks-button-group-97b2a47e\" class=\"wp-block-themeisle-blocks-button-group wp-block-buttons align-right-desktop\">\n<div id=\"wp-block-themeisle-blocks-button-712ef5ba\" class=\"wp-block-themeisle-blocks-button wp-block-button\"><a href=\"https:\/\/www.sasuudad.ee\/en_us\/vajan-abi\/\" target=\"_self\" rel=\"noopener noreferrer\" class=\"wp-block-button__link\"><i class=\"fas fa-fw fa-hands-helping margin-right\"><\/i><span>I NEED HELP<\/span><\/a><\/div>\n\n\n\n<div id=\"wp-block-themeisle-blocks-button-d1fb0056\" class=\"wp-block-themeisle-blocks-button wp-block-button\"><a href=\"https:\/\/www.sasuudad.ee\/en_us\/sonumid-noortelt-noortele\/\" target=\"_self\" rel=\"noopener noreferrer\" class=\"wp-block-button__link\"><span>Messages from other young people<\/span><\/a><\/div>\n<\/div>\n\n\n\n<h3 class=\"wp-block-heading\">Hello youth!<\/h3>\n\n\n\n<p class=\"translation-block\">If you feel that life has become difficult and you need support, know that you are not alone. Even if it seems to you that you are.  \nIt is completely normal to sometimes find it hard to cope, and seeking help is a sign of strength.<\/p>\n\n\n\n<p>The NGO Sa Suudad was created to support young people who are struggling. We want to support young people just as they need it. This means that we ask young people what they truly need to feel heard, seen, and supported in the way they require.&nbsp;<\/p>\n\n\n\n<p>It is also important for us to make young people's voices heard among adults and in society at large\u2014we strive to express young people's thoughts, feelings, and needs to those who provide various forms of support in Estonia.&nbsp;<\/p>\n\n\n\n<p>The NGO Sa Suudad believes that every person is an expert in their own life, including young people themselves. We are all equal\u2014just with different life experiences.&nbsp;<\/p>\n\n\n\n<div id=\"wp-block-themeisle-blocks-button-group-3de4192e\" class=\"wp-block-themeisle-blocks-button-group wp-block-buttons\">\n<div id=\"wp-block-themeisle-blocks-button-64113c9d\" class=\"wp-block-themeisle-blocks-button wp-block-button\"><a href=\"https:\/\/www.sasuudad.ee\/en_us\/nouanded-noortele\/\" target=\"_self\" rel=\"noopener noreferrer\" class=\"wp-block-button__link\"><span>Here you will find recommendations for moments when you are struggling.<\/span><\/a><\/div>\n<\/div>\n\n\n\n<p><\/p>\n\n\n\n<p>The NGO Sa Suudad is a newly established nonprofit organization, and we are just starting our activities. We are currently developing various support options\u2014if you have any ideas or thoughts on how to support young people, including yourself, feel free to write to us at info@sasuudad.ee or reach out on our social media @sasuudad.<\/p>\n\n\n\n<p class=\"translation-block\">Meanwhile, you can read some of our recommendations and <a href=\"https:\/\/www.sasuudad.ee\/en_us\/sonumid-noortelt-noortele\/\" target=\"_blank\" rel=\"noopener\" title=\"\">thoughts and advice from other young people<\/a> who faced challenges in the past, and explore the available support options in Estonia today.<\/p>\n\n\n\n<p class=\"translation-block\"><strong>Remember, seeking help is always the right step. You are worthy of receiving help and support.<\/strong> If you feel that you need assistance, don't hesitate to reach out to these resources. You are not alone, and there are people who want to be there for you exactly the way you need!<\/p>\n\n\n\n<p>You can!<\/p>\n\n\n\n<p><\/p>","protected":false},"excerpt":{"rendered":"<p>Tere, noor! Kui sa tunned, et elu on muutunud keeruliseks ja vajad tuge, siis tea, et sa pole \u00fcksi. Isegi, kui sulle tundub, et oled. On t\u00e4iesti normaalne, et vahel v\u00f5ib olla raske toime tulla ning abi otsimine on tugevuse m\u00e4rk. MT\u00dc Sa Suudad on loodud selleks, et toetada noori, kellel on raske. Meie soovime&hellip;&nbsp;<a href=\"https:\/\/www.sasuudad.ee\/en_us\/noortele\/\" rel=\"bookmark\">Read More &raquo;<span class=\"screen-reader-text\">For youth<\/span><\/a><\/p>","protected":false},"author":2,"featured_media":0,"parent":0,"menu_order":0,"comment_status":"closed","ping_status":"closed","template":"","meta":{"neve_meta_sidebar":"","neve_meta_container":"","neve_meta_enable_content_width":"","neve_meta_content_width":0,"neve_meta_title_alignment":"","neve_meta_author_avatar":"","neve_post_elements_order":"","neve_meta_disable_header":"","neve_meta_disable_footer":"","neve_meta_disable_title":"","_themeisle_gutenberg_block_has_review":false,"footnotes":""},"class_list":["post-1273","page","type-page","status-publish","hentry"],"_links":{"self":[{"href":"https:\/\/www.sasuudad.ee\/en_us\/wp-json\/wp\/v2\/pages\/1273","targetHints":{"allow":["GET"]}}],"collection":[{"href":"https:\/\/www.sasuudad.ee\/en_us\/wp-json\/wp\/v2\/pages"}],"about":[{"href":"https:\/\/www.sasuudad.ee\/en_us\/wp-json\/wp\/v2\/types\/page"}],"author":[{"embeddable":true,"href":"https:\/\/www.sasuudad.ee\/en_us\/wp-json\/wp\/v2\/users\/2"}],"replies":[{"embeddable":true,"href":"https:\/\/www.sasuudad.ee\/en_us\/wp-json\/wp\/v2\/comments?post=1273"}],"version-history":[{"count":6,"href":"https:\/\/www.sasuudad.ee\/en_us\/wp-json\/wp\/v2\/pages\/1273\/revisions"}],"predecessor-version":[{"id":1771,"href":"https:\/\/www.sasuudad.ee\/en_us\/wp-json\/wp\/v2\/pages\/1273\/revisions\/1771"}],"wp:attachment":[{"href":"https:\/\/www.sasuudad.ee\/en_us\/wp-json\/wp\/v2\/media?parent=1273"}],"curies":[{"name":"wp","href":"https:\/\/api.w.org\/{rel}","templated":true}]}}