{"id":1574,"date":"2024-11-06T07:31:30","date_gmt":"2024-11-06T07:31:30","guid":{"rendered":"https:\/\/www.sasuudad.ee\/?page_id=1574"},"modified":"2025-10-13T16:36:27","modified_gmt":"2025-10-13T16:36:27","slug":"evert","status":"publish","type":"page","link":"https:\/\/www.sasuudad.ee\/en_us\/evert\/","title":{"rendered":"Evert"},"content":{"rendered":"<h4 class=\"wp-block-heading\">Why did I join Sa Suudad NGO?<\/h4>\n\n\n\n<div class=\"wp-block-columns is-layout-flex wp-container-core-columns-is-layout-9d6595d7 wp-block-columns-is-layout-flex\">\n<div class=\"wp-block-column is-layout-flow wp-block-column-is-layout-flow\" style=\"flex-basis:33.33%\">\n<figure class=\"wp-block-image size-large\"><img loading=\"lazy\" decoding=\"async\" width=\"576\" height=\"1024\" src=\"https:\/\/www.sasuudad.ee\/wp-content\/uploads\/2024\/11\/Evert-576x1024.jpg\" alt=\"\" class=\"wp-image-1549\" srcset=\"https:\/\/www.sasuudad.ee\/wp-content\/uploads\/2024\/11\/Evert-576x1024.jpg 576w, https:\/\/www.sasuudad.ee\/wp-content\/uploads\/2024\/11\/Evert-169x300.jpg 169w, https:\/\/www.sasuudad.ee\/wp-content\/uploads\/2024\/11\/Evert-768x1365.jpg 768w, https:\/\/www.sasuudad.ee\/wp-content\/uploads\/2024\/11\/Evert-864x1536.jpg 864w, https:\/\/www.sasuudad.ee\/wp-content\/uploads\/2024\/11\/Evert-7x12.jpg 7w, https:\/\/www.sasuudad.ee\/wp-content\/uploads\/2024\/11\/Evert.jpg 1152w\" sizes=\"auto, (max-width: 576px) 100vw, 576px\" \/><\/figure>\n<\/div>\n\n\n\n<div class=\"wp-block-column is-layout-flow wp-block-column-is-layout-flow\" style=\"flex-basis:66.66%\">\n<p>Hey! I'm Evert, a young advisor and spokesperson for youth involvement. I'm 20 years old and from Tartu. For me, the most important thing is that young people have a voice, space, and courage to talk about issues that really affect us. <\/p>\n\n\n\n<p>My journey to this point began with personal experience. In my life, I have felt how much it can mean when someone really listens to you and understands you, but also what happens when that is missing. It is this knowledge that has shaped my desire to support other young people \u2013 that <strong>they would know that they are not alone.<\/strong> <\/p>\n\n\n\n<p>I have shared my story at many conferences, on many panels and in many discussions, and I continue to do so without shame, which often accompanies difficult experiences. These are moments when I realize how powerful honesty and vulnerability can be. My goal is not to talk only about the difficulties, but <strong>to show how experiences can become a source of strength and what changes are needed in systems affecting young people. <\/strong>I really like the idea that young people's voices should be heard not only in discussions aimed at them, but also in decisions that shape society as a whole. Through the activities of the NGO Sa Suudad, I contribute to youth counseling and the promotion of a culture of discussion. I help to create an environment where every young person can confidently express their thoughts, learn from their experiences, and support others. <\/p>\n\n\n\n<p>I am convinced that young people do not need to be saved \u2013 they need someone who will truly listen to them and believe in them. I believe that young people's opinions are not just an add-on, but an important part of decision-making processes. I would like society to stop talking about young people and start talking <strong>with young people<\/strong> \u2013 because that is when real change happens. You can do it!<\/p>\n<\/div>\n<\/div>","protected":false},"excerpt":{"rendered":"<p>Miks ma \u00fchinesin Sa Suudad MT\u00dc-ga? Heii! Mina olen Evert, noor n\u00f5unik ja noorte kaasamise eestk\u00f5neleja. Olen 20 aastane tartlane. Minu jaoks on k\u00f5ige olulisem, et noortel oleks h\u00e4\u00e4l, ruum ja julgus, r\u00e4\u00e4kida teemadel, mis meid t\u00f5eliselt puudutavad. Minu teekond selleni on alanud isiklikust kogemusest. Olen oma elus tundnud, kui palju v\u00f5ib t\u00e4hendada see kui&hellip;&nbsp;<a href=\"https:\/\/www.sasuudad.ee\/en_us\/evert\/\" rel=\"bookmark\">Read More &raquo;<span class=\"screen-reader-text\">Evert<\/span><\/a><\/p>","protected":false},"author":2,"featured_media":0,"parent":0,"menu_order":0,"comment_status":"closed","ping_status":"closed","template":"","meta":{"neve_meta_sidebar":"","neve_meta_container":"","neve_meta_enable_content_width":"","neve_meta_content_width":0,"neve_meta_title_alignment":"","neve_meta_author_avatar":"","neve_post_elements_order":"","neve_meta_disable_header":"","neve_meta_disable_footer":"","neve_meta_disable_title":"","_themeisle_gutenberg_block_has_review":false,"footnotes":""},"class_list":["post-1574","page","type-page","status-publish","hentry"],"_links":{"self":[{"href":"https:\/\/www.sasuudad.ee\/en_us\/wp-json\/wp\/v2\/pages\/1574","targetHints":{"allow":["GET"]}}],"collection":[{"href":"https:\/\/www.sasuudad.ee\/en_us\/wp-json\/wp\/v2\/pages"}],"about":[{"href":"https:\/\/www.sasuudad.ee\/en_us\/wp-json\/wp\/v2\/types\/page"}],"author":[{"embeddable":true,"href":"https:\/\/www.sasuudad.ee\/en_us\/wp-json\/wp\/v2\/users\/2"}],"replies":[{"embeddable":true,"href":"https:\/\/www.sasuudad.ee\/en_us\/wp-json\/wp\/v2\/comments?post=1574"}],"version-history":[{"count":3,"href":"https:\/\/www.sasuudad.ee\/en_us\/wp-json\/wp\/v2\/pages\/1574\/revisions"}],"predecessor-version":[{"id":2784,"href":"https:\/\/www.sasuudad.ee\/en_us\/wp-json\/wp\/v2\/pages\/1574\/revisions\/2784"}],"wp:attachment":[{"href":"https:\/\/www.sasuudad.ee\/en_us\/wp-json\/wp\/v2\/media?parent=1574"}],"curies":[{"name":"wp","href":"https:\/\/api.w.org\/{rel}","templated":true}]}}