{"id":1778,"date":"2025-01-12T13:42:49","date_gmt":"2025-01-12T13:42:49","guid":{"rendered":"https:\/\/www.sasuudad.ee\/?page_id=1778"},"modified":"2025-01-12T13:45:24","modified_gmt":"2025-01-12T13:45:24","slug":"usaldusisik","status":"publish","type":"page","link":"https:\/\/www.sasuudad.ee\/en_us\/usaldusisik\/","title":{"rendered":""},"content":{"rendered":"<div id=\"wp-block-themeisle-blocks-advanced-columns-ceb6a764\" class=\"wp-block-themeisle-blocks-advanced-columns has-1-columns has-desktop-equal-layout has-tablet-equal-layout has-mobile-equal-layout has-vertical-center has-dark-bg\"><div class=\"wp-block-themeisle-blocks-advanced-columns-overlay\"><\/div><div class=\"innerblocks-wrap\">\n<div id=\"wp-block-themeisle-blocks-advanced-column-b70c29e7\" class=\"wp-block-themeisle-blocks-advanced-column\">\n<p class=\"has-text-align-center\" style=\"padding-top:0;padding-right:0;padding-bottom:0;padding-left:0;font-size:41px\"><strong>Me k\u00f5ik vajame kedagi, kes meid m\u00f5istab<\/strong>  <br><br><strong>&#8211;<\/strong><br><br>\u00f5pi kogemustega usaldusisikuks!<\/p>\n<\/div>\n<\/div><\/div>\n\n\n\n<div style=\"height:100px\" aria-hidden=\"true\" class=\"wp-block-spacer\"><\/div>\n\n\n\n<div id=\"wp-block-themeisle-blocks-advanced-columns-5cfa3ec7\" class=\"wp-block-themeisle-blocks-advanced-columns has-1-columns has-desktop-equal-layout has-tablet-equal-layout has-mobile-equal-layout has-vertical-unset\"><div class=\"wp-block-themeisle-blocks-advanced-columns-overlay\"><\/div><div class=\"innerblocks-wrap\">\n<div id=\"wp-block-themeisle-blocks-advanced-column-c729e1a3\" class=\"wp-block-themeisle-blocks-advanced-column\">\n<div class=\"wp-block-columns is-layout-flex wp-container-core-columns-is-layout-9d6595d7 wp-block-columns-is-layout-flex\">\n<div class=\"wp-block-column is-layout-flow wp-block-column-is-layout-flow\">\n<p class=\"has-large-font-size\"><strong>Miks just Sina saad teisi aidata?<\/strong><\/p>\n\n\n\n<p>Sa tead, mida t\u00e4hendab tunda, et keegi ei m\u00f5ista. Sa oled olnud seal \u2013 kohas, kus k\u00f5ik tundub keeruline, ja tundnud, et oled oma muredega \u00fcksi. Aga sa tulid sellest l\u00e4bi. Ja see teebki just Sind \u00f5igeks inimeseks, et aidata neid, kes t\u00e4na veel oma raskustes \u00fcksi on.<\/p>\n\n\n\n<h2 class=\"wp-block-heading\"><strong>Sa tead, mida t\u00e4hendab t\u00f5eline kuulamine.<\/strong><\/h2>\n\n\n\n<p>Noor, kes on raskes olukorras, vajab midagi enamat kui lihtsalt n\u00f5uandeid. Ta vajab inimest, kes kuulab p\u00e4riselt \u2013 ilma hinnanguid andmata, ilma lahendusi peale surumata. Sina tead, kui palju see v\u00f5ib muuta, kui keegi lihtsalt kuulab ja on olemas. See toetus v\u00f5ib olla esimene samm kellegi jaoks parema elu suunas.<\/p>\n\n\n\n<h2 class=\"wp-block-heading\"><strong>Sinu kogemus on v\u00e4\u00e4rtuslik.<\/strong><\/h2>\n\n\n\n<p>Keegi ei m\u00f5ista raskustest v\u00e4ljumise teekonda paremini kui see, kes on seda ise kogenud. Sinu lugu v\u00f5ib inspireerida ja n\u00e4idata teed neile, kes t\u00e4na veel otsivad v\u00e4ljap\u00e4\u00e4su. Sina tead, et muutumine on v\u00f5imalik. Ja sa saad olla selleks t\u00f5estuseks teistele.<\/p>\n\n\n\n<h2 class=\"wp-block-heading\"><strong>Sa saad anda edasi lootust.<\/strong><\/h2>\n\n\n\n<p>Kui noor on raskes olukorras, v\u00f5ib tal olla tunne, et midagi head ei ole enam ees ootamas. Sina saad talle n\u00e4idata, et v\u00e4ljatulek on v\u00f5imalik \u2013 et iga\u00fcks v\u00e4\u00e4rib paremat tulevikku. Iga s\u00f5na, iga vestlus ja iga hetk, mil oled olemas, v\u00f5ib anda kellelegi j\u00f5udu edasi liikuda.<\/p>\n\n\n\n<h2 class=\"wp-block-heading\"><strong>Me k\u00f5ik vajame kedagi, kes m\u00f5istab.<\/strong><\/h2>\n\n\n\n<p>Sa tead, kui palju lihtsam on oma muresid jagada kellegagi, kes p\u00e4riselt m\u00f5istab. Kui tunned, et tahaksid olla see inimene, kelle poole p\u00f6\u00f6rduda \u2013 inimene, kes annab j\u00f5udu ja toetust \u2013 siis oled meie programmis v\u00e4ga oodatud.<\/p>\n\n\n\n<h2 class=\"wp-block-heading\"><strong>Mida sina sellest saad?<\/strong><\/h2>\n\n\n\n<p>Aidates teisi, avastad sa ka iseenda tugevused. Sa \u00f5pid paremini suhtlema, m\u00e4rkama ja m\u00f5istma. Sa saad v\u00f5imaluse panustada millegi suurema loomisesse \u2013 kogukonda, kus noored ei j\u00e4\u00e4 oma muredega \u00fcksi.<\/p>\n\n\n\n<h2 class=\"wp-block-heading\"><strong>Tule ja ole see muutus, mida sa ise kunagi vajasid.<\/strong><\/h2>\n\n\n\n<p>Kui kunagi oli sinu elus hetk, kus sa vajasid toetavat inimest, siis n\u00fc\u00fcd on sul v\u00f5imalus olla see inimene kellelegi teisele. Meie programm annab sulle t\u00f6\u00f6riistad, toe ja kogemused, et olla usaldusisik neile, kes seda k\u00f5ige rohkem vajavad.<\/p>\n\n\n\n<p>Sa oled tugevam, kui arvad. Ja sinu teekond v\u00f5ib aidata teistel oma rada leida. Astu see samm \u2013 liitu usaldusisikute programmiga ja muuda kellegi elu.<\/p>\n<\/div>\n<\/div>\n<\/div>\n<\/div><\/div>\n\n\n\n<div id=\"wp-block-themeisle-blocks-advanced-columns-ebcaae2c\" class=\"wp-block-themeisle-blocks-advanced-columns alignfull has-2-columns has-desktop-equal-layout has-tablet-equal-layout has-mobile-collapsedRows-layout has-vertical-unset has-light-bg\"><div class=\"wp-block-themeisle-blocks-advanced-columns-overlay\"><\/div><div class=\"innerblocks-wrap\">\n<div id=\"wp-block-themeisle-blocks-advanced-column-02d86bdf\" class=\"wp-block-themeisle-blocks-advanced-column\">\n<h2 class=\"wp-block-heading wp-block-themeisle-blocks-advanced-heading wp-block-themeisle-blocks-advanced-heading-dbe2f686 has-neve-text-color-color has-text-color has-link-color wp-elements-3498218bda7b0e59641471d525011b38\" id=\"wp-block-themeisle-blocks-advanced-heading-dbe2f686\" style=\"margin-top:0px;font-size:40px\">V\u00f5ta meiega \u00fchendust!<\/h2>\n\n\n\n<p class=\"has-text-color has-link-color wp-elements-f0b907a1d04aa831d4006398fc4307fc\" style=\"color:#1f2025\">\ud83d\udc49 L\u00fchike \u00fclevaade sammudest:<\/p>\n\n\n\n<ol class=\"wp-block-list\">\n<li>Oled valmis toetama ja inspireerima!<\/li>\n\n\n\n<li>V\u00f5ta \u00fchendust meie tiimiga.<\/li>\n\n\n\n<li>Tutvume sinuga ja r\u00e4\u00e4gime programmi eesm\u00e4rkidest.<\/li>\n\n\n\n<li>L\u00e4bid koolituse ja saad vajaliku toetuse.<\/li>\n<\/ol>\n\n\n\n<span id=\"wp-block-themeisle-blocks-advanced-heading-3414b024\" class=\"wp-block-themeisle-blocks-advanced-heading wp-block-themeisle-blocks-advanced-heading-3414b024\"><strong>Iga vestlus v\u00f5ib olla p\u00e4\u00e4ster\u00f5ngas<\/strong>!<\/span>\n\n\n\n<span id=\"wp-block-themeisle-blocks-advanced-heading-9a412ac0\" class=\"wp-block-themeisle-blocks-advanced-heading wp-block-themeisle-blocks-advanced-heading-9a412ac0\"><strong>info@sasuudad.ee<\/strong><\/span>\n\n\n\n<ul class=\"wp-block-social-links is-layout-flex wp-block-social-links-is-layout-flex\"><li class=\"wp-social-link wp-social-link-facebook  wp-block-social-link\"><a href=\"https:\/\/www.facebook.com\/sasuudad\" class=\"wp-block-social-link-anchor\" target=\"_blank\" rel=\"noopener\"><svg width=\"24\" height=\"24\" viewbox=\"0 0 24 24\" version=\"1.1\" xmlns=\"http:\/\/www.w3.org\/2000\/svg\" aria-hidden=\"true\" focusable=\"false\"><path d=\"M12 2C6.5 2 2 6.5 2 12c0 5 3.7 9.1 8.4 9.9v-7H7.9V12h2.5V9.8c0-2.5 1.5-3.9 3.8-3.9 1.1 0 2.2.2 2.2.2v2.5h-1.3c-1.2 0-1.6.8-1.6 1.6V12h2.8l-.4 2.9h-2.3v7C18.3 21.1 22 17 22 12c0-5.5-4.5-10-10-10z\"><\/path><\/svg><span class=\"wp-block-social-link-label screen-reader-text\">Facebook<\/span><\/a><\/li>\n\n<li class=\"wp-social-link wp-social-link-instagram  wp-block-social-link\"><a href=\"https:\/\/www.instagram.com\/sasuudad\" class=\"wp-block-social-link-anchor\" target=\"_blank\" rel=\"noopener\"><svg width=\"24\" height=\"24\" viewbox=\"0 0 24 24\" version=\"1.1\" xmlns=\"http:\/\/www.w3.org\/2000\/svg\" aria-hidden=\"true\" focusable=\"false\"><path d=\"M12,4.622c2.403,0,2.688,0.009,3.637,0.052c0.877,0.04,1.354,0.187,1.671,0.31c0.42,0.163,0.72,0.358,1.035,0.673 c0.315,0.315,0.51,0.615,0.673,1.035c0.123,0.317,0.27,0.794,0.31,1.671c0.043,0.949,0.052,1.234,0.052,3.637 s-0.009,2.688-0.052,3.637c-0.04,0.877-0.187,1.354-0.31,1.671c-0.163,0.42-0.358,0.72-0.673,1.035 c-0.315,0.315-0.615,0.51-1.035,0.673c-0.317,0.123-0.794,0.27-1.671,0.31c-0.949,0.043-1.233,0.052-3.637,0.052 s-2.688-0.009-3.637-0.052c-0.877-0.04-1.354-0.187-1.671-0.31c-0.42-0.163-0.72-0.358-1.035-0.673 c-0.315-0.315-0.51-0.615-0.673-1.035c-0.123-0.317-0.27-0.794-0.31-1.671C4.631,14.688,4.622,14.403,4.622,12 s0.009-2.688,0.052-3.637c0.04-0.877,0.187-1.354,0.31-1.671c0.163-0.42,0.358-0.72,0.673-1.035 c0.315-0.315,0.615-0.51,1.035-0.673c0.317-0.123,0.794-0.27,1.671-0.31C9.312,4.631,9.597,4.622,12,4.622 M12,3 C9.556,3,9.249,3.01,8.289,3.054C7.331,3.098,6.677,3.25,6.105,3.472C5.513,3.702,5.011,4.01,4.511,4.511 c-0.5,0.5-0.808,1.002-1.038,1.594C3.25,6.677,3.098,7.331,3.054,8.289C3.01,9.249,3,9.556,3,12c0,2.444,0.01,2.751,0.054,3.711 c0.044,0.958,0.196,1.612,0.418,2.185c0.23,0.592,0.538,1.094,1.038,1.594c0.5,0.5,1.002,0.808,1.594,1.038 c0.572,0.222,1.227,0.375,2.185,0.418C9.249,20.99,9.556,21,12,21s2.751-0.01,3.711-0.054c0.958-0.044,1.612-0.196,2.185-0.418 c0.592-0.23,1.094-0.538,1.594-1.038c0.5-0.5,0.808-1.002,1.038-1.594c0.222-0.572,0.375-1.227,0.418-2.185 C20.99,14.751,21,14.444,21,12s-0.01-2.751-0.054-3.711c-0.044-0.958-0.196-1.612-0.418-2.185c-0.23-0.592-0.538-1.094-1.038-1.594 c-0.5-0.5-1.002-0.808-1.594-1.038c-0.572-0.222-1.227-0.375-2.185-0.418C14.751,3.01,14.444,3,12,3L12,3z M12,7.378 c-2.552,0-4.622,2.069-4.622,4.622S9.448,16.622,12,16.622s4.622-2.069,4.622-4.622S14.552,7.378,12,7.378z M12,15 c-1.657,0-3-1.343-3-3s1.343-3,3-3s3,1.343,3,3S13.657,15,12,15z M16.804,6.116c-0.596,0-1.08,0.484-1.08,1.08 s0.484,1.08,1.08,1.08c0.596,0,1.08-0.484,1.08-1.08S17.401,6.116,16.804,6.116z\"><\/path><\/svg><span class=\"wp-block-social-link-label screen-reader-text\">Instagram<\/span><\/a><\/li>\n\n<li class=\"wp-social-link wp-social-link-tiktok  wp-block-social-link\"><a href=\"https:\/\/www.tiktok.com\/@sasuudad\" class=\"wp-block-social-link-anchor\" target=\"_blank\" rel=\"noopener\"><svg width=\"24\" height=\"24\" viewbox=\"0 0 32 32\" version=\"1.1\" xmlns=\"http:\/\/www.w3.org\/2000\/svg\" aria-hidden=\"true\" focusable=\"false\"><path d=\"M16.708 0.027c1.745-0.027 3.48-0.011 5.213-0.027 0.105 2.041 0.839 4.12 2.333 5.563 1.491 1.479 3.6 2.156 5.652 2.385v5.369c-1.923-0.063-3.855-0.463-5.6-1.291-0.76-0.344-1.468-0.787-2.161-1.24-0.009 3.896 0.016 7.787-0.025 11.667-0.104 1.864-0.719 3.719-1.803 5.255-1.744 2.557-4.771 4.224-7.88 4.276-1.907 0.109-3.812-0.411-5.437-1.369-2.693-1.588-4.588-4.495-4.864-7.615-0.032-0.667-0.043-1.333-0.016-1.984 0.24-2.537 1.495-4.964 3.443-6.615 2.208-1.923 5.301-2.839 8.197-2.297 0.027 1.975-0.052 3.948-0.052 5.923-1.323-0.428-2.869-0.308-4.025 0.495-0.844 0.547-1.485 1.385-1.819 2.333-0.276 0.676-0.197 1.427-0.181 2.145 0.317 2.188 2.421 4.027 4.667 3.828 1.489-0.016 2.916-0.88 3.692-2.145 0.251-0.443 0.532-0.896 0.547-1.417 0.131-2.385 0.079-4.76 0.095-7.145 0.011-5.375-0.016-10.735 0.025-16.093z\" \/><\/svg><span class=\"wp-block-social-link-label screen-reader-text\">TikTok<\/span><\/a><\/li><\/ul>\n<\/div>\n\n\n\n<div id=\"wp-block-themeisle-blocks-advanced-column-99e1169d\" class=\"wp-block-themeisle-blocks-advanced-column\">\n<div id=\"wp-block-themeisle-blocks-form-4460aba6\" class=\"wp-block-themeisle-blocks-form\" data-option-name=\"bf9b28ff82ce323187abc5d0feb0d8f07ecd8436_4460aba6\"><form class=\"otter-form__container\" action=\"\">\n<div id=\"wp-block-themeisle-blocks-form-input-1fa5a8b7\" class=\"wp-block-themeisle-blocks-form-input\"><label for=\"wp-block-themeisle-blocks-form-input-1fa5a8b7-input\" class=\"otter-form-input-label\"><span class=\"otter-form-input-label__label\">Name<\/span><\/label><input type=\"text\" id=\"wp-block-themeisle-blocks-form-input-1fa5a8b7-input\" placeholder=\"Sinu nimi\" class=\"otter-form-input\"\/><\/div>\n\n\n\n<div id=\"wp-block-themeisle-blocks-form-input-9a639ae0\" class=\"wp-block-themeisle-blocks-form-input\"><label for=\"wp-block-themeisle-blocks-form-input-9a639ae0-input\" class=\"otter-form-input-label\"><span class=\"otter-form-input-label__label\">E-mail<\/span><span class=\"required\">*<\/span><\/label><input type=\"email\" id=\"wp-block-themeisle-blocks-form-input-9a639ae0-input\" required placeholder=\"E-mail aadress\" class=\"otter-form-input\"\/><\/div>\n\n\n\n<div id=\"wp-block-themeisle-blocks-form-input-63399cc3\" class=\"wp-block-themeisle-blocks-form-input\"><label for=\"wp-block-themeisle-blocks-form-input-63399cc3-input\" class=\"otter-form-input-label\"><span class=\"otter-form-input-label__label\">Telefon<\/span><\/label><input type=\"number\" id=\"wp-block-themeisle-blocks-form-input-63399cc3-input\" placeholder=\"Telefoninumber\" class=\"otter-form-input\"\/><\/div>\n\n\n\n<div id=\"wp-block-themeisle-blocks-form-textarea-7209dff5\" class=\"wp-block-themeisle-blocks-form-textarea\"><label for=\"wp-block-themeisle-blocks-form-textarea-7209dff5-input\" class=\"otter-form-textarea-label\"><span class=\"otter-form-textarea-label__label\">Message<\/span><span class=\"required\">*<\/span><\/label><textarea id=\"wp-block-themeisle-blocks-form-textarea-7209dff5-input\" required placeholder=\"Kirjuta l\u00fchidalt endast\" rows=\"10\" class=\"otter-form-textarea-input\"><\/textarea><\/div>\n\n\n<div class=\"protection\" aria-hidden=\"true\"><input type=\"hidden\" id=\"wp-block-themeisle-blocks-form-4460aba6_nonce_field\" name=\"wp-block-themeisle-blocks-form-4460aba6_nonce_field\" value=\"bcf1f15a6e\" \/><input type=\"hidden\" name=\"_wp_http_referer\" value=\"\/en_us\/wp-json\/wp\/v2\/pages\/1778\" \/><input class=\"o-anti-bot\" type=\"checkbox\"><\/div><div class=\"wp-block-button\"><button class=\"wp-block-button__link\" type=\"submit\">Saada<\/button><\/div><input type=\"hidden\" name=\"trp-form-language\" value=\"en_us\"\/><\/form><\/div>\n<\/div>\n<\/div><\/div>\n\n\n\n<h2 class=\"wp-block-heading has-large-font-size\"><strong>Korduma kippuvad k\u00fcsimused:<\/strong><br><br><strong>Kes saab usaldusisikuks?<\/strong><\/h2>\n\n\n\n<p>Usaldusisikuks saab inimene, kes soovib pakkuda tuge noorele ning olla tema jaoks olemas. Sa ei pea olema professionaal \u2013 oluline on hoolivus, avatud meel ja valmisolek koos \u00f5ppida.<\/p>\n\n\n\n<h2 class=\"wp-block-heading has-large-font-size\"><strong>Kas ma vajan erioskusi?<\/strong><\/h2>\n\n\n\n<p>Ei, erioskused pole vajalikud! K\u00f5ik olulised teadmised ja oskused saad koolituselt. Oluline on siiras soov aidata ning valmisolek jagada oma aega ja t\u00e4helepanu.<\/p>\n\n\n\n<h2 class=\"wp-block-heading has-large-font-size\"><strong>Kui palju see aega v\u00f5tab?<\/strong><\/h2>\n\n\n\n<p>Programm kestab 12 kuud:<\/p>\n\n\n\n<ul class=\"wp-block-list\">\n<li>Esimesed <strong>6 kuud<\/strong> toimub koolitus, mis valmistab sind usaldusisikuks.<\/li>\n\n\n\n<li>J\u00e4rgmised <strong>6 kuud<\/strong> oled noorele usaldusisikuks, pakkudes talle tuge ja olles tema jaoks olemas.<\/li>\n<\/ul>\n\n\n\n<p>Koolitus ja tugi k\u00e4ivad kogu programmi v\u00e4ltel.<\/p>\n\n\n\n<h2 class=\"wp-block-heading has-large-font-size\"><strong>Mida ma sellest saan?<\/strong><\/h2>\n\n\n\n<ul class=\"wp-block-list\">\n<li><strong>Pideva toe ja juhendamise<\/strong> kogu programmi jooksul.<\/li>\n<\/ul>\n\n\n\n<ul class=\"wp-block-list\">\n<li><strong>Oskuseid<\/strong>, mis tulevad kasuks ka sinu isiklikus elus ja karj\u00e4\u00e4ris.<\/li>\n<\/ul>\n\n\n\n<ul class=\"wp-block-list\">\n<li><strong>Laheda kogukonna<\/strong>, kus saad jagada kogemusi ja leida uusi tuttavaid.<\/li>\n<\/ul>\n\n\n\n<ul class=\"wp-block-list\">\n<li>Ja mis peamine \u2013 <strong>tunde, et teed midagi t\u00f5eliselt t\u00e4hendusrikast!<\/strong><\/li>\n<\/ul>\n\n\n\n<p><\/p>","protected":false},"excerpt":{"rendered":"<p>Korduma kippuvad k\u00fcsimused: Kes saab usaldusisikuks? Usaldusisikuks saab inimene, kes soovib pakkuda tuge noorele ning olla tema jaoks olemas. Sa ei pea olema professionaal \u2013 oluline on hoolivus, avatud meel ja valmisolek koos \u00f5ppida. Kas ma vajan erioskusi? Ei, erioskused pole vajalikud! K\u00f5ik olulised teadmised ja oskused saad koolituselt. Oluline on siiras soov aidata ning&hellip;&nbsp;<a href=\"https:\/\/www.sasuudad.ee\/en_us\/usaldusisik\/\" rel=\"bookmark\">Read More &raquo;<span class=\"screen-reader-text\"><\/span><\/a><\/p>","protected":false},"author":2,"featured_media":0,"parent":0,"menu_order":0,"comment_status":"closed","ping_status":"closed","template":"","meta":{"neve_meta_sidebar":"","neve_meta_container":"","neve_meta_enable_content_width":"","neve_meta_content_width":0,"neve_meta_title_alignment":"","neve_meta_author_avatar":"","neve_post_elements_order":"","neve_meta_disable_header":"","neve_meta_disable_footer":"","neve_meta_disable_title":"","_themeisle_gutenberg_block_has_review":false,"footnotes":""},"class_list":["post-1778","page","type-page","status-publish","hentry"],"_links":{"self":[{"href":"https:\/\/www.sasuudad.ee\/en_us\/wp-json\/wp\/v2\/pages\/1778","targetHints":{"allow":["GET"]}}],"collection":[{"href":"https:\/\/www.sasuudad.ee\/en_us\/wp-json\/wp\/v2\/pages"}],"about":[{"href":"https:\/\/www.sasuudad.ee\/en_us\/wp-json\/wp\/v2\/types\/page"}],"author":[{"embeddable":true,"href":"https:\/\/www.sasuudad.ee\/en_us\/wp-json\/wp\/v2\/users\/2"}],"replies":[{"embeddable":true,"href":"https:\/\/www.sasuudad.ee\/en_us\/wp-json\/wp\/v2\/comments?post=1778"}],"version-history":[{"count":11,"href":"https:\/\/www.sasuudad.ee\/en_us\/wp-json\/wp\/v2\/pages\/1778\/revisions"}],"predecessor-version":[{"id":1791,"href":"https:\/\/www.sasuudad.ee\/en_us\/wp-json\/wp\/v2\/pages\/1778\/revisions\/1791"}],"wp:attachment":[{"href":"https:\/\/www.sasuudad.ee\/en_us\/wp-json\/wp\/v2\/media?parent=1778"}],"curies":[{"name":"wp","href":"https:\/\/api.w.org\/{rel}","templated":true}]}}