{"id":2036,"date":"2025-03-31T11:23:27","date_gmt":"2025-03-31T11:23:27","guid":{"rendered":"https:\/\/www.sasuudad.ee\/?page_id=2036"},"modified":"2025-10-22T07:54:15","modified_gmt":"2025-10-22T07:54:15","slug":"tellimused","status":"publish","type":"page","link":"https:\/\/www.sasuudad.ee\/en_us\/tellimused\/","title":{"rendered":"Order \"Sa Suudad\" hoodies"},"content":{"rendered":"\n<div id=\"wp-block-themeisle-blocks-slider-100165ea\" class=\"wp-block-themeisle-blocks-slider glide\" data-per-view=\"2\" data-gap=\"0\" data-peek=\"0\" data-autoplay=\"3000\" data-height=\"350px\" data-hide-arrows=\"false\"><div class=\"glide__track\" data-glide-el=\"track\"><div class=\"glide__slides\"><div class=\"wp-block-themeisle-blocks-slider-item-wrapper glide__slide\" tabindex=\"0\"><figure><img decoding=\"async\" class=\"wp-block-themeisle-blocks-slider-item\" src=\"https:\/\/www.sasuudad.ee\/wp-content\/uploads\/2025\/03\/448175064_122138228234251192_1075395077007795832_n.avif\" alt=\"\" title=\"\" data-id=\"2066\"\/><\/figure><\/div><div class=\"wp-block-themeisle-blocks-slider-item-wrapper glide__slide\" tabindex=\"0\"><figure><img decoding=\"async\" class=\"wp-block-themeisle-blocks-slider-item\" src=\"https:\/\/www.sasuudad.ee\/wp-content\/uploads\/2024\/09\/DSC_6762-scaled.jpg\" alt=\"\" title=\"\" data-id=\"1406\"\/><\/figure><\/div><div class=\"wp-block-themeisle-blocks-slider-item-wrapper glide__slide\" tabindex=\"0\"><figure><img decoding=\"async\" class=\"wp-block-themeisle-blocks-slider-item\" src=\"https:\/\/www.sasuudad.ee\/wp-content\/uploads\/2024\/04\/436226640_2495988303920202_4491462863490071306_n-e1717243529794.jpg\" alt=\"\" title=\"\" data-id=\"707\"\/><\/figure><\/div><\/div><div class=\"glide__bullets\" data-glide-el=\"controls[nav]\"><button class=\"glide__bullet\" data-glide-dir=\"=0\"><\/button><button class=\"glide__bullet\" data-glide-dir=\"=1\"><\/button><button class=\"glide__bullet\" data-glide-dir=\"=2\"><\/button><\/div><\/div><\/div>\n\n\n\n<p><br>Sa Suudad pusad \u2013 soe valik, millel on t\u00e4hendus<\/p>\n\n\n\n<p><strong>Soojad. Pehmed. Inspireerivad.<\/strong><br>Sa Suudad pusa ei ole lihtsalt riideese \u2013 see on s\u00f5num. S\u00f5num, et usud nii endasse kui noortesse. <br><br><strong>Iga ost toetab noori, kes vajavad tuge, m\u00f5istmist ja uusi v\u00f5imalusi.<\/strong>  V\u00e4ike osa iga m\u00fc\u00fcgist l\u00e4heb otse MT\u00dc Sa Suudad tegevustesse, mis aitavad noortel kogeda usaldust, kuuluvust ja hoolimist.<\/p>\n\n\n\n<p>Pusade eest saab tasuda MT\u00dc Sa Suudad pangakontole. Tellimuse staatuse ja tarneinfo saadame Sulle e-kirja teel. <br><br>Koos tellimusega tee palun kohe \u00fclekanne MT\u00dc kontole, saadame sulle ka arve. <br><br>LHV: EE587700771010145417<br>Saaja: Mittetulundus\u00fching Sa Suudad<strong><br><\/strong>Selgitus: Pusa tellimus (ees- ja perekonnanimi)<br>Hind: <strong>45 eurot<\/strong> (sisaldab postikulu)<br><em>NB! V\u00f5id alati maksta ka rohkem, k\u00f5ik lisa l\u00e4heb MT\u00dc tegevuste katmiseks.<\/em><br><br>Muide &#8211; kui soovid osta korraga rohkem kui 1 pusa, siis v\u00f5ta meiega \u00fchendust info@sasuudad.ee \ud83d\ude42<\/p>\n\n\n<style id=\"wpforms-css-vars-2037-block-b037c2b5-be77-470c-a66c-68b226f54fa3\">\n\t\t\t\t#wpforms-2037.wpforms-block-b037c2b5-be77-470c-a66c-68b226f54fa3 {\n\t\t\t\t--wpforms-field-size-input-height: 43px;\n--wpforms-field-size-input-spacing: 15px;\n--wpforms-field-size-font-size: 16px;\n--wpforms-field-size-line-height: 19px;\n--wpforms-field-size-padding-h: 14px;\n--wpforms-field-size-checkbox-size: 16px;\n--wpforms-field-size-sublabel-spacing: 5px;\n--wpforms-field-size-icon-size: 1;\n--wpforms-label-size-font-size: 16px;\n--wpforms-label-size-line-height: 19px;\n--wpforms-label-size-sublabel-font-size: 14px;\n--wpforms-label-size-sublabel-line-height: 17px;\n--wpforms-button-size-font-size: 17px;\n--wpforms-button-size-height: 41px;\n--wpforms-button-size-padding-h: 15px;\n--wpforms-button-size-margin-top: 10px;\n\t\t\t}\n\t\t\t<\/style><div class=\"wpforms-container wpforms-container-full wpforms-block wpforms-block-b037c2b5-be77-470c-a66c-68b226f54fa3 wpforms-render-modern\" id=\"wpforms-2037\"><form id=\"wpforms-form-2037\" class=\"wpforms-validate wpforms-form wpforms-ajax-form\" data-formid=\"2037\" method=\"post\" enctype=\"multipart\/form-data\" action=\"\/en_us\/wp-json\/wp\/v2\/pages\/2036\" data-token=\"35cd172e823379ee7bebeaf34311d7e1\" data-token-time=\"1777657764\"><noscript class=\"wpforms-error-noscript\">Please enable JavaScript in your browser to complete this form.<\/noscript><div id=\"wpforms-error-noscript\" style=\"display: none;\">Please enable JavaScript in your browser to complete this form.<\/div><div class=\"wpforms-field-container\">\t\t<div id=\"wpforms-2037-field_6-container\"\n\t\t\tclass=\"wpforms-field wpforms-field-text\"\n\t\t\tdata-field-type=\"text\"\n\t\t\tdata-field-id=\"6\"\n\t\t\t>\n\t\t\t<label class=\"wpforms-field-label\" for=\"wpforms-2037-field_6\" >Kommentaar\/postiaadress: Ees- number<\/label>\n\t\t\t<input type=\"text\" id=\"wpforms-2037-field_6\" class=\"wpforms-field-medium\" name=\"wpforms[fields][6]\" >\n\t\t<\/div>\n\t\t<div id=\"wpforms-2037-field_1-container\" class=\"wpforms-field wpforms-field-name\" data-field-id=\"1\"><label class=\"wpforms-field-label\" for=\"wpforms-2037-field_1\">Ees- ja perekonnanimi <span class=\"wpforms-required-label\" aria-hidden=\"true\">*<\/span><\/label><input type=\"text\" id=\"wpforms-2037-field_1\" class=\"wpforms-field-medium wpforms-field-required\" name=\"wpforms[fields][1]\" aria-errormessage=\"wpforms-2037-field_1-error\" required><\/div><div id=\"wpforms-2037-field_4-container\" class=\"wpforms-field wpforms-field-select wpforms-field-select-style-classic\" data-field-id=\"4\"><label class=\"wpforms-field-label\" for=\"wpforms-2037-field_4\">Mis suuruses pusa soovid? <span class=\"wpforms-required-label\" aria-hidden=\"true\">*<\/span><\/label><select id=\"wpforms-2037-field_4\" class=\"wpforms-field-medium wpforms-field-required\" name=\"wpforms[fields][4]\" required=\"required\"><option value=\"XS\"  class=\"choice-1 depth-1\"  >XS<\/option><option value=\"S\"  class=\"choice-2 depth-1\"  >S<\/option><option value=\"M\"  class=\"choice-3 depth-1\"  >M<\/option><option value=\"L\"  class=\"choice-4 depth-1\"  >L<\/option><option value=\"XL\"  class=\"choice-5 depth-1\"  >XL<\/option><option value=\"XXL\"  class=\"choice-6 depth-1\"  >XXL<\/option><\/select><div id=\"wpforms-2037-field_4-description\" class=\"wpforms-field-description\">Vali, millises suuruses pusa soovid.<\/div><\/div><div id=\"wpforms-2037-field_2-container\" class=\"wpforms-field wpforms-field-email\" data-field-id=\"2\"><label class=\"wpforms-field-label\" for=\"wpforms-2037-field_2\">E-mail <span class=\"wpforms-required-label\" aria-hidden=\"true\">*<\/span><\/label><input type=\"email\" id=\"wpforms-2037-field_2\" class=\"wpforms-field-medium wpforms-field-required\" name=\"wpforms[fields][2]\" spellcheck=\"false\" aria-errormessage=\"wpforms-2037-field_2-error\" aria-describedby=\"wpforms-2037-field_2-description\" required><div id=\"wpforms-2037-field_2-description\" class=\"wpforms-field-description\">Anname e-mailile teada, millal pusa saabub ning kuidas k\u00e4tte saada. <\/div><\/div><div id=\"wpforms-2037-field_5-container\" class=\"wpforms-field wpforms-field-number\" data-field-id=\"5\"><label class=\"wpforms-field-label\" for=\"wpforms-2037-field_5\">Telefoni number <span class=\"wpforms-required-label\" aria-hidden=\"true\">*<\/span><\/label><input type=\"number\" id=\"wpforms-2037-field_5\" class=\"wpforms-field-medium wpforms-field-required\" name=\"wpforms[fields][5]\" step=\"any\" aria-errormessage=\"wpforms-2037-field_5-error\" aria-describedby=\"wpforms-2037-field_5-description\" required><div id=\"wpforms-2037-field_5-description\" class=\"wpforms-field-description\">Pusade postitamiseks pakiautomaati v\u00f5i kui ei \u00f5nnestu e-maili kaudu k\u00e4tte saada. <\/div><\/div><div id=\"wpforms-2037-field_3-container\" class=\"wpforms-field wpforms-field-textarea\" data-field-id=\"3\"><label class=\"wpforms-field-label\" for=\"wpforms-2037-field_3\">Kommentaar\/postiaadress:  <span class=\"wpforms-required-label\" aria-hidden=\"true\">*<\/span><\/label><textarea id=\"wpforms-2037-field_3\" class=\"wpforms-field-medium wpforms-field-required\" name=\"wpforms[fields][3]\" aria-errormessage=\"wpforms-2037-field_3-error\" aria-describedby=\"wpforms-2037-field_3-description\" required><\/textarea><div id=\"wpforms-2037-field_3-description\" class=\"wpforms-field-description\">Saad j\u00e4tta info postiaadressi kohta. Millisesse postiautomaati saata (Omniva, DPD, Smartposti)<\/div><\/div><script>\n\t\t\t\t( function() {\n\t\t\t\t\tconst style = document.createElement( 'style' );\n\t\t\t\t\tstyle.appendChild( document.createTextNode( '#wpforms-2037-field_6-container { position: absolute !important; overflow: hidden !important; display: inline !important; height: 1px !important; width: 1px !important; z-index: -1000 !important; padding: 0 !important; } #wpforms-2037-field_6-container input { visibility: hidden; } #wpforms-conversational-form-page #wpforms-2037-field_6-container label { counter-increment: none; }' ) );\n\t\t\t\t\tdocument.head.appendChild( style );\n\t\t\t\t\tdocument.currentScript?.remove();\n\t\t\t\t} )();\n\t\t\t<\/script><\/div><!-- .wpforms-field-container --><div class=\"wpforms-submit-container\" ><input type=\"hidden\" name=\"wpforms[id]\" value=\"2037\"><input type=\"hidden\" name=\"page_title\" value=\"\"><input type=\"hidden\" name=\"page_url\" value=\"https:\/\/www.sasuudad.ee\/en_us\/wp-json\/wp\/v2\/pages\/2036\"><input type=\"hidden\" name=\"url_referer\" value=\"\"><button type=\"submit\" name=\"wpforms[submit]\" id=\"wpforms-submit-2037\" class=\"wpforms-submit\" data-alt-text=\"Saatmisel..\" data-submit-text=\"SAADA TELLIMUS\" aria-live=\"assertive\" value=\"wpforms-submit\">SAADA TELLIMUS<\/button><img loading=\"lazy\" decoding=\"async\" src=\"https:\/\/www.sasuudad.ee\/wp-content\/plugins\/wpforms-lite\/assets\/images\/submit-spin.svg\" class=\"wpforms-submit-spinner\" style=\"display: none;\" width=\"26\" height=\"26\" alt=\"Loading\"><\/div><\/form><\/div>  <!-- .wpforms-container -->\n\n\n<p>Pusade disaini- ja tootmispartner on Kapasore O\u00dc! Suured t\u00e4nud!  <a href=\"https:\/\/kapasore.ee\/ \" target=\"_blank\" rel=\"noopener\">https:\/\/kapasore.ee\/ <\/a><\/p>\n\n\n\n<figure class=\"wp-block-image size-full is-resized\"><img loading=\"lazy\" decoding=\"async\" width=\"592\" height=\"443\" src=\"https:\/\/www.sasuudad.ee\/wp-content\/uploads\/2024\/11\/Kapasore-2-transparent-8.png\" alt=\"\" class=\"wp-image-1629\" style=\"width:205px;height:auto\" srcset=\"https:\/\/www.sasuudad.ee\/wp-content\/uploads\/2024\/11\/Kapasore-2-transparent-8.png 592w, https:\/\/www.sasuudad.ee\/wp-content\/uploads\/2024\/11\/Kapasore-2-transparent-8-300x224.png 300w, https:\/\/www.sasuudad.ee\/wp-content\/uploads\/2024\/11\/Kapasore-2-transparent-8-16x12.png 16w\" sizes=\"auto, (max-width: 592px) 100vw, 592px\" \/><\/figure>\n\n\n\n<hr class=\"wp-block-separator has-alpha-channel-opacity\"\/>\n","protected":false},"excerpt":{"rendered":"<p>Sa Suudad pusad \u2013 soe valik, millel on t\u00e4hendus Soojad. Pehmed. Inspireerivad.Sa Suudad pusa ei ole lihtsalt riideese \u2013 see on s\u00f5num. S\u00f5num, et usud nii endasse kui noortesse. Iga ost toetab noori, kes vajavad tuge, m\u00f5istmist ja uusi v\u00f5imalusi. V\u00e4ike osa iga m\u00fc\u00fcgist l\u00e4heb otse MT\u00dc Sa Suudad tegevustesse, mis aitavad noortel kogeda usaldust,&hellip;&nbsp;<a href=\"https:\/\/www.sasuudad.ee\/en_us\/tellimused\/\" rel=\"bookmark\">Read More &raquo;<span class=\"screen-reader-text\">Order \"Sa Suudad\" hoodies<\/span><\/a><\/p>","protected":false},"author":2,"featured_media":0,"parent":0,"menu_order":0,"comment_status":"closed","ping_status":"closed","template":"","meta":{"neve_meta_sidebar":"","neve_meta_container":"","neve_meta_enable_content_width":"","neve_meta_content_width":0,"neve_meta_title_alignment":"","neve_meta_author_avatar":"","neve_post_elements_order":"","neve_meta_disable_header":"","neve_meta_disable_footer":"","neve_meta_disable_title":"","_themeisle_gutenberg_block_has_review":false,"footnotes":""},"class_list":["post-2036","page","type-page","status-publish","hentry"],"_links":{"self":[{"href":"https:\/\/www.sasuudad.ee\/en_us\/wp-json\/wp\/v2\/pages\/2036","targetHints":{"allow":["GET"]}}],"collection":[{"href":"https:\/\/www.sasuudad.ee\/en_us\/wp-json\/wp\/v2\/pages"}],"about":[{"href":"https:\/\/www.sasuudad.ee\/en_us\/wp-json\/wp\/v2\/types\/page"}],"author":[{"embeddable":true,"href":"https:\/\/www.sasuudad.ee\/en_us\/wp-json\/wp\/v2\/users\/2"}],"replies":[{"embeddable":true,"href":"https:\/\/www.sasuudad.ee\/en_us\/wp-json\/wp\/v2\/comments?post=2036"}],"version-history":[{"count":20,"href":"https:\/\/www.sasuudad.ee\/en_us\/wp-json\/wp\/v2\/pages\/2036\/revisions"}],"predecessor-version":[{"id":2823,"href":"https:\/\/www.sasuudad.ee\/en_us\/wp-json\/wp\/v2\/pages\/2036\/revisions\/2823"}],"wp:attachment":[{"href":"https:\/\/www.sasuudad.ee\/en_us\/wp-json\/wp\/v2\/media?parent=2036"}],"curies":[{"name":"wp","href":"https:\/\/api.w.org\/{rel}","templated":true}]}}