{"id":2319,"date":"2025-05-07T07:15:23","date_gmt":"2025-05-07T07:15:23","guid":{"rendered":"https:\/\/www.sasuudad.ee\/?page_id=2319"},"modified":"2025-05-07T07:42:38","modified_gmt":"2025-05-07T07:42:38","slug":"isikuandmete-tootlemine","status":"publish","type":"page","link":"https:\/\/www.sasuudad.ee\/en_us\/isikuandmete-tootlemine\/","title":{"rendered":"MT\u00dc Sa Suudad isikuandmete t\u00f6\u00f6tlemine"},"content":{"rendered":"<p>MT\u00dc Sa Suudad (edaspidi \u201eMT\u00dc\u201c) t\u00f6\u00f6tleb isikuandmeid seaduslikult, eesm\u00e4rgip\u00e4raselt ja l\u00e4bipaistvalt, koosk\u00f5las Euroopa Liidu isikuandmete kaitse \u00fcldm\u00e4\u00e4ruse (EL) 2016\/679 (edaspidi GDPR), isikuandmete kaitse seaduse ja muude kohaldatavate \u00f5igusaktidega.<\/p>\n\n\n\n<p>Teeme k\u00f5ik meist oleneva, et sisemise t\u00f6\u00f6korraldusega tagada isikute eraelu puutumatus ning l\u00e4htume isikuandmete t\u00f6\u00f6tlemisel l\u00e4bipaistvuse ja minimaalsuse p\u00f5him\u00f5tetest. Samade p\u00f5him\u00f5tete j\u00e4rgmist n\u00f5uame ka oma koost\u00f6\u00f6partneritelt.<\/p>\n\n\n\n<p><strong>Enamkasutatavad m\u00f5isted isikuandmete kaitses:<\/strong><\/p>\n\n\n\n<ul class=\"wp-block-list\">\n<li><strong>Andmesubjekt<\/strong> on tuvastatud v\u00f5i tuvastatav f\u00fc\u00fcsiline isik, kelle isikuandmeid t\u00f6\u00f6deldakse.<\/li>\n\n\n\n<li><strong>Isikuandmed<\/strong> on igasugune teave andmesubjekti kohta, sh nimi, isikukood, kontaktandmed, arvuti IP-aadress.<\/li>\n\n\n\n<li><strong>Processing of personal data<\/strong> on isikuandmetega tehtavad toimingud, sh kogumine, s\u00e4ilitamine, kasutamine, muutmine, kustutamine.<\/li>\n\n\n\n<li><strong>N\u00f5usolek<\/strong> \u2013 andmesubjekti vabatahtlik, teadlik ja \u00fchem\u00f5tteline tahteavaldus, millega ta n\u00f5ustub oma isikuandmete t\u00f6\u00f6tlemisega.<\/li>\n\n\n\n<li><strong>Vastutav t\u00f6\u00f6tleja <\/strong>on f\u00fc\u00fcsiline v\u00f5i juriidiline isik, kes m\u00e4\u00e4rab isikuandmete t\u00f6\u00f6tlemise eesm\u00e4rgid ja vahendid.<\/li>\n\n\n\n<li><strong>Volitatud t\u00f6\u00f6tleja<\/strong> on f\u00fc\u00fcsiline v\u00f5i juriidiline isik, kes t\u00f6\u00f6tleb isikuandmeid vastutava t\u00f6\u00f6tleja nimel.<\/li>\n\n\n\n<li><strong>Kolmas isik<\/strong> on f\u00fc\u00fcsiline v\u00f5i juriidiline isik, kes ei ole andmesubjekt, vastutav t\u00f6\u00f6tleja, volitatud t\u00f6\u00f6tleja ega nimetatud isikute t\u00f6\u00f6taja.<\/li>\n<\/ul>\n\n\n\n<p><strong>Andmekaitsetingimused isikuandmete t\u00f6\u00f6tlemisel<\/strong><\/p>\n\n\n\n<p>Eraisikust kirja saatja v\u00f5i saaja nime, kontaktandmeid ja muud isiku identifitseerimist v\u00f5imaldavat infot me ei avalikusta. Vastusdokumendi isikule k\u00e4ttetoimetamine toimub e-posti teel (e-kirju ei kr\u00fcpteerita) ning posti teel liht- v\u00f5i t\u00e4hitud kirjana (postirisk on postiteenuse osutajal ja kirja saajal) v\u00f5i isiklikult \u00fcleantuna, juhul kui isik tuleb kirjale kohapeale j\u00e4rele. Tavap\u00e4rane kirjavahetus toimub kr\u00fcpteerimata e-posti teel. Tundliku iseloomuga teabe edastamisel palume eelnevalt meiega kokku leppida turvalisem edastusviis. Dokumendi k\u00e4tte toimetamiseks kasutatakse aadressiandmeid, mida on isikud ise meile avaldanud v\u00f5i mille isik on ise ilmselgelt mujal avalikus ruumis (nt veebis) avalikustanud.<\/p>\n\n\n\n<ul class=\"wp-block-list\">\n<li><strong>P\u00f6\u00f6rdumine selgitustaotluse, m\u00e4rgukirja, teaben\u00f5ude, taotluse v\u00f5i avaldusega<\/strong><\/li>\n<\/ul>\n\n\n\n<p>Antud juhul on isikuandmete t\u00f6\u00f6tlemise aluseks p\u00f6\u00f6rduja enda algatus. Vastamiseks teeme vajadusel t\u00e4iendavaid j\u00e4relp\u00e4rimisi, kuid avaldame meile usaldatud isikuandmeid \u00fcksnes minimaalses ulatuses, mis on eesm\u00e4rgi t\u00e4itmiseks vajalik.<\/p>\n\n\n\n<ul class=\"wp-block-list\">\n<li><strong>Kaebuse v\u00f5i vaide esitamine<\/strong><\/li>\n<\/ul>\n\n\n\n<p>Kasutame meile kaebuse v\u00f5i vaidega teatavaks saanud isikuandmeid ainult nimetatud asja lahendamiseks. Teisele osapoolele avaldame kaebuse v\u00f5i vaide esitaja isikuandmeid \u00fcksnes minimaalselt, asja lahendamiseks h\u00e4davajalikus mahus.<\/p>\n\n\n\n<p>Teise asutuse p\u00e4devuses oleva kaebus v\u00f5i vaie edastatakse vastavale asutusele ja edastamisest teavitatakse kaebuse v\u00f5i vaide esitajat.<\/p>\n\n\n\n<ul class=\"wp-block-list\">\n<li><strong>\u00dcritustele registreerimine, k\u00fcsitlusetel osalemine v\u00f5i telefoni teel MT\u00dc poole p\u00f6\u00f6rdumine<\/strong><\/li>\n<\/ul>\n\n\n\n<p>\u00dcritustele registreerimisel t\u00f6\u00f6tleme isikuandmeid \u00fcritusel osalejate nimekirja koostamiseks ja vajadusel registreerijaga \u00fchenduse v\u00f5tmiseks.<\/p>\n\n\n\n<p>K\u00fcsitlusel osalemisel avaldatakse andmeid statistika tegemise eesm\u00e4rgil \u00fcksnes isikustamata kujul. K\u00fcsitluste puhul, millele vastajate vahel loositakse v\u00e4lja auhindu, t\u00f6\u00f6tleme isikuandmeid vastajaga \u00fchenduse v\u00f5tmiseks.<\/p>\n\n\n\n<p>Infotelefonile helistamisel t\u00f6\u00f6tleme isikuandmeid \u00fcksnes helistaja poolt avaldatud ulatuses helistajale info andmise eesm\u00e4rgil. MT\u00dc\u2019le tehtud telefonik\u00f5nesid ei salvestata.<\/p>\n\n\n\n<ul class=\"wp-block-list\">\n<li><strong>T\u00f6\u00f6le ja vabatahtlikuks abiliseks kandideerimine<\/strong><\/li>\n<\/ul>\n\n\n\n<p>Usaldusisikuks ja vabatahtlikuks abiliseks kandideerimisel t\u00f6\u00f6tleme kandideerija enda poolt meile antud v\u00f5i avalikes allikates avaldatud isikuandmeid, et hinnata kandideerija sobivust. Kandideerijal on \u00f5igus saadud teabega tutvuda ja esitada omapoolsed selgitused v\u00f5i vastuv\u00e4ited.<\/p>\n\n\n\n<p>Eeldame, et kandideerimisdokumentides esitatud soovitajad on andnud n\u00f5usoleku enda poole p\u00f6\u00f6rduda kandideerija kohta teabe saamiseks ja kandideerija on soovitajatele andnud n\u00f5usoleku enda kohta k\u00e4ivatele k\u00fcsimustele vastamiseks. Kandideerija vastutab selle eest, et soovitajad on andnud teadliku n\u00f5usoleku nende poole p\u00f6\u00f6rdumiseks ja isikuandmete t\u00f6\u00f6tlemiseks soovituse k\u00fcsimise eesm\u00e4rgil.<\/p>\n\n\n\n<p><strong>Andmete s\u00e4ilitamine<\/strong><\/p>\n\n\n\n<p>S\u00e4ilitust\u00e4htajad s\u00f5ltuvad t\u00f6\u00f6tlemise eesm\u00e4rgist ja dokumendi liigist ning on m\u00e4\u00e4ratud vastavalt kehtivale \u00f5igusaktile v\u00f5i MT\u00dc sisekorrareeglitele. T\u00e4psemat teavet s\u00e4ilitust\u00e4htaegade kohta saab k\u00fcsida aadressil <a class=\"\">info@sasuudad.ee<\/a>.<\/p>\n\n\n\n<p>S\u00e4ilitust\u00e4htaja m\u00f6\u00f6dumisel v\u00f5i eesm\u00e4rgi t\u00e4itmisel dokumendid h\u00e4vitatakse.<\/p>\n\n\n\n<p><strong>Isikuandmete t\u00f6\u00f6tlemisega seoses v\u00f5ib andmesubjekt:<\/strong><\/p>\n\n\n\n<ul class=\"wp-block-list\">\n<li>saada MT\u00dc\u2019lt teavet enda isikuandmete t\u00f6\u00f6tlemise kohta, sh t\u00f6\u00f6tlemise eesm\u00e4rkide ja andmete edastamise kohta.<\/li>\n\n\n\n<li>n\u00f5uda enda eba\u00f5igete isikuandmete parandamist, mittet\u00e4ielike andmete t\u00e4iendamist, isikuandmete t\u00f6\u00f6tlemise piiramist vastavalt \u00f5igusaktidele.<\/li>\n\n\n\n<li>Andmesubjektil on \u00f5igus esitada vastuv\u00e4iteid oma andmete t\u00f6\u00f6tlemisele, kui andmeid t\u00f6\u00f6deldakse \u00f5igustatud huvi alusel, ja taotleda t\u00f6\u00f6tlemise piiramist v\u00f5i l\u00f5petamist, kui selleks puudub seaduslik alus<\/li>\n\n\n\n<li>n\u00f5uda teda k\u00e4sitlevate isikuandmete kustutamist, v\u00e4ljaarvatud juhul, kui MT\u00dc\u2019l on \u00f5iguslik alus nende isikuandmete s\u00e4ilitamiseks ja t\u00f6\u00f6tlemiseks.<\/li>\n\n\n\n<li>saada teavet tema isikuandmetega seotud rikkumistest, kui rikkumine kujutab endast t\u00f5en\u00e4oliselt suurt ohtu tema \u00f5igustele ja vabadustele.<\/li>\n\n\n\n<li>isikuandmete t\u00f6\u00f6tlemise k\u00fcsimustes p\u00f6\u00f6rduda MT\u00dc poole aadressil <a href=\"mailto:info@sasuudad.ee\">info@sasuudad.ee<\/a><\/li>\n\n\n\n<li>Kui andmesubjekt leiab, et MT\u00dc on isikuandmete t\u00f6\u00f6tlemisel rikkunud tema \u00f5igusi, on tal igal ajal \u00f5igus p\u00f6\u00f6rduda oma \u00f5iguste kaitseks <a href=\"https:\/\/www.aki.ee\/et\" target=\"_blank\" rel=\"noopener\">Andmekaitse Inspektsiooni<\/a> v\u00f5i kohtu poole.<\/li>\n<\/ul>\n\n\n\n<p><strong>Avaandmed ja piiratud juurdep\u00e4\u00e4suga info<\/strong><\/p>\n\n\n\n<p>MT\u00dc kodulehel olevat juurdep\u00e4\u00e4supiiranguta teavet v\u00f5ib iga\u00fcks taaskasutada l\u00e4htudes eetikaprintsiipidest ja kahjustamata andmeallika mainet.<\/p>\n\n\n\n<p>Inimeste kontaktandmete kogumisel annab MT\u00dc andmesubjektile (ehk andmete omanikule) igakordselt v\u00f5imaluse anda selge kinnituse, et andmesubjekt on andmete kogumise eesm\u00e4rgist teadlik, sellega n\u00f5us ja on n\u00f5us enda andmete kasutamisega kogumise aluseks oleva s\u00fcndmuse kirjelduses nimetatud eesm\u00e4rgil.<\/p>\n\n\n\n<p>Inimeste eraelu puutumatuse kaitseks ei avaldata piiratud juurdep\u00e4\u00e4suga teavet avaandmetena. Me ei avalikusta isikuandmeid ilma \u00f5igusliku aluseta.<\/p>\n\n\n\n<p><strong>Viited \u00f5igusaktidele<\/strong>&nbsp;&nbsp;&nbsp;&nbsp;&nbsp;&nbsp;&nbsp;&nbsp;&nbsp;&nbsp;&nbsp;&nbsp;&nbsp;&nbsp;&nbsp;&nbsp;&nbsp;&nbsp;&nbsp;&nbsp;&nbsp;<\/p>\n\n\n\n<ul class=\"wp-block-list\">\n<li><a href=\"https:\/\/www.riigiteataja.ee\/akt\/104012019011\" target=\"_blank\" rel=\"noopener\">Isikuandmete kaitse seadus<\/a><\/li>\n\n\n\n<li><a href=\"https:\/\/www.riigiteataja.ee\/akt\/104072017011?leiaKehtiv\" target=\"_blank\" rel=\"noopener\">Avaliku teabe seadus<\/a><\/li>\n\n\n\n<li><a href=\"https:\/\/eur-lex.europa.eu\/legal-content\/ET\/TXT\/?uri=CELEX%3A32016R0679\" target=\"_blank\" rel=\"noopener\">EL Isikuandmete kaitse \u00fcldm\u00e4\u00e4rus<\/a><\/li>\n<\/ul>","protected":false},"excerpt":{"rendered":"<p>MT\u00dc Sa Suudad (edaspidi \u201eMT\u00dc\u201c) t\u00f6\u00f6tleb isikuandmeid seaduslikult, eesm\u00e4rgip\u00e4raselt ja l\u00e4bipaistvalt, koosk\u00f5las Euroopa Liidu isikuandmete kaitse \u00fcldm\u00e4\u00e4ruse (EL) 2016\/679 (edaspidi GDPR), isikuandmete kaitse seaduse ja muude kohaldatavate \u00f5igusaktidega. Teeme k\u00f5ik meist oleneva, et sisemise t\u00f6\u00f6korraldusega tagada isikute eraelu puutumatus ning l\u00e4htume isikuandmete t\u00f6\u00f6tlemisel l\u00e4bipaistvuse ja minimaalsuse p\u00f5him\u00f5tetest. Samade p\u00f5him\u00f5tete j\u00e4rgmist n\u00f5uame ka oma koost\u00f6\u00f6partneritelt. Enamkasutatavad&hellip;&nbsp;<a href=\"https:\/\/www.sasuudad.ee\/en_us\/isikuandmete-tootlemine\/\" rel=\"bookmark\">Read More &raquo;<span class=\"screen-reader-text\">MT\u00dc Sa Suudad isikuandmete t\u00f6\u00f6tlemine<\/span><\/a><\/p>","protected":false},"author":2,"featured_media":0,"parent":0,"menu_order":0,"comment_status":"closed","ping_status":"closed","template":"","meta":{"neve_meta_sidebar":"","neve_meta_container":"","neve_meta_enable_content_width":"","neve_meta_content_width":0,"neve_meta_title_alignment":"","neve_meta_author_avatar":"","neve_post_elements_order":"","neve_meta_disable_header":"","neve_meta_disable_footer":"","neve_meta_disable_title":"","_themeisle_gutenberg_block_has_review":false,"footnotes":""},"class_list":["post-2319","page","type-page","status-publish","hentry"],"_links":{"self":[{"href":"https:\/\/www.sasuudad.ee\/en_us\/wp-json\/wp\/v2\/pages\/2319","targetHints":{"allow":["GET"]}}],"collection":[{"href":"https:\/\/www.sasuudad.ee\/en_us\/wp-json\/wp\/v2\/pages"}],"about":[{"href":"https:\/\/www.sasuudad.ee\/en_us\/wp-json\/wp\/v2\/types\/page"}],"author":[{"embeddable":true,"href":"https:\/\/www.sasuudad.ee\/en_us\/wp-json\/wp\/v2\/users\/2"}],"replies":[{"embeddable":true,"href":"https:\/\/www.sasuudad.ee\/en_us\/wp-json\/wp\/v2\/comments?post=2319"}],"version-history":[{"count":2,"href":"https:\/\/www.sasuudad.ee\/en_us\/wp-json\/wp\/v2\/pages\/2319\/revisions"}],"predecessor-version":[{"id":2333,"href":"https:\/\/www.sasuudad.ee\/en_us\/wp-json\/wp\/v2\/pages\/2319\/revisions\/2333"}],"wp:attachment":[{"href":"https:\/\/www.sasuudad.ee\/en_us\/wp-json\/wp\/v2\/media?parent=2319"}],"curies":[{"name":"wp","href":"https:\/\/api.w.org\/{rel}","templated":true}]}}