{"id":2461,"date":"2025-05-26T12:32:26","date_gmt":"2025-05-26T12:32:26","guid":{"rendered":"https:\/\/www.sasuudad.ee\/?page_id=2461"},"modified":"2025-09-16T09:56:24","modified_gmt":"2025-09-16T09:56:24","slug":"soovitame-lugeda","status":"publish","type":"page","link":"https:\/\/www.sasuudad.ee\/en_us\/soovitame-lugeda\/","title":{"rendered":"SOOVITAME LUGEDA"},"content":{"rendered":"<div class=\"wp-block-columns is-layout-flex wp-container-core-columns-is-layout-9d6595d7 wp-block-columns-is-layout-flex\">\n<div class=\"wp-block-column is-layout-flow wp-block-column-is-layout-flow\">\n<h2 class=\"wp-block-heading has-text-align-center\"><\/h2>\n\n\n\n<div class=\"wp-block-columns is-layout-flex wp-container-core-columns-is-layout-9d6595d7 wp-block-columns-is-layout-flex\">\n<div class=\"wp-block-column is-layout-flow wp-block-column-is-layout-flow\">\n<p>Siegel, D. J. (2018) &#8220;Ajutorm. Teismelise aju j\u00f5ud ja siht.&#8221;<\/p>\n\n\n\n<p>Filliozat , I, (2018) &#8220;See on hullem, kui ma kartsin! Kuidas l\u00e4bida uste pr\u00f5mmimise periood vanuses 12\u201317.&#8221;<\/p>\n\n\n\n<p>Wolf, A. E., (2012) &#8220;Ma ju kuulaksin oma vanemaid, kui nad suu peaksid.&#8221; <\/p>\n\n\n\n<p>Cassiatore, R. ja Karukivi, M., (2014) &#8220;Talumatud tunded. Hea tunde k\u00e4siraamat noortele.&#8221;<\/p>\n\n\n\n<p>Turkka, H. ja Saarholm, J., (2023) &#8220;Laste ja noorte konfliktid.&#8221;<\/p>\n\n\n\n<p>Aasmaa, Agne-Andra (2024) &#8220;Avatud s\u00fcdamega.&#8221;<\/p>\n\n\n\n<p>Lerner, H. 2020. The Dance of Anger: A Woman's Guide to Changing the Patterns of Intimate Relationships.<\/p>\n\n\n\n<p>Smith, K. (2022) \u201e\u00c4revuse n\u00e4htamatud ahelad\u201c<\/p>\n\n\n\n<p>Gibson, L.C. 2021. Adult Children of Emotionally Immature Parents: How to Heal from Distant, Rejecting, or Self-Involved Parents.<\/p>\n\n\n\n<p>Bruce D. Perry; Oprah Winfrey (2022) &#8220;Mis sinuga juhtus?&#8221;<br><br>Claudia Black (2022) &#8220;Minuga ei l\u00e4he iialgi nii. Lapsep\u00f5lv s\u00f5ltlase peres ja selle m\u00f5ju t\u00e4iskasvanueas&#8221;<\/p>\n\n\n\n<p>Jonice Webb, PhD, Christine Musello, (2022) &#8220;\u00dcksindusse j\u00e4etud&#8221;<\/p>\n\n\n\n<p>Bolzmann, T. (2013). \u201ePerekonna varjatud seadused.\u201c<\/p>\n\n\n\n<p><br>Kennerley, (2010) \u201eV\u00f5it lapsep\u00f5lvetraumade \u00fcle\u201c<\/p>\n<\/div>\n<\/div>\n<\/div>\n\n\n\n<div class=\"wp-block-column is-layout-flow wp-block-column-is-layout-flow\">\n<h2 class=\"wp-block-heading has-text-align-center\"><\/h2>\n\n\n\n<p>Van Der Kolk, B., (2002). &#8220;Keha peab arvet.&#8221;<\/p>\n\n\n\n<p>Berry, B. D., Szalavitz, M., (2016). &#8220;Poiss, keda kasvatati nagu koera.&#8221;<\/p>\n\n\n\n<p>Jackson, Catherine. (2018). &#8220;Vaimse tervise h\u00e4ired lastel, keda on v\u00e4\u00e4rkoheldud v\u00f5i hooletusse j\u00e4etud.&#8221; MT\u00dc Oma Pere.<\/p>\n\n\n\n<p>Hughes, Daniel, A. (2018). &#8220;Tundeelu- ja K\u00e4itumish\u00e4ired lastel, keda on v\u00e4\u00e4rkoheldud v\u00f5i hooletusse j\u00e4etud.&#8221; MT\u00dc Oma Pere.<\/p>\n\n\n\n<p>Kennerley, H., (2000). &#8220;V\u00f5it lapsep\u00f5lvetraumade \u00fcle. Kognitiivk\u00e4itumisteraapia.&#8221; <\/p>\n\n\n\n<p>Golding, Kim. (2014).&nbsp;&#8220;Sild \u00fcle rahutu vee. Jutustused, mis aitavad leida tee traumeeritud laste s\u00fcdamesse.&#8221;<\/p>\n\n\n\n<p>Fredrike Bannink. Toimetaja: Tiina Naarits-Linn, (2022).&nbsp;<a href=\"https:\/\/mahena.org\/mahena\/uudised\/200-telli-endale-raamat-101-lahenduskeskset-k%C3%BCsimust-toimetulekuks-traumaga.html\" target=\"_blank\" rel=\"noreferrer noopener\">\u201c101 lahenduskeskset k\u00fcsimust toimetulekuks traumaga\u201d<\/a>.<\/p>\n\n\n\n<p>SOS Lastek\u00fcla Eesti \u00dching. (2023).&nbsp;<a href=\"https:\/\/sos-lastekyla.ee\/sos-lastekula-avaldas-uue-raamatu-traumapedagoogika-uus-voimalus-uutmoodi\/\" target=\"_blank\" rel=\"noreferrer noopener\">\u201eTraumapedagoogika. Uus v\u00f5imalus\u201c<\/a>.<\/p>\n\n\n\n<p>Gabor Mate. (2023).&#8221;Kui keha \u00fctleb ei. Varjatud stressi hind.&#8221;<\/p>\n\n\n\n<p>Karin Dyhr, Marianne Holmen. (2023). &#8220;Klaasist t\u00fcdruk.&#8221;<\/p>\n\n\n\n<p>Kimberly Brubaker Bradley. (2021). &#8220;\u00d5ed hundid&#8221;.<\/p>\n\n\n\n<p>Rothschild, B. 2011. 8 Keys to Safe Trauma Recovery.<\/p>\n\n\n\n<p>Engel, B. 2020. Emotionally Abusive Relationships: Recognizing Them, Avoiding Them, and Getting Out.<\/p>\n\n\n\n<p><\/p>\n\n\n\n<p><\/p>\n\n\n\n<p><\/p>\n<\/div>\n<\/div>\n\n\n\n<p><\/p>","protected":false},"excerpt":{"rendered":"<p>Siegel, D. J. (2018) &#8220;Ajutorm. Teismelise aju j\u00f5ud ja siht.&#8221; Filliozat , I, (2018) &#8220;See on hullem, kui ma kartsin! Kuidas l\u00e4bida uste pr\u00f5mmimise periood vanuses 12\u201317.&#8221; Wolf, A. E., (2012) &#8220;Ma ju kuulaksin oma vanemaid, kui nad suu peaksid.&#8221; Cassiatore, R. ja Karukivi, M., (2014) &#8220;Talumatud tunded. Hea tunde k\u00e4siraamat noortele.&#8221; Turkka, H. ja&hellip;&nbsp;<a href=\"https:\/\/www.sasuudad.ee\/en_us\/soovitame-lugeda\/\" rel=\"bookmark\">Read More &raquo;<span class=\"screen-reader-text\">SOOVITAME LUGEDA<\/span><\/a><\/p>","protected":false},"author":2,"featured_media":0,"parent":0,"menu_order":0,"comment_status":"closed","ping_status":"closed","template":"","meta":{"neve_meta_sidebar":"","neve_meta_container":"","neve_meta_enable_content_width":"","neve_meta_content_width":0,"neve_meta_title_alignment":"","neve_meta_author_avatar":"","neve_post_elements_order":"","neve_meta_disable_header":"","neve_meta_disable_footer":"","neve_meta_disable_title":"","_themeisle_gutenberg_block_has_review":false,"footnotes":""},"class_list":["post-2461","page","type-page","status-publish","hentry"],"_links":{"self":[{"href":"https:\/\/www.sasuudad.ee\/en_us\/wp-json\/wp\/v2\/pages\/2461","targetHints":{"allow":["GET"]}}],"collection":[{"href":"https:\/\/www.sasuudad.ee\/en_us\/wp-json\/wp\/v2\/pages"}],"about":[{"href":"https:\/\/www.sasuudad.ee\/en_us\/wp-json\/wp\/v2\/types\/page"}],"author":[{"embeddable":true,"href":"https:\/\/www.sasuudad.ee\/en_us\/wp-json\/wp\/v2\/users\/2"}],"replies":[{"embeddable":true,"href":"https:\/\/www.sasuudad.ee\/en_us\/wp-json\/wp\/v2\/comments?post=2461"}],"version-history":[{"count":3,"href":"https:\/\/www.sasuudad.ee\/en_us\/wp-json\/wp\/v2\/pages\/2461\/revisions"}],"predecessor-version":[{"id":2739,"href":"https:\/\/www.sasuudad.ee\/en_us\/wp-json\/wp\/v2\/pages\/2461\/revisions\/2739"}],"wp:attachment":[{"href":"https:\/\/www.sasuudad.ee\/en_us\/wp-json\/wp\/v2\/media?parent=2461"}],"curies":[{"name":"wp","href":"https:\/\/api.w.org\/{rel}","templated":true}]}}