{"id":2596,"date":"2025-08-04T12:26:04","date_gmt":"2025-08-04T12:26:04","guid":{"rendered":"https:\/\/www.sasuudad.ee\/?page_id=2596"},"modified":"2026-04-12T11:20:25","modified_gmt":"2026-04-12T11:20:25","slug":"noorte-noukogu-taasloomine","status":"publish","type":"page","link":"https:\/\/www.sasuudad.ee\/en_us\/noorte-noukogu-taasloomine\/","title":{"rendered":"(Re)establishment of the Erasmus+ Youth Council"},"content":{"rendered":"<p><strong>Let's give a voice to those who are often not heard!<\/strong><\/p>\n\n\n\n<p>MT\u00dc Sa Suudad creates again <strong>Youth Council (we are still thinking about the name)<\/strong>, et pakkuda h\u00e4\u00e4l noortele, kellel on elu jooksul olnud kokkupuuteid \u00f5igus-, tervishoiu-, haridus- v\u00f5i sotsiaals\u00fcsteemiga \u2013 noortele, kelle h\u00e4\u00e4l kipub \u00fchiskonnas sageli tahaplaanile j\u00e4\u00e4ma. <\/p>\n\n\n\n<p class=\"has-neve-text-color-color has-text-color has-link-color wp-elements-f0106d357befe53ae96761d90a25048a\">Tegemist on <a href=\"https:\/\/www.sasuudad.ee\/en_us\/cab\/\" target=\"_blank\" rel=\"noopener\" title=\"\">CAB projekti <\/a>edasiarendusega, mille keskmes on <strong>noorte kogemuste v\u00e4\u00e4rtustamine ja v\u00f5imestamine ning selle alusel loodetavasti muudatuste tegemine s\u00fcsteemis.&nbsp;<\/strong><\/p>\n\n\n\n<p>Noorte N\u00f5ukogu eesm\u00e4rk on pakkuda <strong>turvalist ja toetatud ruumi<\/strong>, kus noored saavad jagada oma kogemusi, avaldada arvamust ning teha ettepanekuid, mis aitavad kujundada lapse- ja noortes\u00f5bralikumat \u00fchiskonda. <br>Me usume, et just neil noortel on olulisi teadmisi ja kogemusi, mida t\u00e4nased s\u00fcsteemid vajavad, et t\u00f5husamalt toimida.<\/p>\n\n\n\n<p>Projekti toetab Erasmus+ ja Euroopa Solidaarsuskorpuse agentuur Erasmus+ programmist.<\/p>\n\n\n\n<h3 class=\"wp-block-heading\"><strong>Keda ootame?<\/strong><\/h3>\n\n\n\n<p>Noorte N\u00f5ukogusse ootame kuni 15 noort vanuses <strong>14\u201326<\/strong>, kellel on varasem kokkupuude erinevate tugis\u00fcsteemidega \u2013 olgu see siis politsei, kohus, vaimse tervise teenused, lastekaitset\u00f6\u00f6 v\u00f5i keerukused koolis. Meie usume, et just nende noorte isiklikud kogemused aitavad muuta s\u00fcsteeme <strong>t\u00f5husamaks, toetavamaks ja p\u00e4riselt laste- ja noortes\u00f5bralikumaks<\/strong>.<\/p>\n\n\n\n<h3 class=\"wp-block-heading\"><strong>Mida me koos teeme?<\/strong><\/h3>\n\n\n\n<ul class=\"wp-block-list\">\n<li>Kohtume \u00fcldjuhul iga kahe kuu j\u00e4rel, kus noored saavad jagada oma kogemusi ja pakkuda lahendusi<\/li>\n\n\n\n<li>Kohtume spetsialistide ja otsustajatega, et viia noorte h\u00e4\u00e4l otsustusteni<\/li>\n\n\n\n<li>Viime l\u00e4bi arendavaid t\u00f6\u00f6tube, nt meeskonnat\u00f6\u00f6, avalik esinemine ja enesev\u00e4ljendus<\/li>\n\n\n\n<li>Teeme teavitustegevusi nagu sotsiaalmeediakampaaniad, artiklid ja fookusgrupid<\/li>\n\n\n\n<li>Noorte n\u00f5ukogu noored saavad v\u00f5imaluse ise korraldada konverentsi, kus 100 osalejat tulevad kokku noorte ideede ja lugude \u00fcmber<br><\/li>\n<\/ul>\n\n\n\n<h3 class=\"wp-block-heading\"><strong>Mida see annab?<\/strong><\/h3>\n\n\n\n<p>Noorte N\u00f5ukogu aitab tugevdada <strong>kuuluvustunnet<\/strong>, <strong>enesekindlust<\/strong> and <strong>\u00fchiskondlikku seotust<\/strong>. Noortel on v\u00f5imalus:<\/p>\n\n\n\n<ul class=\"wp-block-list\">\n<li>m\u00f5ista, et nende kogemustel on v\u00e4\u00e4rtus &#8211; muuta oma rasked kogemused superv\u00f5imeks!<\/li>\n\n\n\n<li>tuua v\u00e4lja probleemid, mida nad on kogenud \u2013 ja esitada neile p\u00e4riselt elulisi lahendusi<\/li>\n\n\n\n<li>panustada poliitikakujundusse ja \u00fchiskonna teadlikkuse t\u00f5stmisesse<br><\/li>\n<\/ul>\n\n\n\n<p>N\u00e4iteks on mitmed MT\u00dc Sa Suudad noored osalenud <strong>lastekaitseseaduse muudatuste aruteludes<\/strong>, andes v\u00e4\u00e4rtuslikku sisendit otse otsustajatele.<\/p>\n\n\n\n<p>CAB-is (ehk eelmises noorte n\u00f5ukogus) osalenud noored on v\u00e4lja toonud, et l\u00e4bi noorte n\u00f5ukogusse kuulumise on noored hakanud rohkem r\u00e4\u00e4kima oma m\u00f5tetest-tunnetest, oskavad enda eest rohkem seista ning julgustavad ka teisi inimesi enda eest seisma. Lisaks t\u00f5id nad v\u00e4lja suurenenud tolerantsust teiste suhtes, paranenud koost\u00f6\u00f6 oskust (nt \u00fcks noor pidas end enne pigem \u00fcksinda nokitsejaks). Toodi v\u00e4lja ka see, et v\u00f5\u00f5raste inimestega on l\u00e4inud suhtlus kergemaks, kes on n\u00f6 v\u00f5imupositisioonil &#8211; tekkinud tunne, et me oleme k\u00f5ik tegelikult v\u00f5rdsed.<\/p>\n\n\n\n<h3 class=\"wp-block-heading\"><strong>Projektiperiood:<\/strong><\/h3>\n\n\n\n<p><strong>1. august 2025 \u2013 31. juuli 2027<\/strong><\/p>\n\n\n\n<p>Noorte N\u00f5ukogu liikmete otsingut alustasime <strong>2025. aasta s\u00fcgisel<\/strong> &#8211; enne seda tegime ettevalmistusi, et noorte n\u00f5ukogu formaat oleks v\u00f5imalikult selge ning noortes\u00f5bralik!<\/p>\n\n\n\n<p>Kui Sind huvitab osalemine v\u00f5i tead kedagi, kellele see v\u00f5iks sobida \u2013 <strong>j\u00e4lgi meie tegemisi ja v\u00f5ta meiega \u00fchendust, kas sotsiaalmeedias v\u00f5i kirjutades info@sasuudad.ee!<\/strong><\/p>\n\n\n\n<div class=\"wp-block-columns is-layout-flex wp-container-core-columns-is-layout-9d6595d7 wp-block-columns-is-layout-flex\">\n<div class=\"wp-block-column is-layout-flow wp-block-column-is-layout-flow\">\n<div style=\"height:1px\" aria-hidden=\"true\" class=\"wp-block-spacer\"><\/div>\n\n\n<div class=\"wp-block-image\">\n<figure class=\"aligncenter size-large is-resized\"><img loading=\"lazy\" decoding=\"async\" width=\"1024\" height=\"246\" src=\"https:\/\/www.sasuudad.ee\/wp-content\/uploads\/2026\/04\/ET-Kaasrahastanud-Euroopa-Liit_POS-1024x246.png\" alt=\"\" class=\"wp-image-3309\" style=\"aspect-ratio:4.16253710256167;width:358px;height:auto\" srcset=\"https:\/\/www.sasuudad.ee\/wp-content\/uploads\/2026\/04\/ET-Kaasrahastanud-Euroopa-Liit_POS-1024x246.png 1024w, https:\/\/www.sasuudad.ee\/wp-content\/uploads\/2026\/04\/ET-Kaasrahastanud-Euroopa-Liit_POS-300x72.png 300w, https:\/\/www.sasuudad.ee\/wp-content\/uploads\/2026\/04\/ET-Kaasrahastanud-Euroopa-Liit_POS-768x184.png 768w, https:\/\/www.sasuudad.ee\/wp-content\/uploads\/2026\/04\/ET-Kaasrahastanud-Euroopa-Liit_POS-1536x369.png 1536w, https:\/\/www.sasuudad.ee\/wp-content\/uploads\/2026\/04\/ET-Kaasrahastanud-Euroopa-Liit_POS-2048x492.png 2048w, https:\/\/www.sasuudad.ee\/wp-content\/uploads\/2026\/04\/ET-Kaasrahastanud-Euroopa-Liit_POS-18x4.png 18w\" sizes=\"auto, (max-width: 1024px) 100vw, 1024px\" \/><\/figure>\n<\/div>\n\n<div class=\"wp-block-image\">\n<figure class=\"aligncenter size-large is-resized\"><img loading=\"lazy\" decoding=\"async\" width=\"1024\" height=\"188\" src=\"https:\/\/www.sasuudad.ee\/wp-content\/uploads\/2026\/04\/ET-european_solidarity_corps_LOGO_CMYK-1024x188.jpg\" alt=\"\" class=\"wp-image-3313\" style=\"aspect-ratio:5.447080367806433;width:342px;height:auto\" srcset=\"https:\/\/www.sasuudad.ee\/wp-content\/uploads\/2026\/04\/ET-european_solidarity_corps_LOGO_CMYK-1024x188.jpg 1024w, https:\/\/www.sasuudad.ee\/wp-content\/uploads\/2026\/04\/ET-european_solidarity_corps_LOGO_CMYK-300x55.jpg 300w, https:\/\/www.sasuudad.ee\/wp-content\/uploads\/2026\/04\/ET-european_solidarity_corps_LOGO_CMYK-768x141.jpg 768w, https:\/\/www.sasuudad.ee\/wp-content\/uploads\/2026\/04\/ET-european_solidarity_corps_LOGO_CMYK-1536x282.jpg 1536w, https:\/\/www.sasuudad.ee\/wp-content\/uploads\/2026\/04\/ET-european_solidarity_corps_LOGO_CMYK-2048x376.jpg 2048w, https:\/\/www.sasuudad.ee\/wp-content\/uploads\/2026\/04\/ET-european_solidarity_corps_LOGO_CMYK-18x3.jpg 18w\" sizes=\"auto, (max-width: 1024px) 100vw, 1024px\" \/><\/figure>\n<\/div><\/div>\n\n\n\n<div class=\"wp-block-column is-layout-flow wp-block-column-is-layout-flow\"><div class=\"wp-block-image\">\n<figure class=\"aligncenter size-large is-resized\"><a href=\"http:\/\/euroopanoored.eu\" target=\"_blank\" rel=\" noreferrer noopener\"><img loading=\"lazy\" decoding=\"async\" width=\"1024\" height=\"576\" src=\"https:\/\/www.sasuudad.ee\/wp-content\/uploads\/2026\/04\/erasmus_noored_siniseltaustal-1024x576.jpg\" alt=\"\" class=\"wp-image-3310\" style=\"aspect-ratio:1.777839014813853;width:244px;height:auto\" srcset=\"https:\/\/www.sasuudad.ee\/wp-content\/uploads\/2026\/04\/erasmus_noored_siniseltaustal-1024x576.jpg 1024w, https:\/\/www.sasuudad.ee\/wp-content\/uploads\/2026\/04\/erasmus_noored_siniseltaustal-300x169.jpg 300w, https:\/\/www.sasuudad.ee\/wp-content\/uploads\/2026\/04\/erasmus_noored_siniseltaustal-768x432.jpg 768w, https:\/\/www.sasuudad.ee\/wp-content\/uploads\/2026\/04\/erasmus_noored_siniseltaustal-1536x864.jpg 1536w, https:\/\/www.sasuudad.ee\/wp-content\/uploads\/2026\/04\/erasmus_noored_siniseltaustal-2048x1153.jpg 2048w, https:\/\/www.sasuudad.ee\/wp-content\/uploads\/2026\/04\/erasmus_noored_siniseltaustal-18x10.jpg 18w\" sizes=\"auto, (max-width: 1024px) 100vw, 1024px\" \/><\/a><figcaption class=\"wp-element-caption\"><strong><a href=\"http:\/\/euroopanoored.eu\" target=\"_blank\" rel=\"noopener\">euroopanoored.eu<\/a><\/strong><\/figcaption><\/figure>\n<\/div><\/div>\n<\/div>\n\n\n\n<p><em>Projekt on rahastatud Euroopa Liidu poolt. Avaldatud seisukohad ja arvamused on ainult autori(te) omad ega pruugi kajastada Euroopa Liidu v\u00f5i Euroopa Hariduse ja Kultuuri Rakendusameti (EACEA) seisukohti ja arvamusi. Euroopa Liit ega EACEA nende eest ei vastuta.<\/em><\/p>\n\n\n\n<p><em>Projekti toetab Erasmus+ ja Euroopa Solidaarsuskorpuse agentuur Erasmus+ programmist.<\/em><\/p>","protected":false},"excerpt":{"rendered":"<p>Anname h\u00e4\u00e4le neile, keda sageli ei kuulata! MT\u00dc Sa Suudad loob taas Noorte n\u00f5ukogu (m\u00f5tleme veel nime peale), et pakkuda h\u00e4\u00e4l noortele, kellel on elu jooksul olnud kokkupuuteid \u00f5igus-, tervishoiu-, haridus- v\u00f5i sotsiaals\u00fcsteemiga \u2013 noortele, kelle h\u00e4\u00e4l kipub \u00fchiskonnas sageli tahaplaanile j\u00e4\u00e4ma. Tegemist on CAB projekti edasiarendusega, mille keskmes on noorte kogemuste v\u00e4\u00e4rtustamine ja v\u00f5imestamine&hellip;&nbsp;<a href=\"https:\/\/www.sasuudad.ee\/en_us\/noorte-noukogu-taasloomine\/\" rel=\"bookmark\">Read More &raquo;<span class=\"screen-reader-text\">(Re)establishment of the Erasmus+ Youth Council<\/span><\/a><\/p>","protected":false},"author":2,"featured_media":0,"parent":0,"menu_order":0,"comment_status":"closed","ping_status":"closed","template":"","meta":{"neve_meta_sidebar":"","neve_meta_container":"","neve_meta_enable_content_width":"","neve_meta_content_width":0,"neve_meta_title_alignment":"","neve_meta_author_avatar":"","neve_post_elements_order":"","neve_meta_disable_header":"","neve_meta_disable_footer":"","neve_meta_disable_title":"","_themeisle_gutenberg_block_has_review":false,"footnotes":""},"class_list":["post-2596","page","type-page","status-publish","hentry"],"_links":{"self":[{"href":"https:\/\/www.sasuudad.ee\/en_us\/wp-json\/wp\/v2\/pages\/2596","targetHints":{"allow":["GET"]}}],"collection":[{"href":"https:\/\/www.sasuudad.ee\/en_us\/wp-json\/wp\/v2\/pages"}],"about":[{"href":"https:\/\/www.sasuudad.ee\/en_us\/wp-json\/wp\/v2\/types\/page"}],"author":[{"embeddable":true,"href":"https:\/\/www.sasuudad.ee\/en_us\/wp-json\/wp\/v2\/users\/2"}],"replies":[{"embeddable":true,"href":"https:\/\/www.sasuudad.ee\/en_us\/wp-json\/wp\/v2\/comments?post=2596"}],"version-history":[{"count":5,"href":"https:\/\/www.sasuudad.ee\/en_us\/wp-json\/wp\/v2\/pages\/2596\/revisions"}],"predecessor-version":[{"id":3314,"href":"https:\/\/www.sasuudad.ee\/en_us\/wp-json\/wp\/v2\/pages\/2596\/revisions\/3314"}],"wp:attachment":[{"href":"https:\/\/www.sasuudad.ee\/en_us\/wp-json\/wp\/v2\/media?parent=2596"}],"curies":[{"name":"wp","href":"https:\/\/api.w.org\/{rel}","templated":true}]}}