{"id":2618,"date":"2025-08-08T06:27:05","date_gmt":"2025-08-08T06:27:05","guid":{"rendered":"https:\/\/www.sasuudad.ee\/?page_id=2618"},"modified":"2025-08-08T06:27:05","modified_gmt":"2025-08-08T06:27:05","slug":"nula-3","status":"publish","type":"page","link":"https:\/\/www.sasuudad.ee\/en_us\/nula-3\/","title":{"rendered":"NULA"},"content":{"rendered":"<p>MT\u00dc Sa Suudad valiti kahe esitatud ideega NULA inkubaatorisse. Soovisime luua noorte ekspertide kogu (ehk arendada noorte n\u00f5ukogu), kes jagaksid avalikult noorte kogemusi ja vajadusi, et nii spetsialistidel kui \u00fchiskonnas laiemalt tekiks m\u00f5istmine noorte vajadustest ja nende riskik\u00e4itumise p\u00f5hjusest. Teiseks soovisime luua kogemustega usaldusisiku programmi, kus  noored, kellel on varasem riskik\u00e4itumise kogemus, toetaksid ja j\u00f5ustaksid t\u00e4naseid noori. Kogemustega usaldusisikud suudavad noortega samastuda ja neil puudub v\u00f5imupositsioon. Nii on suurem t\u00f5en\u00e4osus, et noortel tekib usaldus ja vastuv\u00f5tlikkus abile. Loe l\u00e4hemalt&nbsp;<a href=\"https:\/\/nula.kysk.ee\/inkubatsioon\" target=\"_blank\" rel=\"noreferrer noopener\">siit.<\/a><\/p>\n\n\n\n<p class=\"translation-block\">Since the program development is very in-depth and time-consuming, we have focused only on the development of the peer mentor program within NULA.  \nSo far, during the development process, we have:<\/p>\n\n\n\n<ul class=\"wp-block-list\">\n<li>Participated in 12 different NULA workshops.<\/li>\n\n\n\n<li class=\"translation-block\"><strong>Conducted interviews with young people.<\/strong> In total, we carried out over 10 interviews with young people (ages 14-26) who have engaged in or are engaging in risky behaviors. The purpose of the interviews was to better understand the young people's experiences, what they have gone through, their expectations, including ways they seek help and their needs.<\/li>\n\n\n\n<li class=\"translation-block\"><strong>Conducted interviews with peer mentors.<\/strong> In total, we carried out 4 interviews with peer mentors to understand what the current peer mentoring work looks like and what is important to keep in mind when developing the program ourselves.<\/li>\n\n\n\n<li class=\"translation-block\"><strong>Mapping the client journey.<\/strong> We mapped the journey of the target group (young people), the peer mentors, and the NGO at a general level, from joining the program to actual program activities. We familiarized ourselves with existing similar programs both in Estonia and abroad, discussed with experts from Estonia and Finland in the field, and read and analyzed a significant amount of academic literature.<\/li>\n\n\n\n<li class=\"translation-block\"><strong>Workshops with young people.<\/strong> We met repeatedly (and continue to meet) with seven young people who are interested in becoming peer mentors in the future. We introduced to them the insights from the interviews, the concept of the peer mentor program, its core principles, and vision. Together with the young people, we created the role description for the peer mentor, the value proposition, and mapped out the skills, knowledge, and personal qualities required to be a peer mentor.<\/li>\n\n\n\n<li class=\"translation-block\">A prototype of the peer mentor program has been created, including the program's core principles, peer mentor role description, value proposition, profile (including skills) description, training methodology and content prototype, peer mentor support system description, recruitment steps, and initial impact evaluation methodology.\n\n<strong>Note! We believe that such a program can only be created together with young people and by constantly seeking their feedback, as we are designing it to meet their needs.<\/strong>\n\n\nThe next step is to secure funding to begin testing the program in 2025. \n\n\nIf you would like to learn more about the program, contact us at <a href=\"mailto:info@sasuudad.ee\" target=\"_blank\" rel=\"noopener\" title=\"info@sasuudad.ee\">info@sasuudad.ee<\/a> or on social media (@sasuudad).<\/li>\n<\/ul>","protected":false},"excerpt":{"rendered":"<p>MT\u00dc Sa Suudad valiti kahe esitatud ideega NULA inkubaatorisse. Soovisime luua noorte ekspertide kogu (ehk arendada noorte n\u00f5ukogu), kes jagaksid avalikult noorte kogemusi ja vajadusi, et nii spetsialistidel kui \u00fchiskonnas laiemalt tekiks m\u00f5istmine noorte vajadustest ja nende riskik\u00e4itumise p\u00f5hjusest. Teiseks soovisime luua kogemustega usaldusisiku programmi, kus noored, kellel on varasem riskik\u00e4itumise kogemus, toetaksid ja j\u00f5ustaksid&hellip;&nbsp;<a href=\"https:\/\/www.sasuudad.ee\/en_us\/nula-3\/\" rel=\"bookmark\">Read More &raquo;<span class=\"screen-reader-text\">NULA<\/span><\/a><\/p>","protected":false},"author":2,"featured_media":0,"parent":0,"menu_order":0,"comment_status":"closed","ping_status":"closed","template":"","meta":{"neve_meta_sidebar":"","neve_meta_container":"","neve_meta_enable_content_width":"","neve_meta_content_width":0,"neve_meta_title_alignment":"","neve_meta_author_avatar":"","neve_post_elements_order":"","neve_meta_disable_header":"","neve_meta_disable_footer":"","neve_meta_disable_title":"","_themeisle_gutenberg_block_has_review":false,"footnotes":""},"class_list":["post-2618","page","type-page","status-publish","hentry"],"_links":{"self":[{"href":"https:\/\/www.sasuudad.ee\/en_us\/wp-json\/wp\/v2\/pages\/2618","targetHints":{"allow":["GET"]}}],"collection":[{"href":"https:\/\/www.sasuudad.ee\/en_us\/wp-json\/wp\/v2\/pages"}],"about":[{"href":"https:\/\/www.sasuudad.ee\/en_us\/wp-json\/wp\/v2\/types\/page"}],"author":[{"embeddable":true,"href":"https:\/\/www.sasuudad.ee\/en_us\/wp-json\/wp\/v2\/users\/2"}],"replies":[{"embeddable":true,"href":"https:\/\/www.sasuudad.ee\/en_us\/wp-json\/wp\/v2\/comments?post=2618"}],"version-history":[{"count":2,"href":"https:\/\/www.sasuudad.ee\/en_us\/wp-json\/wp\/v2\/pages\/2618\/revisions"}],"predecessor-version":[{"id":2622,"href":"https:\/\/www.sasuudad.ee\/en_us\/wp-json\/wp\/v2\/pages\/2618\/revisions\/2622"}],"wp:attachment":[{"href":"https:\/\/www.sasuudad.ee\/en_us\/wp-json\/wp\/v2\/media?parent=2618"}],"curies":[{"name":"wp","href":"https:\/\/api.w.org\/{rel}","templated":true}]}}