{"id":2623,"date":"2025-08-08T06:29:46","date_gmt":"2025-08-08T06:29:46","guid":{"rendered":"https:\/\/www.sasuudad.ee\/?page_id=2623"},"modified":"2025-08-08T06:29:47","modified_gmt":"2025-08-08T06:29:47","slug":"cab","status":"publish","type":"page","link":"https:\/\/www.sasuudad.ee\/en_us\/cab\/","title":{"rendered":"CAB"},"content":{"rendered":"\n<p>Tegemist oli \u201ei-RESTORE 2.0\u201c projekti raames Sotsiaalkindlustusameti poolt loodud noorte n\u00f5ukoguga, mis on osa laiemast rahvusvahelisest projektist, kus osales lisaks Eestile veel Rumeenia, Holland ja Kreeka ning mille eesm\u00e4rk oli muuta taastava \u00f5iguse teenus lastele paremaks ja k\u00e4ttesaadavamaks ning kaasata \u00f5igus- ja sotsiaals\u00fcsteemiga kokku puutunud lapsi rohkem protsessidesse, mis nende endi elu m\u00f5jutavad.<\/p>\n\n\n\n<p>Noorte n\u00f5ukogu loodi 2.03.2023 ning ametlik tegevus l\u00f5ppes 31.12.2024.<\/p>\n\n\n\n<p>Noorte n\u00f5ukogusse kuulusid noored vanuses 16 \u2013 21. Tipphetkel oli liikmeid kokku ligikaudu 10, aktiivseid liikmeid oli l\u00f5puperioodil 5. Noorte n\u00f5ukogusse kuulusid erineva kogemusega noored, kes on kokku puutunud nii sotsiaal-, justiits- kui tervishoius\u00fcsteemiga. Kohtusime esialgu noortega igakuiselt, kus arutasime erinevaid teemasid (nt noorte head ja keerulised  kogemused, selle alusel s\u00f5numite loomine spetsialistidele; kaardistasime noorte vajadusi, l\u00f5ime ja viisime l\u00e4bi taastava \u00f5iguse teavituskampaania ja l\u00f5ime erinevaid taastava \u00f5iguse materjale).<\/p>\n\n\n\n<p><strong>CAB raames tehtud tegevused: <\/strong><\/p>\n\n\n\n<ul class=\"wp-block-list\">\n<li>Kokku kohtuti 38 korda (20 korda kontaktselt ja 18 korda veebi teel)<\/li>\n\n\n\n<li>Suvekooli korraldamine (CAB n\u00f5ukogu liimetega)<\/li>\n\n\n\n<li>Taastava \u00f5iguse m\u00e4ngu loomine<\/li>\n\n\n\n<li>Tagasiside k\u00fcsimustiku loomine<\/li>\n\n\n\n<li>\u00d5ppereisidel osalemine (Rumeenia ja Br\u00fcssel)<\/li>\n\n\n\n<li>Kinnise lasteasutuse teenusestandardisse sisendi andmine<\/li>\n\n\n\n<li>Lastekaitse seaduse v\u00e4ljat\u00f6\u00f6tamiskavatsusse sisendi andmine<\/li>\n\n\n\n<li>Erinevatel spetsialistidele suunatud koolitusel noorte vajaduste ja s\u00f5numite levitamine<\/li>\n\n\n\n<li>Noored osalesid koolitustel, konverentsidel ja jagasid oma kogemusi ning soove ja soovitusi spetsialistidele. <\/li>\n\n\n\n<li>Taastava \u00f5iguse teavituskampaania loomine ja l\u00e4biviimine, teemaviitega&nbsp;<a href=\"https:\/\/www.facebook.com\/hashtag\/noorten%C3%B5ukogu?__eep__=6&amp;__cft__[0]=AZUConNN0_rDUUBJEwkTLcFgRHUSgaQpWcHeedgXUVeI5wwKM_jWvQHn1BBzqYAIeRBSKdY3zLjUVjPRWnzMpKBns6c4UotXPcNBFpPQo_6EyBo_SYduQmtSot33b4ZkMwUsPHT9bWcEJ2YZ9-7XWWIfcnpQH7Df_FZlt6jMnfojkulvvDEuEWjmyTLZEwUQSoRFo-zfaEP6pmWA-5WE0SrU&amp;__tn__=*NK-R\" target=\"_blank\" rel=\"noopener\">#noorten\u00f5ukogu<\/a> @SaSuudad instagramis. <\/li>\n<\/ul>\n\n\n\n<p>Noorte n\u00f5ukogu eesm\u00e4rk oli nende endi s\u00f5nul:<br><\/p>\n\n\n\n<figure class=\"wp-block-image is-resized\"><img loading=\"lazy\" decoding=\"async\" width=\"784\" height=\"1024\" src=\"https:\/\/www.sasuudad.ee\/wp-content\/uploads\/2024\/04\/436242498_1487333228529656_5831199209456222402_n-784x1024.jpg\" alt=\"\" class=\"wp-image-824\" style=\"width:386px;height:auto\" srcset=\"https:\/\/www.sasuudad.ee\/wp-content\/uploads\/2024\/04\/436242498_1487333228529656_5831199209456222402_n-784x1024.jpg 784w, https:\/\/www.sasuudad.ee\/wp-content\/uploads\/2024\/04\/436242498_1487333228529656_5831199209456222402_n-230x300.jpg 230w, https:\/\/www.sasuudad.ee\/wp-content\/uploads\/2024\/04\/436242498_1487333228529656_5831199209456222402_n-768x1003.jpg 768w, https:\/\/www.sasuudad.ee\/wp-content\/uploads\/2024\/04\/436242498_1487333228529656_5831199209456222402_n.jpg 825w\" sizes=\"auto, (max-width: 784px) 100vw, 784px\" \/><\/figure>\n\n\n\n<p>NB! Mitmed s\u00f5numid, mida MT\u00dc Sa Suudad jagab tulevad nii noorte n\u00f5ukogu noortelt kui teistelt noortelt, kellega oleme varasemalt arutlenud v\u00f5i arutleme tulevikus. K\u00f5ik v\u00e4lja toodud s\u00f5numid on 100% noortelt endilt tulnud ning meie jaoks on need suure ning hindamatu v\u00e4\u00e4rtusega!<\/p>\n\n\n\n<p><strong>Tegeleme hetkel uue rahastuse saamisega, et noorte n\u00f5ukogu taasluua! <\/strong>Soovid olla osa v\u00f5i tead kedagi, kes sooviks &#8211; v\u00f5ta \u00fchendust info@sasuudad v\u00f5i kirjuta meile<\/p>\n","protected":false},"excerpt":{"rendered":"<p>Tegemist oli \u201ei-RESTORE 2.0\u201c projekti raames Sotsiaalkindlustusameti poolt loodud noorte n\u00f5ukoguga, mis on osa laiemast rahvusvahelisest projektist, kus osales lisaks Eestile veel Rumeenia, Holland ja Kreeka ning mille eesm\u00e4rk oli muuta taastava \u00f5iguse teenus lastele paremaks ja k\u00e4ttesaadavamaks ning kaasata \u00f5igus- ja sotsiaals\u00fcsteemiga kokku puutunud lapsi rohkem protsessidesse, mis nende endi elu m\u00f5jutavad. Noorte n\u00f5ukogu&hellip;&nbsp;<a href=\"https:\/\/www.sasuudad.ee\/en_us\/cab\/\" rel=\"bookmark\">Read More &raquo;<span class=\"screen-reader-text\">CAB<\/span><\/a><\/p>","protected":false},"author":2,"featured_media":0,"parent":0,"menu_order":0,"comment_status":"closed","ping_status":"closed","template":"","meta":{"neve_meta_sidebar":"","neve_meta_container":"","neve_meta_enable_content_width":"","neve_meta_content_width":0,"neve_meta_title_alignment":"","neve_meta_author_avatar":"","neve_post_elements_order":"","neve_meta_disable_header":"","neve_meta_disable_footer":"","neve_meta_disable_title":"","_themeisle_gutenberg_block_has_review":false,"footnotes":""},"class_list":["post-2623","page","type-page","status-publish","hentry"],"_links":{"self":[{"href":"https:\/\/www.sasuudad.ee\/en_us\/wp-json\/wp\/v2\/pages\/2623","targetHints":{"allow":["GET"]}}],"collection":[{"href":"https:\/\/www.sasuudad.ee\/en_us\/wp-json\/wp\/v2\/pages"}],"about":[{"href":"https:\/\/www.sasuudad.ee\/en_us\/wp-json\/wp\/v2\/types\/page"}],"author":[{"embeddable":true,"href":"https:\/\/www.sasuudad.ee\/en_us\/wp-json\/wp\/v2\/users\/2"}],"replies":[{"embeddable":true,"href":"https:\/\/www.sasuudad.ee\/en_us\/wp-json\/wp\/v2\/comments?post=2623"}],"version-history":[{"count":1,"href":"https:\/\/www.sasuudad.ee\/en_us\/wp-json\/wp\/v2\/pages\/2623\/revisions"}],"predecessor-version":[{"id":2624,"href":"https:\/\/www.sasuudad.ee\/en_us\/wp-json\/wp\/v2\/pages\/2623\/revisions\/2624"}],"wp:attachment":[{"href":"https:\/\/www.sasuudad.ee\/en_us\/wp-json\/wp\/v2\/media?parent=2623"}],"curies":[{"name":"wp","href":"https:\/\/api.w.org\/{rel}","templated":true}]}}