{"id":2819,"date":"2025-10-22T07:47:41","date_gmt":"2025-10-22T07:47:41","guid":{"rendered":"https:\/\/www.sasuudad.ee\/?page_id=2819"},"modified":"2025-10-22T07:47:42","modified_gmt":"2025-10-22T07:47:42","slug":"maria-elisabetch","status":"publish","type":"page","link":"https:\/\/www.sasuudad.ee\/en_us\/maria-elisabetch\/","title":{"rendered":"Maria-Elisabetch"},"content":{"rendered":"<p>Hello! <\/p>\n\n\n\n<p>My name is Maria-Elisabetch, I am a 22-year-old young woman, and I care deeply about people's mental health and understanding the difficulties of life. I have learned to recognize the importance of listening, empathy, and a safe space where people can open up without fear of being judged. My journey to this point has grown out of personal experience and a desire to help others who have felt lonely, hurt, or confused. I have learned that shared experience and honesty can be very healing\u2014both for the person speaking and the person listening. <\/p>\n\n\n\n<p>I believe that every person needs a moment when they are truly listened to and understood. That is exactly what I want to offer as a confidant\u2014support, presence, and the knowledge that no one has to face their difficulties alone.<\/p>","protected":false},"excerpt":{"rendered":"<p>Tere! Mina olen Maria-Elisabetch, 22 aastane noor, mulle on s\u00fcdamel\u00e4hedane inimeste vaimne tervis ja eluraskuste m\u00f5istmine. Olen \u00f5ppinud m\u00e4rkama, kui oluline on kuulamine, empaatia ja turvaline ruum, kus inimene saab end avada ilma hirmuta, et teda hinnatakse. Minu teekond selleni on kasvanud isiklikust kogemusest ja soovist aidata teisi, kes on tundnud end \u00fcksikuna, valus v\u00f5i&hellip;&nbsp;<a href=\"https:\/\/www.sasuudad.ee\/en_us\/maria-elisabetch\/\" rel=\"bookmark\">Read More &raquo;<span class=\"screen-reader-text\">Maria-Elisabetch<\/span><\/a><\/p>","protected":false},"author":2,"featured_media":0,"parent":0,"menu_order":0,"comment_status":"closed","ping_status":"closed","template":"","meta":{"neve_meta_sidebar":"","neve_meta_container":"","neve_meta_enable_content_width":"","neve_meta_content_width":0,"neve_meta_title_alignment":"","neve_meta_author_avatar":"","neve_post_elements_order":"","neve_meta_disable_header":"","neve_meta_disable_footer":"","neve_meta_disable_title":"","_themeisle_gutenberg_block_has_review":false,"footnotes":""},"class_list":["post-2819","page","type-page","status-publish","hentry"],"_links":{"self":[{"href":"https:\/\/www.sasuudad.ee\/en_us\/wp-json\/wp\/v2\/pages\/2819","targetHints":{"allow":["GET"]}}],"collection":[{"href":"https:\/\/www.sasuudad.ee\/en_us\/wp-json\/wp\/v2\/pages"}],"about":[{"href":"https:\/\/www.sasuudad.ee\/en_us\/wp-json\/wp\/v2\/types\/page"}],"author":[{"embeddable":true,"href":"https:\/\/www.sasuudad.ee\/en_us\/wp-json\/wp\/v2\/users\/2"}],"replies":[{"embeddable":true,"href":"https:\/\/www.sasuudad.ee\/en_us\/wp-json\/wp\/v2\/comments?post=2819"}],"version-history":[{"count":1,"href":"https:\/\/www.sasuudad.ee\/en_us\/wp-json\/wp\/v2\/pages\/2819\/revisions"}],"predecessor-version":[{"id":2820,"href":"https:\/\/www.sasuudad.ee\/en_us\/wp-json\/wp\/v2\/pages\/2819\/revisions\/2820"}],"wp:attachment":[{"href":"https:\/\/www.sasuudad.ee\/en_us\/wp-json\/wp\/v2\/media?parent=2819"}],"curies":[{"name":"wp","href":"https:\/\/api.w.org\/{rel}","templated":true}]}}