{"id":2837,"date":"2025-10-23T07:19:00","date_gmt":"2025-10-23T07:19:00","guid":{"rendered":"https:\/\/www.sasuudad.ee\/?page_id=2837"},"modified":"2025-10-23T07:19:00","modified_gmt":"2025-10-23T07:19:00","slug":"jonne","status":"publish","type":"page","link":"https:\/\/www.sasuudad.ee\/en_us\/jonne\/","title":{"rendered":"Jonne"},"content":{"rendered":"<p>My name is Jonne. I am a 21-year-old young woman who has had her own journey with mental health and ATH. This journey has taught me to understand the value of listening, empathy, and honest presence. <\/p>\n\n\n\n<p>In my heart, I have a deep desire to be supportive and to create a safe space where everyone feels seen and understood. I believe that we are all equal and that no one person's concerns are greater or lesser than another's. My goal is to help you find your story and the path to a solution step by step, through understanding and trust.<\/p>","protected":false},"excerpt":{"rendered":"<p>Mina olen Jonne. Olen 21-aastane noor neiu, kellel on olnud oma teekond vaimse tervise ja ATH-ga. See r\u00e4nnak on \u00f5petanud mind m\u00f5istma, kui v\u00e4\u00e4rtuslik on kuulamine, empaatia ja aus kohalolu. Minu s\u00fcdames on s\u00fcgav soov olla toeks, lisaks luua turvaline ruum, kus iga inimene tunneb end n\u00e4htuna ja m\u00f5istetuna. Usun, et me k\u00f5ik oleme v\u00f5rdsed&hellip;&nbsp;<a href=\"https:\/\/www.sasuudad.ee\/en_us\/jonne\/\" rel=\"bookmark\">Read More &raquo;<span class=\"screen-reader-text\">Jonne<\/span><\/a><\/p>","protected":false},"author":2,"featured_media":0,"parent":0,"menu_order":0,"comment_status":"closed","ping_status":"closed","template":"","meta":{"neve_meta_sidebar":"","neve_meta_container":"","neve_meta_enable_content_width":"","neve_meta_content_width":0,"neve_meta_title_alignment":"","neve_meta_author_avatar":"","neve_post_elements_order":"","neve_meta_disable_header":"","neve_meta_disable_footer":"","neve_meta_disable_title":"","_themeisle_gutenberg_block_has_review":false,"footnotes":""},"class_list":["post-2837","page","type-page","status-publish","hentry"],"_links":{"self":[{"href":"https:\/\/www.sasuudad.ee\/en_us\/wp-json\/wp\/v2\/pages\/2837","targetHints":{"allow":["GET"]}}],"collection":[{"href":"https:\/\/www.sasuudad.ee\/en_us\/wp-json\/wp\/v2\/pages"}],"about":[{"href":"https:\/\/www.sasuudad.ee\/en_us\/wp-json\/wp\/v2\/types\/page"}],"author":[{"embeddable":true,"href":"https:\/\/www.sasuudad.ee\/en_us\/wp-json\/wp\/v2\/users\/2"}],"replies":[{"embeddable":true,"href":"https:\/\/www.sasuudad.ee\/en_us\/wp-json\/wp\/v2\/comments?post=2837"}],"version-history":[{"count":1,"href":"https:\/\/www.sasuudad.ee\/en_us\/wp-json\/wp\/v2\/pages\/2837\/revisions"}],"predecessor-version":[{"id":2838,"href":"https:\/\/www.sasuudad.ee\/en_us\/wp-json\/wp\/v2\/pages\/2837\/revisions\/2838"}],"wp:attachment":[{"href":"https:\/\/www.sasuudad.ee\/en_us\/wp-json\/wp\/v2\/media?parent=2837"}],"curies":[{"name":"wp","href":"https:\/\/api.w.org\/{rel}","templated":true}]}}