{"id":2839,"date":"2025-10-23T07:19:52","date_gmt":"2025-10-23T07:19:52","guid":{"rendered":"https:\/\/www.sasuudad.ee\/?page_id=2839"},"modified":"2025-10-23T07:19:53","modified_gmt":"2025-10-23T07:19:53","slug":"marleen","status":"publish","type":"page","link":"https:\/\/www.sasuudad.ee\/en_us\/marleen\/","title":{"rendered":"Marleen"},"content":{"rendered":"<p>I have completed a bachelor's degree in psychology at Tallinn University and am currently studying for a master's degree in social design at the Estonian Academy of Arts. I work as a psychological counselor, and most of my clients are young adults or younger. I have been quietly working as part of the Sa Suudad team since 2024.&nbsp;<\/p>\n\n\n\n<p>Why am I here? I feel that the wonderful Jane Goodall provides the answer for me: \u201c<em>We are all here for a reason. But it&#8217;s up to each of us to figure out what that reason is. To do something. To make this world better, more beautiful, more hopeful, more like the place we want to live in.<\/em>I am here to be part of a change that creates a society where young people are noticed, cared for, and involved\u2014at home, at school, and in the wider community. I want every person to know and feel that they are important (at any age). Through today's young people, we are caring for every young person of the future.<\/p>","protected":false},"excerpt":{"rendered":"<p>Olen l\u00f5petanud bakalaureuse\u00f5ppe ps\u00fchholoogias Tallinna \u00dclikoolis ning hetkel \u00f5pin Eesti Kunstiakadeemias magistri\u00f5ppes sotsiaalse disaini erialal. T\u00f6\u00f6tan ps\u00fchholoogilise n\u00f5ustajana ning suur osa, kellega t\u00f6\u00f6tan on noored t\u00e4iskasvanud v\u00f5i nooremad. Sa Suudad meeskonnas olen vaikselt tegutsenud alates 2024. aastast.&nbsp; Miks ma olen siin? Tunnen, et sellele annab minu enda jaoks vastuse imeline naine Jane Goodall: &#8220;We are&hellip;&nbsp;<a href=\"https:\/\/www.sasuudad.ee\/en_us\/marleen\/\" rel=\"bookmark\">Read More &raquo;<span class=\"screen-reader-text\">Marleen<\/span><\/a><\/p>","protected":false},"author":2,"featured_media":0,"parent":0,"menu_order":0,"comment_status":"closed","ping_status":"closed","template":"","meta":{"neve_meta_sidebar":"","neve_meta_container":"","neve_meta_enable_content_width":"","neve_meta_content_width":0,"neve_meta_title_alignment":"","neve_meta_author_avatar":"","neve_post_elements_order":"","neve_meta_disable_header":"","neve_meta_disable_footer":"","neve_meta_disable_title":"","_themeisle_gutenberg_block_has_review":false,"footnotes":""},"class_list":["post-2839","page","type-page","status-publish","hentry"],"_links":{"self":[{"href":"https:\/\/www.sasuudad.ee\/en_us\/wp-json\/wp\/v2\/pages\/2839","targetHints":{"allow":["GET"]}}],"collection":[{"href":"https:\/\/www.sasuudad.ee\/en_us\/wp-json\/wp\/v2\/pages"}],"about":[{"href":"https:\/\/www.sasuudad.ee\/en_us\/wp-json\/wp\/v2\/types\/page"}],"author":[{"embeddable":true,"href":"https:\/\/www.sasuudad.ee\/en_us\/wp-json\/wp\/v2\/users\/2"}],"replies":[{"embeddable":true,"href":"https:\/\/www.sasuudad.ee\/en_us\/wp-json\/wp\/v2\/comments?post=2839"}],"version-history":[{"count":1,"href":"https:\/\/www.sasuudad.ee\/en_us\/wp-json\/wp\/v2\/pages\/2839\/revisions"}],"predecessor-version":[{"id":2840,"href":"https:\/\/www.sasuudad.ee\/en_us\/wp-json\/wp\/v2\/pages\/2839\/revisions\/2840"}],"wp:attachment":[{"href":"https:\/\/www.sasuudad.ee\/en_us\/wp-json\/wp\/v2\/media?parent=2839"}],"curies":[{"name":"wp","href":"https:\/\/api.w.org\/{rel}","templated":true}]}}