{"id":2841,"date":"2025-10-23T07:20:24","date_gmt":"2025-10-23T07:20:24","guid":{"rendered":"https:\/\/www.sasuudad.ee\/?page_id=2841"},"modified":"2025-10-23T10:22:14","modified_gmt":"2025-10-23T10:22:14","slug":"elisabeth","status":"publish","type":"page","link":"https:\/\/www.sasuudad.ee\/en_us\/elisabeth\/","title":{"rendered":"Elisabeth"},"content":{"rendered":"<p>My name is Elisabeth, I am a 27-year-old freelance filmmaker and photographer. In my films, I tell stories based on real-life experiences, because I believe that film is a tool for raising empathetic citizens. By sharing common experiences, we can grow closer to one another in a society where people don't know how to listen to each other.&nbsp;<\/p>\n\n\n<div class=\"wp-block-image\">\n<figure class=\"aligncenter size-large\"><img loading=\"lazy\" decoding=\"async\" width=\"1024\" height=\"683\" src=\"https:\/\/www.sasuudad.ee\/wp-content\/uploads\/2025\/10\/ANVA7373-1024x683.avif\" alt=\"Erakogu\" class=\"wp-image-2866\" srcset=\"https:\/\/www.sasuudad.ee\/wp-content\/uploads\/2025\/10\/ANVA7373-1024x683.avif 1024w, https:\/\/www.sasuudad.ee\/wp-content\/uploads\/2025\/10\/ANVA7373-300x200.avif 300w, https:\/\/www.sasuudad.ee\/wp-content\/uploads\/2025\/10\/ANVA7373-768x512.avif 768w, https:\/\/www.sasuudad.ee\/wp-content\/uploads\/2025\/10\/ANVA7373-1536x1024.avif 1536w, https:\/\/www.sasuudad.ee\/wp-content\/uploads\/2025\/10\/ANVA7373-2048x1365.avif 2048w, https:\/\/www.sasuudad.ee\/wp-content\/uploads\/2025\/10\/ANVA7373-18x12.avif 18w, https:\/\/www.sasuudad.ee\/wp-content\/uploads\/2025\/10\/ANVA7373-930x620.avif 930w\" sizes=\"auto, (max-width: 1024px) 100vw, 1024px\" \/><\/figure>\n<\/div>\n\n\n<p>However, activism through art alone was not enough for me, so I joined an NGO to contribute to young people's lives in a more direct way.&nbsp;<\/p>\n\n\n\n<p><\/p>","protected":false},"excerpt":{"rendered":"<p>Mina olen Elisabeth, 27-aastane vabakutseline filmitegija ja fotograaf. Oma filmides jutustan lugusid p\u00e4ris elu kogemustest, sest usun, et film on vahend \u00fche empaatiav\u00f5imelise kodaniku kasvatamiseks. L\u00e4bi \u00fchiste kogemuste jagamise j\u00f5uame \u00fcksteisele l\u00e4hemale \u00fchiskonnas, kus teineteist ei osata kuulata.&nbsp; Kuid ainult aktivismist l\u00e4bi kunsti mulle ei piisanud, mist\u00f5ttu liitusingi MT\u00dc-ga, et panustada noore ellu vahetumal viisil.&nbsp;<\/p>","protected":false},"author":2,"featured_media":0,"parent":0,"menu_order":0,"comment_status":"closed","ping_status":"closed","template":"","meta":{"neve_meta_sidebar":"","neve_meta_container":"","neve_meta_enable_content_width":"","neve_meta_content_width":0,"neve_meta_title_alignment":"","neve_meta_author_avatar":"","neve_post_elements_order":"","neve_meta_disable_header":"","neve_meta_disable_footer":"","neve_meta_disable_title":"","_themeisle_gutenberg_block_has_review":false,"footnotes":""},"class_list":["post-2841","page","type-page","status-publish","hentry"],"_links":{"self":[{"href":"https:\/\/www.sasuudad.ee\/en_us\/wp-json\/wp\/v2\/pages\/2841","targetHints":{"allow":["GET"]}}],"collection":[{"href":"https:\/\/www.sasuudad.ee\/en_us\/wp-json\/wp\/v2\/pages"}],"about":[{"href":"https:\/\/www.sasuudad.ee\/en_us\/wp-json\/wp\/v2\/types\/page"}],"author":[{"embeddable":true,"href":"https:\/\/www.sasuudad.ee\/en_us\/wp-json\/wp\/v2\/users\/2"}],"replies":[{"embeddable":true,"href":"https:\/\/www.sasuudad.ee\/en_us\/wp-json\/wp\/v2\/comments?post=2841"}],"version-history":[{"count":2,"href":"https:\/\/www.sasuudad.ee\/en_us\/wp-json\/wp\/v2\/pages\/2841\/revisions"}],"predecessor-version":[{"id":2868,"href":"https:\/\/www.sasuudad.ee\/en_us\/wp-json\/wp\/v2\/pages\/2841\/revisions\/2868"}],"wp:attachment":[{"href":"https:\/\/www.sasuudad.ee\/en_us\/wp-json\/wp\/v2\/media?parent=2841"}],"curies":[{"name":"wp","href":"https:\/\/api.w.org\/{rel}","templated":true}]}}