{"id":2890,"date":"2025-10-25T06:54:20","date_gmt":"2025-10-25T06:54:20","guid":{"rendered":"https:\/\/www.sasuudad.ee\/?page_id=2890"},"modified":"2025-10-25T06:54:20","modified_gmt":"2025-10-25T06:54:20","slug":"sofia","status":"publish","type":"page","link":"https:\/\/www.sasuudad.ee\/en_us\/sofia\/","title":{"rendered":"Sofia"},"content":{"rendered":"<p>I am Sofi, a 19-year-old currently studying at high school (so I know the struggle is real). My school career has been a little unusual, as I spent two years studying for a vocational qualification, but then decided to start from scratch and go to high school. I have always felt\u2014and recently received external confirmation\u2014that I have a lot of mental resources to share. I really enjoy discussing complex topics, introducing myself and, if possible, my conversation partner to new ideas and opportunities. I feel that this is exactly what young people in difficult situations or with risky behavior need: conversations that make them feel that they are not at a dead end, but that there is always a secret way out somewhere, cleverly hidden.<\/p>","protected":false},"excerpt":{"rendered":"<p>Mina olen Sofi, 19-aastane noor, kes \u00f5pib hetkel g\u00fcmnaasiumis (so I know the struggle is real). Mul on olnud veidi ebastandardne koolitee, sest k\u00e4isin kaks aastat kutset omandamas, kuid otsustasin seej\u00e4rel otsast peale alustada ning g\u00fcmnaasiumisse minna. Olen alati tundnud &#8211; viimasel ajal ka v\u00e4list kinnitust saanud &#8211; et mul on palju vaimset ressurssi, mida&hellip;&nbsp;<a href=\"https:\/\/www.sasuudad.ee\/en_us\/sofia\/\" rel=\"bookmark\">Read More &raquo;<span class=\"screen-reader-text\">Sofia<\/span><\/a><\/p>","protected":false},"author":2,"featured_media":0,"parent":0,"menu_order":0,"comment_status":"closed","ping_status":"closed","template":"","meta":{"neve_meta_sidebar":"","neve_meta_container":"","neve_meta_enable_content_width":"","neve_meta_content_width":0,"neve_meta_title_alignment":"","neve_meta_author_avatar":"","neve_post_elements_order":"","neve_meta_disable_header":"","neve_meta_disable_footer":"","neve_meta_disable_title":"","_themeisle_gutenberg_block_has_review":false,"footnotes":""},"class_list":["post-2890","page","type-page","status-publish","hentry"],"_links":{"self":[{"href":"https:\/\/www.sasuudad.ee\/en_us\/wp-json\/wp\/v2\/pages\/2890","targetHints":{"allow":["GET"]}}],"collection":[{"href":"https:\/\/www.sasuudad.ee\/en_us\/wp-json\/wp\/v2\/pages"}],"about":[{"href":"https:\/\/www.sasuudad.ee\/en_us\/wp-json\/wp\/v2\/types\/page"}],"author":[{"embeddable":true,"href":"https:\/\/www.sasuudad.ee\/en_us\/wp-json\/wp\/v2\/users\/2"}],"replies":[{"embeddable":true,"href":"https:\/\/www.sasuudad.ee\/en_us\/wp-json\/wp\/v2\/comments?post=2890"}],"version-history":[{"count":1,"href":"https:\/\/www.sasuudad.ee\/en_us\/wp-json\/wp\/v2\/pages\/2890\/revisions"}],"predecessor-version":[{"id":2891,"href":"https:\/\/www.sasuudad.ee\/en_us\/wp-json\/wp\/v2\/pages\/2890\/revisions\/2891"}],"wp:attachment":[{"href":"https:\/\/www.sasuudad.ee\/en_us\/wp-json\/wp\/v2\/media?parent=2890"}],"curies":[{"name":"wp","href":"https:\/\/api.w.org\/{rel}","templated":true}]}}