{"id":3044,"date":"2026-01-12T09:20:55","date_gmt":"2026-01-12T09:20:55","guid":{"rendered":"https:\/\/www.sasuudad.ee\/?page_id=3044"},"modified":"2026-01-12T09:20:55","modified_gmt":"2026-01-12T09:20:55","slug":"peegi-kaibald","status":"publish","type":"page","link":"https:\/\/www.sasuudad.ee\/en_us\/peegi-kaibald\/","title":{"rendered":"Peegi Kaibald"},"content":{"rendered":"<p>Olen disainer, kes aitab muuta Eesti avalikku sektorit inimkesksemaks. <br><br>Igap\u00e4evat\u00f6\u00f6s juhin \u00f5igusdisaini projekte k\u00f5rgelt reguleeritud toetuste valdkonnas, et keerulised s\u00fcsteemid oleksid inimestele arusaadavad ja kasutajas\u00f5bralikud. Pean oluliseks, et keegi ei tunneks end avalike teenuste v\u00f5i \u00f5igusliku asjaajamise puhul eksinuna v\u00f5i k\u00f5rvale j\u00e4etuna. <\/p>\n\n\n\n<p>Mul on hea meel, et saan vabatahtliku disainimentorina panustada algatustesse, mis v\u00f5imestavad noorte iseseisvat hakkamasaamist ning annavad neile h\u00e4\u00e4le ja kindlustunde oma teekonnal.<\/p>","protected":false},"excerpt":{"rendered":"<p>Olen disainer, kes aitab muuta Eesti avalikku sektorit inimkesksemaks. Igap\u00e4evat\u00f6\u00f6s juhin \u00f5igusdisaini projekte k\u00f5rgelt reguleeritud toetuste valdkonnas, et keerulised s\u00fcsteemid oleksid inimestele arusaadavad ja kasutajas\u00f5bralikud. Pean oluliseks, et keegi ei tunneks end avalike teenuste v\u00f5i \u00f5igusliku asjaajamise puhul eksinuna v\u00f5i k\u00f5rvale j\u00e4etuna. Mul on hea meel, et saan vabatahtliku disainimentorina panustada algatustesse, mis v\u00f5imestavad noorte&hellip;&nbsp;<a href=\"https:\/\/www.sasuudad.ee\/en_us\/peegi-kaibald\/\" rel=\"bookmark\">Read More &raquo;<span class=\"screen-reader-text\">Peegi Kaibald<\/span><\/a><\/p>","protected":false},"author":2,"featured_media":0,"parent":0,"menu_order":0,"comment_status":"closed","ping_status":"closed","template":"","meta":{"neve_meta_sidebar":"","neve_meta_container":"","neve_meta_enable_content_width":"","neve_meta_content_width":0,"neve_meta_title_alignment":"","neve_meta_author_avatar":"","neve_post_elements_order":"","neve_meta_disable_header":"","neve_meta_disable_footer":"","neve_meta_disable_title":"","_themeisle_gutenberg_block_has_review":false,"footnotes":""},"class_list":["post-3044","page","type-page","status-publish","hentry"],"_links":{"self":[{"href":"https:\/\/www.sasuudad.ee\/en_us\/wp-json\/wp\/v2\/pages\/3044","targetHints":{"allow":["GET"]}}],"collection":[{"href":"https:\/\/www.sasuudad.ee\/en_us\/wp-json\/wp\/v2\/pages"}],"about":[{"href":"https:\/\/www.sasuudad.ee\/en_us\/wp-json\/wp\/v2\/types\/page"}],"author":[{"embeddable":true,"href":"https:\/\/www.sasuudad.ee\/en_us\/wp-json\/wp\/v2\/users\/2"}],"replies":[{"embeddable":true,"href":"https:\/\/www.sasuudad.ee\/en_us\/wp-json\/wp\/v2\/comments?post=3044"}],"version-history":[{"count":1,"href":"https:\/\/www.sasuudad.ee\/en_us\/wp-json\/wp\/v2\/pages\/3044\/revisions"}],"predecessor-version":[{"id":3045,"href":"https:\/\/www.sasuudad.ee\/en_us\/wp-json\/wp\/v2\/pages\/3044\/revisions\/3045"}],"wp:attachment":[{"href":"https:\/\/www.sasuudad.ee\/en_us\/wp-json\/wp\/v2\/media?parent=3044"}],"curies":[{"name":"wp","href":"https:\/\/api.w.org\/{rel}","templated":true}]}}