{"id":3273,"date":"2026-04-04T08:07:22","date_gmt":"2026-04-04T08:07:22","guid":{"rendered":"https:\/\/www.sasuudad.ee\/?page_id=3273"},"modified":"2026-04-12T11:24:17","modified_gmt":"2026-04-12T11:24:17","slug":"noortenoukogu-avaldus","status":"publish","type":"page","link":"https:\/\/www.sasuudad.ee\/en_us\/noortenoukogu-avaldus\/","title":{"rendered":"MT\u00dc Sa Suudad Noorte n\u00f5ukogu"},"content":{"rendered":"\n<div id=\"wp-block-themeisle-blocks-advanced-columns-ac73c19c\" class=\"wp-block-themeisle-blocks-advanced-columns alignfull has-2-columns has-desktop-equal-layout has-tablet-equal-layout has-mobile-collapsedRows-layout has-vertical-unset\"><div class=\"wp-block-themeisle-blocks-advanced-columns-overlay\"><\/div><div class=\"innerblocks-wrap\">\n<div id=\"wp-block-themeisle-blocks-advanced-column-4ca65bcb\" class=\"wp-block-themeisle-blocks-advanced-column\">\n<div style=\"height:20px\" aria-hidden=\"true\" class=\"wp-block-spacer\"><\/div>\n\n\n\n<h2 class=\"wp-block-heading has-text-color has-link-color wp-elements-2eafd2d2a30ca65536030637c849c64f\" style=\"color:#070731\">On noori, kes teavad s\u00fcsteemi ainult k\u00f5rvalt.<br>Ja on neid, kes on seda ise kogenud.<\/h2>\n\n\n\n<p>Kui sina kuulud viimaste hulka, siis just sinu vaade on see, mida on vaja kuulda.<\/p>\n\n\n\n<p>Noorte n\u00f5ukogu toob sind kokku:<\/p>\n\n\n\n<ul class=\"wp-block-list\">\n<li>\u00f5iguss\u00fcsteemi esindajatega<\/li>\n\n\n\n<li>sotsiaalt\u00f6\u00f6tajate ja otsustajatega<\/li>\n\n\n\n<li>riigi ja kohaliku tasandi juhtidega<\/li>\n<\/ul>\n\n\n\n<p class=\"has-text-color has-link-color wp-elements-e8be2990b0db413db1a8d14ddbfe4f19\" style=\"color:#070731\"><strong>See ei ole lihtsalt arutelu &#8211; see on v\u00f5imalus r\u00e4\u00e4kida ausalt sellest, mis p\u00e4riselt toimib ja mis mitte.<\/strong><\/p>\n<\/div>\n\n\n\n<div id=\"wp-block-themeisle-blocks-advanced-column-15556b94\" class=\"wp-block-themeisle-blocks-advanced-column\">\n<div style=\"height:24px\" aria-hidden=\"true\" class=\"wp-block-spacer\"><\/div>\n\n\n\n<div id=\"wp-block-themeisle-blocks-accordion-d6127404\" class=\"wp-block-themeisle-blocks-accordion exclusive\">\n<details open class=\"wp-block-themeisle-blocks-accordion-item\"><summary class=\"wp-block-themeisle-blocks-accordion-item__title\"><div>Mis on Noorte N\u00f5ukogu?<\/div><\/summary><div class=\"wp-block-themeisle-blocks-accordion-item__content\">\n<p>MT\u00dc Sa Suudad Noorte N\u00f5ukogu eesm\u00e4rk on pakkuda <strong>turvalist ja toetatud ruumi<\/strong>, kus noored saavad jagada oma kogemusi, avaldada arvamust ning teha ettepanekuid, mis aitavad kujundada lapse- ja noortes\u00f5bralikumat \u00fchiskonda. <a href=\"https:\/\/www.sasuudad.ee\/noorte-noukogu-taasloomine\/\" target=\"_blank\" rel=\"noreferrer noopener\">Loe rohkem..<\/a><\/p>\n<\/div><\/details>\n<\/div>\n\n\n<div class=\"wp-block-image\">\n<figure class=\"aligncenter size-full\"><img loading=\"lazy\" decoding=\"async\" width=\"619\" height=\"457\" src=\"https:\/\/www.sasuudad.ee\/wp-content\/uploads\/2026\/04\/MTU-Sa-Suudad-noorte-noukogu-1.png\" alt=\"\" class=\"wp-image-3277\" srcset=\"https:\/\/www.sasuudad.ee\/wp-content\/uploads\/2026\/04\/MTU-Sa-Suudad-noorte-noukogu-1.png 619w, https:\/\/www.sasuudad.ee\/wp-content\/uploads\/2026\/04\/MTU-Sa-Suudad-noorte-noukogu-1-300x221.png 300w, https:\/\/www.sasuudad.ee\/wp-content\/uploads\/2026\/04\/MTU-Sa-Suudad-noorte-noukogu-1-16x12.png 16w\" sizes=\"auto, (max-width: 619px) 100vw, 619px\" \/><\/figure>\n<\/div><\/div>\n<\/div><\/div>\n\n\n\n<p class=\"has-text-align-center\"><strong>T\u00e4ida vorm ja anna m\u00e4rku, et soovid kaasa r\u00e4\u00e4kida<\/strong><br><br>NB! Alla 18 aastastel vaja seadusliku esindaja luba<\/p>\n\n\n\n<div id=\"wp-block-themeisle-blocks-advanced-columns-c18cd33d\" class=\"wp-block-themeisle-blocks-advanced-columns alignfull has-1-columns has-desktop-equal-layout has-tablet-equal-layout has-mobile-collapsedRows-layout has-vertical-unset\"><div class=\"wp-block-themeisle-blocks-advanced-columns-overlay\"><\/div><div class=\"innerblocks-wrap\">\n<div id=\"wp-block-themeisle-blocks-advanced-column-3c965070\" class=\"wp-block-themeisle-blocks-advanced-column contact-form has-light-bg\"><style id=\"wpforms-css-vars-3281-block-f6c7f25d-b11a-4b58-91fb-19d94d4127dd\">\n\t\t\t\t#wpforms-3281.wpforms-block-f6c7f25d-b11a-4b58-91fb-19d94d4127dd {\n\t\t\t\t--wpforms-field-size-input-height: 43px;\n--wpforms-field-size-input-spacing: 15px;\n--wpforms-field-size-font-size: 16px;\n--wpforms-field-size-line-height: 19px;\n--wpforms-field-size-padding-h: 14px;\n--wpforms-field-size-checkbox-size: 16px;\n--wpforms-field-size-sublabel-spacing: 5px;\n--wpforms-field-size-icon-size: 1;\n--wpforms-label-size-font-size: 16px;\n--wpforms-label-size-line-height: 19px;\n--wpforms-label-size-sublabel-font-size: 14px;\n--wpforms-label-size-sublabel-line-height: 17px;\n--wpforms-button-size-font-size: 17px;\n--wpforms-button-size-height: 41px;\n--wpforms-button-size-padding-h: 15px;\n--wpforms-button-size-margin-top: 10px;\n\t\t\t}\n\t\t\t<\/style><div class=\"wpforms-container wpforms-container-full wpforms-block wpforms-block-f6c7f25d-b11a-4b58-91fb-19d94d4127dd wpforms-render-modern\" id=\"wpforms-3281\"><form id=\"wpforms-form-3281\" class=\"wpforms-validate wpforms-form wpforms-ajax-form\" data-formid=\"3281\" method=\"post\" enctype=\"multipart\/form-data\" action=\"\/en_us\/wp-json\/wp\/v2\/pages\/3273\" data-token=\"4550cb5376a25b6e08dc20deff16cae3\" data-token-time=\"1776223983\"><noscript class=\"wpforms-error-noscript\">Please enable JavaScript in your browser to complete this form.<\/noscript><div id=\"wpforms-error-noscript\" style=\"display: none;\">Please enable JavaScript in your browser to complete this form.<\/div><div class=\"wpforms-field-container\"><div id=\"wpforms-3281-field_0-container\" class=\"wpforms-field wpforms-field-name\" data-field-id=\"0\"><fieldset><legend class=\"wpforms-field-label\">Nimi <span class=\"wpforms-required-label\" aria-hidden=\"true\">*<\/span><\/legend><div class=\"wpforms-field-row wpforms-field-large\"><div class=\"wpforms-field-row-block wpforms-first wpforms-one-half\"><input type=\"text\" id=\"wpforms-3281-field_0\" class=\"wpforms-field-name-first wpforms-field-required\" name=\"wpforms[fields][0][first]\" placeholder=\"Eesnimi\" aria-errormessage=\"wpforms-3281-field_0-error\" required><label for=\"wpforms-3281-field_0\" class=\"wpforms-field-sublabel after wpforms-sublabel-hide\">First<\/label><\/div><div class=\"wpforms-field-row-block wpforms-one-half\"><input type=\"text\" id=\"wpforms-3281-field_0-last\" class=\"wpforms-field-name-last wpforms-field-required\" name=\"wpforms[fields][0][last]\" placeholder=\"Perekonnanimi\" aria-errormessage=\"wpforms-3281-field_0-last-error\" required><label for=\"wpforms-3281-field_0-last\" class=\"wpforms-field-sublabel after wpforms-sublabel-hide\">Last<\/label><\/div><\/div><\/fieldset><\/div><div id=\"wpforms-3281-field_16-container\" class=\"wpforms-field wpforms-field-text\" data-field-id=\"16\"><label class=\"wpforms-field-label\" for=\"wpforms-3281-field_16\">Vanus <span class=\"wpforms-required-label\" aria-hidden=\"true\">*<\/span><\/label><input type=\"text\" id=\"wpforms-3281-field_16\" class=\"wpforms-field-medium wpforms-field-required\" name=\"wpforms[fields][16]\" aria-errormessage=\"wpforms-3281-field_16-error\" required><\/div><div id=\"wpforms-3281-field_4-container\" class=\"wpforms-field wpforms-field-text\" data-field-id=\"4\"><label class=\"wpforms-field-label\" for=\"wpforms-3281-field_4\">Haridusasutus ja klass\/aasta (juhul kui ei \u00f5pi hetkel pane -): <span class=\"wpforms-required-label\" aria-hidden=\"true\">*<\/span><\/label><input type=\"text\" id=\"wpforms-3281-field_4\" class=\"wpforms-field-medium wpforms-field-required\" name=\"wpforms[fields][4]\" aria-errormessage=\"wpforms-3281-field_4-error\" aria-describedby=\"wpforms-3281-field_4-description\" required><div id=\"wpforms-3281-field_4-description\" class=\"wpforms-field-description\">Kooli nimi ja klass<\/div><\/div><div id=\"wpforms-3281-field_20-container\" class=\"wpforms-field wpforms-field-text\" data-field-id=\"20\"><label class=\"wpforms-field-label\" for=\"wpforms-3281-field_20\">T\u00f6\u00f6koht (kui ei t\u00f6\u00f6ta hetkel pane -): <span class=\"wpforms-required-label\" aria-hidden=\"true\">*<\/span><\/label><input type=\"text\" id=\"wpforms-3281-field_20\" class=\"wpforms-field-medium wpforms-field-required\" name=\"wpforms[fields][20]\" aria-errormessage=\"wpforms-3281-field_20-error\" aria-describedby=\"wpforms-3281-field_20-description\" required><div id=\"wpforms-3281-field_20-description\" class=\"wpforms-field-description\">Kellena t\u00f6\u00f6tad?<\/div><\/div><div id=\"wpforms-3281-field_22-container\" class=\"wpforms-field wpforms-field-textarea\" data-field-id=\"22\"><label class=\"wpforms-field-label\" for=\"wpforms-3281-field_22\">Milliste vaimse tervise spetsialistidega on sul olnud kokkupuude? <span class=\"wpforms-required-label\" aria-hidden=\"true\">*<\/span><\/label><textarea id=\"wpforms-3281-field_22\" class=\"wpforms-field-medium wpforms-field-required\" name=\"wpforms[fields][22]\" aria-errormessage=\"wpforms-3281-field_22-error\" aria-describedby=\"wpforms-3281-field_22-description\" required><\/textarea><div id=\"wpforms-3281-field_22-description\" class=\"wpforms-field-description\">N\u00e4iteks: ps\u00fchholoog, ps\u00fchhiaater, kooli n\u00f5ustaja, kogemusn\u00f5ustaja jne<\/div><\/div><div id=\"wpforms-3281-field_23-container\" class=\"wpforms-field wpforms-field-textarea\" data-field-id=\"23\"><label class=\"wpforms-field-label\" for=\"wpforms-3281-field_23\">Milliste riigis\u00fcsteemidega on sul olnud kokkupuude? <span class=\"wpforms-required-label\" aria-hidden=\"true\">*<\/span><\/label><textarea id=\"wpforms-3281-field_23\" class=\"wpforms-field-medium wpforms-field-required\" name=\"wpforms[fields][23]\" aria-errormessage=\"wpforms-3281-field_23-error\" aria-describedby=\"wpforms-3281-field_23-description\" required><\/textarea><div id=\"wpforms-3281-field_23-description\" class=\"wpforms-field-description\">N\u00e4iteks: \u00f5iguss\u00fcsteem &#8211; politsei, prokur\u00f6r; sotsiaals\u00fcsteem &#8211; asenduskodu, laste heaolu spetsialist; meditsiinis\u00fcsteem &#8211; vaimse tervise spetsialistid jne.<\/div><\/div><div id=\"wpforms-3281-field_17-container\" class=\"wpforms-field wpforms-field-text\" data-field-id=\"17\"><label class=\"wpforms-field-label\" for=\"wpforms-3281-field_17\">Kas sul on teemasid, mida sa ei soovi kindlasti arutada? Kui jah, millised? <span class=\"wpforms-required-label\" aria-hidden=\"true\">*<\/span><\/label><input type=\"text\" id=\"wpforms-3281-field_17\" class=\"wpforms-field-medium wpforms-field-required\" name=\"wpforms[fields][17]\" aria-errormessage=\"wpforms-3281-field_17-error\" required><\/div><div id=\"wpforms-3281-field_21-container\" class=\"wpforms-field wpforms-field-textarea\" data-field-id=\"21\"><label class=\"wpforms-field-label\" for=\"wpforms-3281-field_21\">Miks soovid noorte n\u00f5ukoguga \u00fchineda? <span class=\"wpforms-required-label\" aria-hidden=\"true\">*<\/span><\/label><textarea id=\"wpforms-3281-field_21\" class=\"wpforms-field-medium wpforms-field-required\" name=\"wpforms[fields][21]\" aria-errormessage=\"wpforms-3281-field_21-error\" required><\/textarea><\/div><div id=\"wpforms-3281-field_24-container\" class=\"wpforms-field wpforms-field-textarea\" data-field-id=\"24\"><label class=\"wpforms-field-label\" for=\"wpforms-3281-field_24\">Kuidas kirjeldaksid ennast 3 lausega? <span class=\"wpforms-required-label\" aria-hidden=\"true\">*<\/span><\/label><textarea id=\"wpforms-3281-field_24\" class=\"wpforms-field-medium wpforms-field-required\" name=\"wpforms[fields][24]\" aria-errormessage=\"wpforms-3281-field_24-error\" required><\/textarea><\/div><div id=\"wpforms-3281-field_26-container\" class=\"wpforms-field wpforms-field-text\" data-field-id=\"26\"><label class=\"wpforms-field-label\" for=\"wpforms-3281-field_26\">Kui kerge v\u00f5i keeruline on sul vestelda rasketel teemadel? <span class=\"wpforms-required-label\" aria-hidden=\"true\">*<\/span><\/label><input type=\"text\" id=\"wpforms-3281-field_26\" class=\"wpforms-field-medium wpforms-field-required\" name=\"wpforms[fields][26]\" aria-errormessage=\"wpforms-3281-field_26-error\" required><\/div><div id=\"wpforms-3281-field_27-container\" class=\"wpforms-field wpforms-field-text\" data-field-id=\"27\"><label class=\"wpforms-field-label\" for=\"wpforms-3281-field_27\">Kui valmis oled jagama keerulisi kogemusi enda elust? <span class=\"wpforms-required-label\" aria-hidden=\"true\">*<\/span><\/label><input type=\"text\" id=\"wpforms-3281-field_27\" class=\"wpforms-field-medium wpforms-field-required\" name=\"wpforms[fields][27]\" aria-errormessage=\"wpforms-3281-field_27-error\" required><\/div><div id=\"wpforms-3281-field_28-container\" class=\"wpforms-field wpforms-field-text\" data-field-id=\"28\"><label class=\"wpforms-field-label\" for=\"wpforms-3281-field_28\">Kuidas tunned ennast suuremates gruppides r\u00e4\u00e4kides? <span class=\"wpforms-required-label\" aria-hidden=\"true\">*<\/span><\/label><input type=\"text\" id=\"wpforms-3281-field_28\" class=\"wpforms-field-medium wpforms-field-required\" name=\"wpforms[fields][28]\" aria-errormessage=\"wpforms-3281-field_28-error\" required><\/div><div id=\"wpforms-3281-field_31-container\" class=\"wpforms-field wpforms-field-textarea\" data-field-id=\"31\"><label class=\"wpforms-field-label\" for=\"wpforms-3281-field_31\">Lisainfo <\/label><textarea id=\"wpforms-3281-field_31\" class=\"wpforms-field-medium\" name=\"wpforms[fields][31]\" aria-errormessage=\"wpforms-3281-field_31-error\" aria-describedby=\"wpforms-3281-field_31-description\" ><\/textarea><div id=\"wpforms-3281-field_31-description\" class=\"wpforms-field-description\">Anna veel m\u00e4rku kui me nt ei k\u00fcsinud millegi sinu jaoks olulise kohta, vajad abi n\u00f5ukogu vanematele tutvustamisega v\u00f5i ootad lihtsalt v\u00e4ga elevusega toimetuste algust.<\/div><\/div><div id=\"wpforms-3281-field_29-container\" class=\"wpforms-field wpforms-field-text\" data-field-id=\"29\"><label class=\"wpforms-field-label\" for=\"wpforms-3281-field_29\">Mis on sinu huvialad? <span class=\"wpforms-required-label\" aria-hidden=\"true\">*<\/span><\/label><input type=\"text\" id=\"wpforms-3281-field_29\" class=\"wpforms-field-medium wpforms-field-required\" name=\"wpforms[fields][29]\" aria-errormessage=\"wpforms-3281-field_29-error\" required><\/div><div id=\"wpforms-3281-field_30-container\" class=\"wpforms-field wpforms-field-email\" data-field-id=\"30\"><label class=\"wpforms-field-label\" for=\"wpforms-3281-field_30\">E-maili aadress, et saaksime sinuga kontakti v\u00f5tta <span class=\"wpforms-required-label\" aria-hidden=\"true\">*<\/span><\/label><input type=\"email\" id=\"wpforms-3281-field_30\" class=\"wpforms-field-medium wpforms-field-required\" name=\"wpforms[fields][30]\" spellcheck=\"false\" aria-errormessage=\"wpforms-3281-field_30-error\" required><\/div><\/div><!-- .wpforms-field-container --><div class=\"wpforms-submit-container\" ><input type=\"hidden\" name=\"wpforms[id]\" value=\"3281\"><input type=\"hidden\" name=\"page_title\" value=\"\"><input type=\"hidden\" name=\"page_url\" value=\"https:\/\/www.sasuudad.ee\/en_us\/wp-json\/wp\/v2\/pages\/3273\"><input type=\"hidden\" name=\"url_referer\" value=\"\"><button type=\"submit\" name=\"wpforms[submit]\" id=\"wpforms-submit-3281\" class=\"wpforms-submit\" data-alt-text=\"Saadan\" data-submit-text=\"SAADA\" aria-live=\"assertive\" value=\"wpforms-submit\">SAADA<\/button><img loading=\"lazy\" decoding=\"async\" src=\"https:\/\/www.sasuudad.ee\/wp-content\/plugins\/wpforms-lite\/assets\/images\/submit-spin.svg\" class=\"wpforms-submit-spinner\" style=\"display: none;\" width=\"26\" height=\"26\" alt=\"Loading\"><\/div><\/form><\/div>  <!-- .wpforms-container --><\/div>\n<\/div><\/div>\n\n\n\n<div class=\"wp-block-columns is-layout-flex wp-container-core-columns-is-layout-9d6595d7 wp-block-columns-is-layout-flex\">\n<div class=\"wp-block-column is-layout-flow wp-block-column-is-layout-flow\" style=\"flex-basis:33.33%\">\n<figure class=\"wp-block-image size-full has-custom-border\"><img loading=\"lazy\" decoding=\"async\" width=\"619\" height=\"609\" src=\"https:\/\/www.sasuudad.ee\/wp-content\/uploads\/2026\/04\/MTU-Sa-Suudad-noorte-noukogu-I.png\" alt=\"\" class=\"wp-image-3279\" style=\"border-top-left-radius:38px;border-top-right-radius:38px;border-bottom-left-radius:38px;border-bottom-right-radius:38px\" srcset=\"https:\/\/www.sasuudad.ee\/wp-content\/uploads\/2026\/04\/MTU-Sa-Suudad-noorte-noukogu-I.png 619w, https:\/\/www.sasuudad.ee\/wp-content\/uploads\/2026\/04\/MTU-Sa-Suudad-noorte-noukogu-I-300x295.png 300w, https:\/\/www.sasuudad.ee\/wp-content\/uploads\/2026\/04\/MTU-Sa-Suudad-noorte-noukogu-I-12x12.png 12w\" sizes=\"auto, (max-width: 619px) 100vw, 619px\" \/><\/figure>\n<\/div>\n\n\n\n<div class=\"wp-block-column is-layout-flow wp-block-column-is-layout-flow\" style=\"flex-basis:66.66%\">\n<p>Ausalt.. kui mitte sina, siis kes?<\/p>\n\n\n\n<p>Need, kes otsuseid teevad, ei ole alati ise seda l\u00e4bi elanud.<br>Sina oled.<\/p>\n\n\n\n<p>Nii et\u2026<br>tule laua taha ja \u00fctle, kuidas asjad p\u00e4riselt on.<\/p>\n<\/div>\n<\/div>\n\n\n\n<p>Kui sul on lisak\u00fcsimusi siis kirjuta <a href=\"mailto:noortenoukogu@sasuudad.ee\">noukogu@sasuudad.ee<\/a><br><br><strong>Rahastatud Euroopa Liidu poolt. Avaldatud seisukohad ja arvamused on ainult autori(te) omad ega pruugi kajastada Euroopa Liidu v\u00f5i Euroopa Hariduse ja Kultuuri Rakendusameti (EACEA) seisukohti ja arvamusi. Euroopa Liit ega EACEA nende eest ei vastuta.<\/strong><\/p>\n\n\n\n<div class=\"wp-block-columns is-layout-flex wp-container-core-columns-is-layout-9d6595d7 wp-block-columns-is-layout-flex\">\n<div class=\"wp-block-column is-layout-flow wp-block-column-is-layout-flow\">\n<figure class=\"wp-block-image size-large\"><img loading=\"lazy\" decoding=\"async\" width=\"1024\" height=\"576\" src=\"https:\/\/www.sasuudad.ee\/wp-content\/uploads\/2026\/04\/erasmus_noored_siniseltaustal-1024x576.jpg\" alt=\"\" class=\"wp-image-3310\" srcset=\"https:\/\/www.sasuudad.ee\/wp-content\/uploads\/2026\/04\/erasmus_noored_siniseltaustal-1024x576.jpg 1024w, https:\/\/www.sasuudad.ee\/wp-content\/uploads\/2026\/04\/erasmus_noored_siniseltaustal-300x169.jpg 300w, https:\/\/www.sasuudad.ee\/wp-content\/uploads\/2026\/04\/erasmus_noored_siniseltaustal-768x432.jpg 768w, https:\/\/www.sasuudad.ee\/wp-content\/uploads\/2026\/04\/erasmus_noored_siniseltaustal-1536x864.jpg 1536w, https:\/\/www.sasuudad.ee\/wp-content\/uploads\/2026\/04\/erasmus_noored_siniseltaustal-2048x1153.jpg 2048w, https:\/\/www.sasuudad.ee\/wp-content\/uploads\/2026\/04\/erasmus_noored_siniseltaustal-18x10.jpg 18w\" sizes=\"auto, (max-width: 1024px) 100vw, 1024px\" \/><\/figure>\n<\/div>\n\n\n\n<div class=\"wp-block-column is-layout-flow wp-block-column-is-layout-flow\">\n<div style=\"height:62px\" aria-hidden=\"true\" class=\"wp-block-spacer\"><\/div>\n\n\n\n<figure class=\"wp-block-image size-large\"><img loading=\"lazy\" decoding=\"async\" width=\"1024\" height=\"246\" src=\"https:\/\/www.sasuudad.ee\/wp-content\/uploads\/2026\/04\/ET-Kaasrahastanud-Euroopa-Liit_POS-1024x246.png\" alt=\"\" class=\"wp-image-3309\" srcset=\"https:\/\/www.sasuudad.ee\/wp-content\/uploads\/2026\/04\/ET-Kaasrahastanud-Euroopa-Liit_POS-1024x246.png 1024w, https:\/\/www.sasuudad.ee\/wp-content\/uploads\/2026\/04\/ET-Kaasrahastanud-Euroopa-Liit_POS-300x72.png 300w, https:\/\/www.sasuudad.ee\/wp-content\/uploads\/2026\/04\/ET-Kaasrahastanud-Euroopa-Liit_POS-768x184.png 768w, https:\/\/www.sasuudad.ee\/wp-content\/uploads\/2026\/04\/ET-Kaasrahastanud-Euroopa-Liit_POS-1536x369.png 1536w, https:\/\/www.sasuudad.ee\/wp-content\/uploads\/2026\/04\/ET-Kaasrahastanud-Euroopa-Liit_POS-2048x492.png 2048w, https:\/\/www.sasuudad.ee\/wp-content\/uploads\/2026\/04\/ET-Kaasrahastanud-Euroopa-Liit_POS-18x4.png 18w\" sizes=\"auto, (max-width: 1024px) 100vw, 1024px\" \/><\/figure>\n<\/div>\n<\/div>\n","protected":false},"excerpt":{"rendered":"<p>T\u00e4ida vorm ja anna m\u00e4rku, et soovid kaasa r\u00e4\u00e4kida NB! Alla 18 aastastel vaja seadusliku esindaja luba Ausalt.. kui mitte sina, siis kes? Need, kes otsuseid teevad, ei ole alati ise seda l\u00e4bi elanud.Sina oled. Nii et\u2026tule laua taha ja \u00fctle, kuidas asjad p\u00e4riselt on. Kui sul on lisak\u00fcsimusi siis kirjuta noukogu@sasuudad.ee Rahastatud Euroopa Liidu&hellip;&nbsp;<a href=\"https:\/\/www.sasuudad.ee\/en_us\/noortenoukogu-avaldus\/\" rel=\"bookmark\">Read More &raquo;<span class=\"screen-reader-text\">MT\u00dc Sa Suudad Noorte n\u00f5ukogu<\/span><\/a><\/p>","protected":false},"author":2,"featured_media":0,"parent":0,"menu_order":0,"comment_status":"closed","ping_status":"closed","template":"","meta":{"neve_meta_sidebar":"","neve_meta_container":"","neve_meta_enable_content_width":"","neve_meta_content_width":0,"neve_meta_title_alignment":"","neve_meta_author_avatar":"","neve_post_elements_order":"","neve_meta_disable_header":"","neve_meta_disable_footer":"","neve_meta_disable_title":"","_themeisle_gutenberg_block_has_review":false,"footnotes":""},"class_list":["post-3273","page","type-page","status-publish","hentry"],"_links":{"self":[{"href":"https:\/\/www.sasuudad.ee\/en_us\/wp-json\/wp\/v2\/pages\/3273","targetHints":{"allow":["GET"]}}],"collection":[{"href":"https:\/\/www.sasuudad.ee\/en_us\/wp-json\/wp\/v2\/pages"}],"about":[{"href":"https:\/\/www.sasuudad.ee\/en_us\/wp-json\/wp\/v2\/types\/page"}],"author":[{"embeddable":true,"href":"https:\/\/www.sasuudad.ee\/en_us\/wp-json\/wp\/v2\/users\/2"}],"replies":[{"embeddable":true,"href":"https:\/\/www.sasuudad.ee\/en_us\/wp-json\/wp\/v2\/comments?post=3273"}],"version-history":[{"count":13,"href":"https:\/\/www.sasuudad.ee\/en_us\/wp-json\/wp\/v2\/pages\/3273\/revisions"}],"predecessor-version":[{"id":3317,"href":"https:\/\/www.sasuudad.ee\/en_us\/wp-json\/wp\/v2\/pages\/3273\/revisions\/3317"}],"wp:attachment":[{"href":"https:\/\/www.sasuudad.ee\/en_us\/wp-json\/wp\/v2\/media?parent=3273"}],"curies":[{"name":"wp","href":"https:\/\/api.w.org\/{rel}","templated":true}]}}