{"id":3318,"date":"2026-04-14T13:33:43","date_gmt":"2026-04-14T13:33:43","guid":{"rendered":"https:\/\/www.sasuudad.ee\/?page_id=3318"},"modified":"2026-04-14T14:55:57","modified_gmt":"2026-04-14T14:55:57","slug":"hoia-mind-kaisus","status":"publish","type":"page","link":"https:\/\/www.sasuudad.ee\/en_us\/hoia-mind-kaisus\/","title":{"rendered":"&#8220;Hoia mind kaisus&#8221; koost\u00f6\u00f6 projekt"},"content":{"rendered":"<p class=\"has-nv-site-bg-background-color has-background\">Viimased neli aastat on dokumentalist ja noortega t\u00f6\u00f6tav kunstnik Marta Vaarik koos oma tiimiga arendanud osaluskunsti projekti <em>\u201cHoia mind kaisus\u201d<\/em>.<\/p>\n\n\n\n<p class=\"has-nv-site-bg-background-color has-background\">2026 aasta augustis avatakse Kumu kunstimuuseumi hoovis samanimeline n\u00e4itus, mis keskendub noorte vaimsele tervisele, lapsep\u00f5lve m\u00f5jule ja empaatia olulisusele.<\/p>\n\n\n\n<h3 class=\"wp-block-heading\"><strong>Miks see projekt on vajalik?<\/strong><\/h3>\n\n\n\n<p>T\u00e4nap\u00e4eva linnakeskkonnas j\u00e4\u00e4vad paljud noored oma muredega \u00fcksi. Kogukonnatunne n\u00f5rgeneb, m\u00e4rkamist on v\u00e4hem ning inimesed kipuvad \u00fcksteist hindama esmamulje p\u00f5hjal.<\/p>\n\n\n\n<p>Projekt \u201cHoia mind kaisus\u201d aitab neid barj\u00e4\u00e4re murda.<br>See kutsub \u00fcles vaatama s\u00fcgavamale \u2013 n\u00e4gema inimese k\u00e4itumise taha ja m\u00f5istma tema lugu.<\/p>\n\n\n\n<p>Eriti oluline on see noorte puhul, kellel esineb riskik\u00e4itumist. Sageli peidab v\u00e4liselt karm v\u00f5i t\u00f5rjuv hoiak endas hoopis valu, kaotust v\u00f5i \u00fcksindust. Kui inimesele p\u00e4riselt silma vaadata, siis enamik inimesi on tegelikult toredad. <\/p>\n\n\n\n<p>Sama lugu on kinnises lasteasutuses olevate noortega, kellel esineb riskik\u00e4itumist. Nad on valjud, energilised, vahel sellised p***e saatvad t\u00fc\u00fcbid, aga kui Marta ja ta tiim istuvad 16-aastase poisiga silmast silma intervjuud tegema, muutub ta \u00e4kki nelja-aastaseks lapseks, kelle isa suri ja ema kolis j\u00e4rgmisel p\u00e4eval uue mehe juurde, j\u00e4ttes ta kaheks n\u00e4dalaks \u00fcksi koju.<br><br>Koost\u00f6\u00f6s Kumu kunstimuuseumiga loodav n\u00e4itus on suur osa 2027. aastal esilinastuvast samanimelisest dokumentaalfilmist, mis jutustab nende noorte eludest. Raha dokumentaalfilmi tegemiseks on olemas. N\u00e4ituse eesm\u00e4rk on anda nendele noortele v\u00f5imalus olla kuuldud, ise juhtida ja m\u00f5elda \u2013 ning seel\u00e4bi luua oma kunsti. <strong>On t\u00f5estatud, et kui noortel, kellel esineb riskik\u00e4itumist, on kasv\u00f5i \u00fcks turvaline t\u00e4iskasvanu, kes usub tema paremasse tulevikku, siis tema tulevik p\u00e4riselt muutubki paremaks.<\/strong> <\/p>\n\n\n\n<p>Meie usume, aita meil uskuda ja palun hakka ise ka uskuma!<br><br>Kui annetad raha, et Marta Vaariku tiim saaks noorte ideed ellu viia, n\u00e4iteks teha poistega p\u00e4ris action-filmi, et nad n\u00e4eksid, et adrekat saab ka muul moel kui juues ja kakeldes. On t\u00e4iesti turvalisi ja seaduslikke viise \u2013 n\u00e4iteks filmitegemine, kunst ja muusika loomine. Toetust vajavad noorte kunstiprojektid on eri vormides: l\u00fchifilmid, fotograafia, muusikavideo,<br>installatsioonid, skulptuurid jne. <\/p>\n\n\n\n<p>K\u00f5ik need \u00fcheksa teost j\u00f5uavad Kumu kunstimuuseumi hoovi n\u00e4itusele, mille kuraator on Anders H\u00e4rm. Sissep\u00e4\u00e4s n\u00e4itusele on k\u00f5igile <strong>TASUTA<\/strong>. Loome n\u00e4itusele vabaajaveetmise v\u00f5imalusi, et tuua kokku kunstipublik ja noored, et me saaksime seal k\u00f5ik koos ebamugavat kunsti vaadates ennast mugavalt tunda.<br><br>Kumu n\u00e4ituse avamine on meie dokumentaalfilmi viimane stseen, hetk,<br>kus n\u00e4eme filmis osalevate noorte n\u00e4gusid esimest korda, k\u00f5ik koos, rahva seas, Eesti presidendi, influencerite, poliitikute ja <strong>TEIE<\/strong> k\u00f5rval!<br><br>Me elame siin ikkagi nagu v\u00e4ikses k\u00fclas, k\u00f5ik teavad k\u00f5iki \u2013 hoiame \u00fcksteist nagu \u00fcks kogukond v\u00f5iks hoida, ja loome koos parema tuleviku k\u00f5igile. Sinu toetus aitab meil maailma muuta. Ait\u00e4h teile kogu s\u00fcdamest. Lapsed on maailma k\u00f5ige haavatavamad inimesed, kellel on \u00f5igus olla austatud, kuulatud ja armastatud.<br><br>MT\u00dc Sa Suudad on Hoia mind kaisus meeskonna partner heategevusrahade osas. <br><br><strong>Mittetulundus\u00fching Sa Suudad<br>IBAN: EE587700771010145417<br>Selgitus: Hoia Mind Kaisus<\/strong><br><br>Kui Sa tahad anda rohkem raha v\u00f5i tulla v\u00f5ttep\u00e4evale kaasa, v\u00f5i kui Sul on ideid ja k\u00fcsimusi, palun v\u00f5ta julgelt \u00fchendust. Soovi korral saame Sulle saata valmiva filmi videotutvustuse.<br><br>tel: +372 5340 4940 <br>email: martavaarik@gmail.com<strong><br>Marta Vaarik, Juri Krutii ja Hoia Mind Kaisus meeskond<\/strong><br><br>K\u00f5ik annetused kasutatakse sihtotstarbeliselt noorte loovprojektide toetamiseks MT\u00dc Sa Suudad p\u00f5hikirjaliste eesm\u00e4rkide raames.<\/p>\n\n\n\n<figure class=\"wp-block-pullquote has-nv-site-bg-background-color has-background has-small-font-size\"><blockquote><p><br><strong>Toetus alates 5000\u20ac<\/strong><br><br>V\u00f5imalus osaleda filmi esilinastuse privaatseansil sponsoritele,<br>nimi v\u00f5i logo filmi l\u00f5putiitrites ja k\u00f5ikidel n\u00e4itusega seotud meediamaterjalidel, kutsed n\u00e4ituse avamisele Kumu kunstimuuseumis ning t\u00e4nus\u00f5nad avak\u00f5nes.<br><br><strong>Toetus alates 2000\u20ac<\/strong><br><br>V\u00f5imalus olla enda v\u00f5i firma nimega filmi l\u00f5putiitrites ning kutsed n\u00e4ituse avamisele.<br><br><strong>Toetus alates 100\u20ac<\/strong><br><br>V\u00f5imalus olla oma nimega \u201cHoia mind kaisus\u201d filmi l\u00f5putiitrites.<br><br><strong>K\u00f5ik annetused l\u00e4hevad 100%:<\/strong><br><br>noorte teoste loomiseks;<br>t\u00f6\u00f6ks noortega v\u00e4ljaspool KLAT-i;<br>haridusprogrammide l\u00e4biviimiseks;<br>avalikuks teavituskampaaniaks;<br>j\u00e4tkuprogrammiks,<br>mis toetab noorte eneseteostust.<br><\/p><\/blockquote><\/figure>\n\n\n\n<div class=\"wp-block-group\"><div class=\"wp-block-group__inner-container is-layout-constrained wp-block-group-is-layout-constrained\">\n<h2 class=\"wp-block-heading has-text-align-center\">Noorte poolt loodavate teoste l\u00fchikirjeldused:<\/h2>\n\n\n\n<ol class=\"wp-block-list has-nv-site-bg-background-color has-background\">\n<li><strong>\u201cPeitus\u201d (muusikavideo)<\/strong><br>Originaalmuusika + lavastus soolise identiteedi teemal.<\/li>\n\n\n\n<li><strong>\u201cPl\u00e4tud\u201d (l\u00fchim\u00e4ngufilm)<\/strong><br>Lugu t\u00fcdrukutest, kes p\u00f6\u00f6ravad t\u00e4iskasvanud meeste manipuleerimise enda v\u00f5iduks.<\/li>\n\n\n\n<li><strong>\u201cMul ei ole kuhugi minna\u2026\u201d (dok-h\u00fcbriidfilm)<\/strong><br>\u00d6\u00f6, mil poisid p\u00f5genesid KLAT-ist ja s\u00f5itsid l\u00e4bi L\u00f5una-Eesti \u00e4randatud autodega.<\/li>\n\n\n\n<li>\u201c<strong>\u00dclepinge\u201d (fotolavastus)<\/strong><br>Fotolavastus kiusamise ja sotsiaalse eraldatuse kogemustest.<\/li>\n\n\n\n<li><strong>\u201cTasakaal\u201d (dokumentaalfotod)<\/strong><br>Mustvalged fotod noore enda valmistatud raamides.<\/li>\n\n\n\n<li><strong>\u201cLootus\u201d (autobiograafiline film)<\/strong><br>Film teekonnast l\u00e4bi elu pimedamate nurkade.<\/li>\n\n\n\n<li><strong>\u201cKoer\u201d (skulptuur)<\/strong><br>Elusuurune ketis koer \u2013 piirava hoolitsemise ja samas ihaldatud s\u00f5pruse s\u00fcmbol.<\/li>\n\n\n\n<li><strong>\u201cAsjad, mis teevad haiget\u201d (skulptuur)<\/strong><br>Vertikaalne voodi, kuhu alla on kinnitatud asjad, millega saab ennast vigastada.<\/li>\n\n\n\n<li><strong>\u201cHirm\u201d (fotod)<\/strong><br>Teos tegeleb keham\u00e4luga.<\/li>\n<\/ol>\n<\/div><\/div>\n\n\n\n<figure class=\"wp-block-image size-large\"><img loading=\"lazy\" decoding=\"async\" width=\"1024\" height=\"53\" src=\"https:\/\/www.sasuudad.ee\/wp-content\/uploads\/2026\/04\/image-1024x53.png\" alt=\"\" class=\"wp-image-3324\" srcset=\"https:\/\/www.sasuudad.ee\/wp-content\/uploads\/2026\/04\/image-1024x53.png 1024w, https:\/\/www.sasuudad.ee\/wp-content\/uploads\/2026\/04\/image-300x16.png 300w, https:\/\/www.sasuudad.ee\/wp-content\/uploads\/2026\/04\/image-768x40.png 768w, https:\/\/www.sasuudad.ee\/wp-content\/uploads\/2026\/04\/image-1536x80.png 1536w, https:\/\/www.sasuudad.ee\/wp-content\/uploads\/2026\/04\/image-18x1.png 18w, https:\/\/www.sasuudad.ee\/wp-content\/uploads\/2026\/04\/image.png 1671w\" sizes=\"auto, (max-width: 1024px) 100vw, 1024px\" \/><\/figure>\n\n\n\n<p><\/p>\n\n\n\n<p><\/p>\n\n\n\n<p>Varasemad meediakajastused &#8220;Hoia mind kaisus&#8221; n\u00e4ituste vaates (Marta Vaariku ja MT\u00dc Sa Suudad eestvedaja Enelis Linnase varasem koost\u00f6\u00f6 projekti vaates):<\/p>\n\n\n\n<ul class=\"wp-block-list\">\n<li><a href=\"https:\/\/sotsiaalkindlustusamet.ee\/uudised\/sotsiaalkindlustusamet-ja-marta-vaarik-avavad-naituse-kinnise-lasteasutuse-teenusel\" target=\"_blank\" rel=\"noopener\">Sotsiaalkindlustusamet ja Marta Vaarik avavad n\u00e4ituse kinnise lasteasutuse teenusel olevatest lastest (2022)<\/a><\/li>\n\n\n\n<li><a href=\"http:\/\/VIDEOLUGU \u27e9 Alasti t\u00f5de kinnisest lasteasutusest\">VIDEOLUGU. Alasti t\u00f5de kinnisest lasteasutusest.<\/a> <\/li>\n\n\n\n<li><a href=\"https:\/\/sotsiaalkindlustusamet.ee\/uudised\/vana-voromaa-kultuurikojas-avati-marta-vaariku-naitus-hoia-mind-kaisus\" target=\"_blank\" rel=\"noopener\">Vana-V\u00f5romaa Kultuurikojas avati Marta Vaariku n\u00e4itus \u201eHoia mind kaisus\u201c (2023)<\/a><\/li>\n<\/ul>\n\n\n\n<div style=\"height:100px\" aria-hidden=\"true\" class=\"wp-block-spacer\"><\/div>","protected":false},"excerpt":{"rendered":"<p>Viimased neli aastat on dokumentalist ja noortega t\u00f6\u00f6tav kunstnik Marta Vaarik koos oma tiimiga arendanud osaluskunsti projekti \u201cHoia mind kaisus\u201d. 2026 aasta augustis avatakse Kumu kunstimuuseumi hoovis samanimeline n\u00e4itus, mis keskendub noorte vaimsele tervisele, lapsep\u00f5lve m\u00f5jule ja empaatia olulisusele. Miks see projekt on vajalik? T\u00e4nap\u00e4eva linnakeskkonnas j\u00e4\u00e4vad paljud noored oma muredega \u00fcksi. Kogukonnatunne n\u00f5rgeneb, m\u00e4rkamist&hellip;&nbsp;<a href=\"https:\/\/www.sasuudad.ee\/en_us\/hoia-mind-kaisus\/\" rel=\"bookmark\">Read More &raquo;<span class=\"screen-reader-text\">&#8220;Hoia mind kaisus&#8221; koost\u00f6\u00f6 projekt<\/span><\/a><\/p>","protected":false},"author":2,"featured_media":0,"parent":0,"menu_order":0,"comment_status":"closed","ping_status":"closed","template":"","meta":{"neve_meta_sidebar":"","neve_meta_container":"","neve_meta_enable_content_width":"","neve_meta_content_width":0,"neve_meta_title_alignment":"","neve_meta_author_avatar":"","neve_post_elements_order":"","neve_meta_disable_header":"","neve_meta_disable_footer":"","neve_meta_disable_title":"","_themeisle_gutenberg_block_has_review":false,"footnotes":""},"class_list":["post-3318","page","type-page","status-publish","hentry"],"_links":{"self":[{"href":"https:\/\/www.sasuudad.ee\/en_us\/wp-json\/wp\/v2\/pages\/3318","targetHints":{"allow":["GET"]}}],"collection":[{"href":"https:\/\/www.sasuudad.ee\/en_us\/wp-json\/wp\/v2\/pages"}],"about":[{"href":"https:\/\/www.sasuudad.ee\/en_us\/wp-json\/wp\/v2\/types\/page"}],"author":[{"embeddable":true,"href":"https:\/\/www.sasuudad.ee\/en_us\/wp-json\/wp\/v2\/users\/2"}],"replies":[{"embeddable":true,"href":"https:\/\/www.sasuudad.ee\/en_us\/wp-json\/wp\/v2\/comments?post=3318"}],"version-history":[{"count":15,"href":"https:\/\/www.sasuudad.ee\/en_us\/wp-json\/wp\/v2\/pages\/3318\/revisions"}],"predecessor-version":[{"id":3349,"href":"https:\/\/www.sasuudad.ee\/en_us\/wp-json\/wp\/v2\/pages\/3318\/revisions\/3349"}],"wp:attachment":[{"href":"https:\/\/www.sasuudad.ee\/en_us\/wp-json\/wp\/v2\/media?parent=3318"}],"curies":[{"name":"wp","href":"https:\/\/api.w.org\/{rel}","templated":true}]}}