{"id":3384,"date":"2026-05-12T09:42:00","date_gmt":"2026-05-12T09:42:00","guid":{"rendered":"https:\/\/www.sasuudad.ee\/?page_id=3384"},"modified":"2026-05-12T09:58:36","modified_gmt":"2026-05-12T09:58:36","slug":"kuulake-noored-raagivad-podcast","status":"publish","type":"page","link":"https:\/\/www.sasuudad.ee\/en_us\/kuulake-noored-raagivad-podcast\/","title":{"rendered":"Kuulake, noored r\u00e4\u00e4givad! podcast"},"content":{"rendered":"<p><strong>\u201cKuulake, noored r\u00e4\u00e4givad!&#8221; <\/strong>projekt annab noortele v\u00f5imaluse v\u00e4ljendada oma arvamusi videopodcastide kaudu. Selle eesm\u00e4rkideks on arendada osalejate meedia-, uurimis- ja suhtlemisoskusi, suurendada enesekindlust ja enesev\u00e4ljendust, pakkuda juurdep\u00e4\u00e4su tehnilistele vahenditele ja mentorlusele ning luua kaasav platvorm noorte h\u00e4\u00e4lte jaoks. <\/p>\n\n\n\n<p>Projekt h\u00f5lmab videopodcasti tegevusi, sealhulgas uurimist\u00f6\u00f6d, stsenaariumi kirjutamist, salvestamist, t\u00f6\u00f6tlemist, avaldamist ja mentorluskoolitusi. Projektis osalevad aktiivselt 10 noort vanuses 16\u201330.<\/p>\n\n\n\n<p>Podcasti eesm\u00e4rk on anda noortele h\u00e4\u00e4lt ja podcasti abil t\u00f5sta teadlikkust noorte vaatenurkadest kohalikul, piirkondlikul ja potentsiaalselt ka Euroopa tasandil.<\/p>\n\n\n\n<div id=\"wp-block-themeisle-blocks-advanced-columns-3897beb8\" class=\"wp-block-themeisle-blocks-advanced-columns has-2-columns has-desktop-equal-layout has-tablet-equal-layout has-mobile-collapsedRows-layout has-vertical-unset\"><div class=\"wp-block-themeisle-blocks-advanced-columns-overlay\"><\/div><div class=\"innerblocks-wrap\">\n<div id=\"wp-block-themeisle-blocks-advanced-column-3cf8fd31\" class=\"wp-block-themeisle-blocks-advanced-column\">\n<figure class=\"wp-block-image size-full is-resized\"><img loading=\"lazy\" decoding=\"async\" width=\"910\" height=\"922\" src=\"https:\/\/www.sasuudad.ee\/wp-content\/uploads\/2026\/05\/ET-V-Kaasrahastanud-Euroopa-Liit_PANTONE.jpg\" alt=\"\" class=\"wp-image-3385\" style=\"aspect-ratio:0.9869774053619191;width:210px;height:auto\" srcset=\"https:\/\/www.sasuudad.ee\/wp-content\/uploads\/2026\/05\/ET-V-Kaasrahastanud-Euroopa-Liit_PANTONE.jpg 910w, https:\/\/www.sasuudad.ee\/wp-content\/uploads\/2026\/05\/ET-V-Kaasrahastanud-Euroopa-Liit_PANTONE-296x300.jpg 296w, https:\/\/www.sasuudad.ee\/wp-content\/uploads\/2026\/05\/ET-V-Kaasrahastanud-Euroopa-Liit_PANTONE-768x778.jpg 768w, https:\/\/www.sasuudad.ee\/wp-content\/uploads\/2026\/05\/ET-V-Kaasrahastanud-Euroopa-Liit_PANTONE-12x12.jpg 12w\" sizes=\"auto, (max-width: 910px) 100vw, 910px\" \/><\/figure>\n<\/div>\n\n\n\n<div id=\"wp-block-themeisle-blocks-advanced-column-d179e9e3\" class=\"wp-block-themeisle-blocks-advanced-column\">\n<figure class=\"wp-block-image size-large is-resized\"><img loading=\"lazy\" decoding=\"async\" width=\"1024\" height=\"253\" src=\"https:\/\/www.sasuudad.ee\/wp-content\/uploads\/2026\/05\/Erasmus-sinine-loosungiga-EST-1-1024x253.png\" alt=\"\" class=\"wp-image-3387\" style=\"aspect-ratio:4.0475424245666005;width:268px;height:auto\" srcset=\"https:\/\/www.sasuudad.ee\/wp-content\/uploads\/2026\/05\/Erasmus-sinine-loosungiga-EST-1-1024x253.png 1024w, https:\/\/www.sasuudad.ee\/wp-content\/uploads\/2026\/05\/Erasmus-sinine-loosungiga-EST-1-300x74.png 300w, https:\/\/www.sasuudad.ee\/wp-content\/uploads\/2026\/05\/Erasmus-sinine-loosungiga-EST-1-768x190.png 768w, https:\/\/www.sasuudad.ee\/wp-content\/uploads\/2026\/05\/Erasmus-sinine-loosungiga-EST-1-1536x380.png 1536w, https:\/\/www.sasuudad.ee\/wp-content\/uploads\/2026\/05\/Erasmus-sinine-loosungiga-EST-1-18x4.png 18w, https:\/\/www.sasuudad.ee\/wp-content\/uploads\/2026\/05\/Erasmus-sinine-loosungiga-EST-1.png 1833w\" sizes=\"auto, (max-width: 1024px) 100vw, 1024px\" \/><\/figure>\n<\/div>\n<\/div><\/div>\n\n\n\n<p><em>Projekt on rahastatud Euroopa Liidu poolt. Avaldatud seisukohad ja arvamused on ainult autori(te) omad ega pruugi kajastada Euroopa Liidu v\u00f5i Euroopa Hariduse ja Kultuuri Rakendusameti (EACEA) seisukohti ja arvamusi. Euroopa Liit ega EACEA nende eest ei vastuta.<\/em><\/p>\n\n\n\n<p><em>Projekti toetab Erasmus+ ja Euroopa Solidaarsuskorpuse agentuur Erasmus+ programmist.<\/em><\/p>","protected":false},"excerpt":{"rendered":"<p>\u201cKuulake, noored r\u00e4\u00e4givad!&#8221; projekt annab noortele v\u00f5imaluse v\u00e4ljendada oma arvamusi videopodcastide kaudu. Selle eesm\u00e4rkideks on arendada osalejate meedia-, uurimis- ja suhtlemisoskusi, suurendada enesekindlust ja enesev\u00e4ljendust, pakkuda juurdep\u00e4\u00e4su tehnilistele vahenditele ja mentorlusele ning luua kaasav platvorm noorte h\u00e4\u00e4lte jaoks. Projekt h\u00f5lmab videopodcasti tegevusi, sealhulgas uurimist\u00f6\u00f6d, stsenaariumi kirjutamist, salvestamist, t\u00f6\u00f6tlemist, avaldamist ja mentorluskoolitusi. Projektis osalevad aktiivselt 10&hellip;&nbsp;<a href=\"https:\/\/www.sasuudad.ee\/en_us\/kuulake-noored-raagivad-podcast\/\" rel=\"bookmark\">Read More &raquo;<span class=\"screen-reader-text\">Kuulake, noored r\u00e4\u00e4givad! podcast<\/span><\/a><\/p>","protected":false},"author":2,"featured_media":0,"parent":0,"menu_order":0,"comment_status":"closed","ping_status":"closed","template":"","meta":{"neve_meta_sidebar":"","neve_meta_container":"","neve_meta_enable_content_width":"","neve_meta_content_width":0,"neve_meta_title_alignment":"","neve_meta_author_avatar":"","neve_post_elements_order":"","neve_meta_disable_header":"","neve_meta_disable_footer":"","neve_meta_disable_title":"","_themeisle_gutenberg_block_has_review":false,"footnotes":""},"class_list":["post-3384","page","type-page","status-publish","hentry"],"_links":{"self":[{"href":"https:\/\/www.sasuudad.ee\/en_us\/wp-json\/wp\/v2\/pages\/3384","targetHints":{"allow":["GET"]}}],"collection":[{"href":"https:\/\/www.sasuudad.ee\/en_us\/wp-json\/wp\/v2\/pages"}],"about":[{"href":"https:\/\/www.sasuudad.ee\/en_us\/wp-json\/wp\/v2\/types\/page"}],"author":[{"embeddable":true,"href":"https:\/\/www.sasuudad.ee\/en_us\/wp-json\/wp\/v2\/users\/2"}],"replies":[{"embeddable":true,"href":"https:\/\/www.sasuudad.ee\/en_us\/wp-json\/wp\/v2\/comments?post=3384"}],"version-history":[{"count":2,"href":"https:\/\/www.sasuudad.ee\/en_us\/wp-json\/wp\/v2\/pages\/3384\/revisions"}],"predecessor-version":[{"id":3397,"href":"https:\/\/www.sasuudad.ee\/en_us\/wp-json\/wp\/v2\/pages\/3384\/revisions\/3397"}],"wp:attachment":[{"href":"https:\/\/www.sasuudad.ee\/en_us\/wp-json\/wp\/v2\/media?parent=3384"}],"curies":[{"name":"wp","href":"https:\/\/api.w.org\/{rel}","templated":true}]}}