{"id":652,"date":"2024-04-10T16:12:19","date_gmt":"2024-04-10T16:12:19","guid":{"rendered":"https:\/\/www.sasuudad.ee\/?page_id=652"},"modified":"2026-02-15T17:03:21","modified_gmt":"2026-02-15T17:03:21","slug":"enelis","status":"publish","type":"page","link":"https:\/\/www.sasuudad.ee\/en_us\/enelis\/","title":{"rendered":"Enelis"},"content":{"rendered":"<div class=\"wp-block-group alignwide has-background\" style=\"background-color:#f5eac1;padding-top:6vw;padding-right:6vw;padding-bottom:6vw;padding-left:6vw\"><div class=\"wp-block-group__inner-container is-layout-flow wp-block-group-is-layout-flow\">\n<div class=\"wp-block-group is-vertical is-content-justification-center is-nowrap is-layout-flex wp-container-core-group-is-layout-776805c8 wp-block-group-is-layout-flex\" style=\"padding-right:0;padding-left:0\">\n<h2 id=\"wp-block-themeisle-blocks-advanced-heading-7a7f2c29\" class=\"wp-block-themeisle-blocks-advanced-heading wp-block-themeisle-blocks-advanced-heading-7a7f2c29\">Why I founded the NGO Sa Suudad?<\/h2>\n<\/div>\n\n\n\n<div style=\"height:1vw\" aria-hidden=\"true\" class=\"wp-block-spacer\"><\/div>\n\n\n\n<div class=\"wp-block-group alignwide is-vertical is-nowrap is-layout-flex wp-container-core-group-is-layout-8171334d wp-block-group-is-layout-flex\" style=\"padding-top:0;padding-right:0;padding-bottom:0;padding-left:0\">\n<div class=\"wp-block-columns alignwide is-layout-flex wp-container-core-columns-is-layout-2656d967 wp-block-columns-is-layout-flex\">\n<div class=\"wp-block-column is-layout-flow wp-block-column-is-layout-flow\" style=\"flex-basis:33.38%\">\n<p><\/p>\n\n\n\n<p>I have worked for years as the head of secure care for children and youth. Those years have been very eye-opening, but also filled with many sad and complex stories. It has been very difficult to see that many unnatural and traumatic events have occurred in the lives of children and young people. These young people and their stories have taught me even more about understanding, caring, and the importance of providing and creating opportunities for young people. <\/p>\n\n\n\n<p>Both my work experience and the learning that came with it have led to a deep conviction that the only way to help young people whose behavior is dangerous to themselves or others is to do so in collaboration with both the young people and their loved ones. For a young person to be internally motivated to change their behavior, they need autonomy (the ability to make decisions in their own life), a sense of belonging (feeling valued in a community), and competence (the feeling and awareness that they are good at something they do).<\/p>\n\n\n\n<p><\/p>\n\n\n\n<p><\/p>\n<\/div>\n\n\n\n<div class=\"wp-block-column is-layout-flow wp-block-column-is-layout-flow\" style=\"flex-basis:33%\">\n<div style=\"height:2vw\" aria-hidden=\"true\" class=\"wp-block-spacer\"><\/div>\n\n\n\n<figure class=\"wp-block-image size-large\"><img loading=\"lazy\" decoding=\"async\" width=\"768\" height=\"1024\" src=\"https:\/\/www.sasuudad.ee\/wp-content\/uploads\/2024\/04\/xKohtumise-pildid-1-768x1024.jpg\" alt=\"\" class=\"wp-image-674\" srcset=\"https:\/\/www.sasuudad.ee\/wp-content\/uploads\/2024\/04\/xKohtumise-pildid-1-768x1024.jpg 768w, https:\/\/www.sasuudad.ee\/wp-content\/uploads\/2024\/04\/xKohtumise-pildid-1-225x300.jpg 225w, https:\/\/www.sasuudad.ee\/wp-content\/uploads\/2024\/04\/xKohtumise-pildid-1-1152x1536.jpg 1152w, https:\/\/www.sasuudad.ee\/wp-content\/uploads\/2024\/04\/xKohtumise-pildid-1.jpg 1536w\" sizes=\"auto, (max-width: 768px) 100vw, 768px\" \/><\/figure>\n\n\n\n<p>In addition to my work experience, I have personal experience with a very close young person who expressed their inner pain through risky behavior for years\u2014constant self-harm and multiple suicide attempts. I can confidently say that this period has been one of the most challenging times in my life\u2014worrying daily for the soul of a dear young person and \"waiting\" for that call announcing that they are no longer here. It was a difficult time for both me and their loved ones, and especially for them. However, this challenging experience taught me that persistence, ongoing support for both the young person and their loved ones, non-judgmental listening, supportive professionals, and belief that this behavior can change ultimately led to a moment when the young person themselves expressed, \u201cI was fed up with myself and decided to start listening to others.\u201d<\/p>\n<\/div>\n\n\n\n<div class=\"wp-block-column is-layout-flow wp-block-column-is-layout-flow\" style=\"flex-basis:33.62%\">\n<figure class=\"wp-block-image size-large\"><img loading=\"lazy\" decoding=\"async\" width=\"1024\" height=\"768\" src=\"https:\/\/www.sasuudad.ee\/wp-content\/uploads\/2024\/04\/Suvekooli_fotod-2-1024x768.jpg\" alt=\"\" class=\"wp-image-675\" srcset=\"https:\/\/www.sasuudad.ee\/wp-content\/uploads\/2024\/04\/Suvekooli_fotod-2-1024x768.jpg 1024w, https:\/\/www.sasuudad.ee\/wp-content\/uploads\/2024\/04\/Suvekooli_fotod-2-300x225.jpg 300w, https:\/\/www.sasuudad.ee\/wp-content\/uploads\/2024\/04\/Suvekooli_fotod-2-768x576.jpg 768w, https:\/\/www.sasuudad.ee\/wp-content\/uploads\/2024\/04\/Suvekooli_fotod-2-1536x1152.jpg 1536w, https:\/\/www.sasuudad.ee\/wp-content\/uploads\/2024\/04\/Suvekooli_fotod-2.jpg 2000w\" sizes=\"auto, (max-width: 1024px) 100vw, 1024px\" \/><\/figure>\n\n\n\n<p><\/p>\n\n\n\n<p>Therefore, based on my personal experience and my work with closed children's institutions, I truly believe that every young person can be helped if we really listen to them, identify their needs, address the root causes of their behavior, offer support, and at the same time support the adults around them. That is why I am currently studying to become a family therapist. <\/p>\n\n\n\n<p>Kui soovid minu (praktiseeriva pereteraapia \u00f5pilase) vastuv\u00f5tule tulla ning avastada ennast ja uurida suhteid enda \u00fcmber, siis v\u00f5ta julgelt \u00fchendust: <a href=\"mailto:julgusejoud@gmail.com\">julgusejoud@gmail.com<\/a><br>Loe l\u00e4hemalt: <a href=\"https:\/\/www.julgusejoud.ee\/\" target=\"_blank\" rel=\"noopener\" title=\"\">www.julgusejoud.ee<\/a> <\/p>\n<\/div>\n<\/div>\n\n\n\n<div class=\"wp-block-columns alignwide is-layout-flex wp-container-core-columns-is-layout-724a882f wp-block-columns-is-layout-flex\">\n<div class=\"wp-block-column is-layout-flow wp-block-column-is-layout-flow\" style=\"flex-basis:69%\">\n<figure class=\"wp-block-image size-full\"><img decoding=\"async\" src=\"https:\/\/www.sasuudad.ee\/wp-content\/uploads\/2024\/04\/436226640_2495988303920202_4491462863490071306_n.jpg\" alt=\"Praktiseeriv pereterapeut ja MT\u00dc Sa Suudad asutaja Enelis Linnas\" class=\"wp-image-707\"\/><\/figure>\n<\/div>\n\n\n\n<div class=\"wp-block-column is-vertically-aligned-center is-layout-flow wp-block-column-is-layout-flow\" style=\"flex-basis:33%\">\n<div style=\"height:2vw\" aria-hidden=\"true\" class=\"wp-block-spacer\"><\/div>\n\n\n\n<p class=\"has-text-color\" style=\"color:#000000;font-size:17px\"><strong>Why the name Sa Suudad (You Can)?<\/strong><\/p>\n\n\n\n<p>This expression has supported me during many difficult moments\u2014when I feel exhausted and my self-belief is low, reading this phrase has somehow helped me find the strength to move forward. I hope that those who reach out to us will also gain some strength just from the name. <\/p>\n\n\n\n<p>#YouCan #TogetherWeCanDoMore \n#SaSuudad #KoosSuudameRohkem<\/p>\n<\/div>\n<\/div>\n<\/div>\n<\/div><\/div>","protected":false},"excerpt":{"rendered":"<p>Olen aastaid t\u00f6\u00f6tanud kinnise lasteasutuse teenuse juhina. Need aastad on olnud v\u00e4ga silmi avavad, kuid samas olnud t\u00e4is v\u00e4ga kurbasid ja keerulisi lugusid. On v\u00e4ga raske olnud n\u00e4ha, et laste ja noore elus on juhtunud palju ebaloomulikku ja traumeerivat. Need noored ja nende lood on mulle \u00f5petanud veelgi rohkem m\u00f5istmist, hoolimist ning kui oluline on&hellip;&nbsp;<a href=\"https:\/\/www.sasuudad.ee\/en_us\/enelis\/\" rel=\"bookmark\">Read More &raquo;<span class=\"screen-reader-text\">Enelis<\/span><\/a><\/p>","protected":false},"author":2,"featured_media":0,"parent":0,"menu_order":0,"comment_status":"closed","ping_status":"closed","template":"","meta":{"neve_meta_sidebar":"","neve_meta_container":"","neve_meta_enable_content_width":"","neve_meta_content_width":0,"neve_meta_title_alignment":"","neve_meta_author_avatar":"","neve_post_elements_order":"","neve_meta_disable_header":"","neve_meta_disable_footer":"","neve_meta_disable_title":"","_themeisle_gutenberg_block_has_review":false,"footnotes":""},"class_list":["post-652","page","type-page","status-publish","hentry"],"_links":{"self":[{"href":"https:\/\/www.sasuudad.ee\/en_us\/wp-json\/wp\/v2\/pages\/652","targetHints":{"allow":["GET"]}}],"collection":[{"href":"https:\/\/www.sasuudad.ee\/en_us\/wp-json\/wp\/v2\/pages"}],"about":[{"href":"https:\/\/www.sasuudad.ee\/en_us\/wp-json\/wp\/v2\/types\/page"}],"author":[{"embeddable":true,"href":"https:\/\/www.sasuudad.ee\/en_us\/wp-json\/wp\/v2\/users\/2"}],"replies":[{"embeddable":true,"href":"https:\/\/www.sasuudad.ee\/en_us\/wp-json\/wp\/v2\/comments?post=652"}],"version-history":[{"count":4,"href":"https:\/\/www.sasuudad.ee\/en_us\/wp-json\/wp\/v2\/pages\/652\/revisions"}],"predecessor-version":[{"id":3104,"href":"https:\/\/www.sasuudad.ee\/en_us\/wp-json\/wp\/v2\/pages\/652\/revisions\/3104"}],"wp:attachment":[{"href":"https:\/\/www.sasuudad.ee\/en_us\/wp-json\/wp\/v2\/media?parent=652"}],"curies":[{"name":"wp","href":"https:\/\/api.w.org\/{rel}","templated":true}]}}