{"id":681,"date":"2024-04-14T11:44:40","date_gmt":"2024-04-14T11:44:40","guid":{"rendered":"https:\/\/www.sasuudad.ee\/?page_id=681"},"modified":"2025-02-12T11:29:03","modified_gmt":"2025-02-12T11:29:03","slug":"kelian","status":"publish","type":"page","link":"https:\/\/www.sasuudad.ee\/en_us\/kelian\/","title":{"rendered":"Kelian"},"content":{"rendered":"<div class=\"wp-block-group alignfull has-background-background-color has-background\" style=\"margin-top:0;margin-bottom:0;padding-top:var(--wp--preset--spacing--60);padding-right:var(--wp--preset--spacing--30);padding-bottom:var(--wp--preset--spacing--60);padding-left:var(--wp--preset--spacing--30)\"><div class=\"wp-block-group__inner-container is-layout-constrained wp-container-core-group-is-layout-392eb801 wp-block-group-is-layout-constrained\">\n<div class=\"wp-block-group alignwide\"><div class=\"wp-block-group__inner-container is-layout-constrained wp-block-group-is-layout-constrained\">\n<div class=\"wp-block-columns alignwide is-layout-flex wp-container-core-columns-is-layout-30f78326 wp-block-columns-is-layout-flex\">\n<div class=\"wp-block-column is-layout-flow wp-block-column-is-layout-flow\" style=\"flex-basis:33.3%\">\n<h3 class=\"wp-block-heading has-text-align-left\">Why do I work at the NGO Sa Suudad?<\/h3>\n\n\n\n<p style=\"margin-top:16px\">Olen Kelian J\u00e4rv, 22.a noor Tallinnast. Olen v\u00f5tnud endale \u00fcheks unistuseks noorte abistamise l\u00e4bi enda kogemuse jagamisega.<\/p>\n\n\n\n<p style=\"margin-top:16px\">In my opinion, sharing experiences from young person to young person can be much more effective than receiving guidance from specialists. <\/p>\n\n\n\n<p style=\"margin-top:16px\">I believe that by listening and providing young people with a voice to express their needs and concerns, we can help them more than has perhaps been done so far. Life sometimes throws so many unexpected challenges our way that there are often situations where one can no longer cope or overcome them alone.<\/p>\n<\/div>\n\n\n\n<div class=\"wp-block-column is-layout-flow wp-block-column-is-layout-flow\" style=\"flex-basis:50%\">\n<div class=\"wp-block-group is-nowrap is-layout-flex wp-container-core-group-is-layout-2d60f0f3 wp-block-group-is-layout-flex\">\n<figure class=\"wp-block-image size-large ext-import\"><img loading=\"lazy\" decoding=\"async\" width=\"1004\" height=\"1024\" src=\"https:\/\/www.sasuudad.ee\/wp-content\/uploads\/2024\/04\/e00a5e39-0688-4d1d-8f96-a6fce8d468cf-1004x1024.jpg\" alt=\"\" class=\"wp-image-735\" style=\"aspect-ratio:3\/4;object-fit:cover\" srcset=\"https:\/\/www.sasuudad.ee\/wp-content\/uploads\/2024\/04\/e00a5e39-0688-4d1d-8f96-a6fce8d468cf-1004x1024.jpg 1004w, https:\/\/www.sasuudad.ee\/wp-content\/uploads\/2024\/04\/e00a5e39-0688-4d1d-8f96-a6fce8d468cf-294x300.jpg 294w, https:\/\/www.sasuudad.ee\/wp-content\/uploads\/2024\/04\/e00a5e39-0688-4d1d-8f96-a6fce8d468cf-768x783.jpg 768w, https:\/\/www.sasuudad.ee\/wp-content\/uploads\/2024\/04\/e00a5e39-0688-4d1d-8f96-a6fce8d468cf.jpg 1471w\" sizes=\"auto, (max-width: 1004px) 100vw, 1004px\" \/><\/figure>\n\n\n\n<figure class=\"wp-block-image size-large ext-import\"><img loading=\"lazy\" decoding=\"async\" width=\"1024\" height=\"830\" src=\"https:\/\/www.sasuudad.ee\/wp-content\/uploads\/2024\/04\/b66880f1-85fb-4ddd-bb81-9de5c60fb3b3-1024x830.jpg\" alt=\"\" class=\"wp-image-736\" style=\"aspect-ratio:3\/4;object-fit:cover\" srcset=\"https:\/\/www.sasuudad.ee\/wp-content\/uploads\/2024\/04\/b66880f1-85fb-4ddd-bb81-9de5c60fb3b3-1024x830.jpg 1024w, https:\/\/www.sasuudad.ee\/wp-content\/uploads\/2024\/04\/b66880f1-85fb-4ddd-bb81-9de5c60fb3b3-300x243.jpg 300w, https:\/\/www.sasuudad.ee\/wp-content\/uploads\/2024\/04\/b66880f1-85fb-4ddd-bb81-9de5c60fb3b3-768x622.jpg 768w, https:\/\/www.sasuudad.ee\/wp-content\/uploads\/2024\/04\/b66880f1-85fb-4ddd-bb81-9de5c60fb3b3.jpg 1070w\" sizes=\"auto, (max-width: 1024px) 100vw, 1024px\" \/><\/figure>\n<\/div>\n\n\n\n<p style=\"margin-top:16px\"><\/p>\n\n\n\n<p style=\"margin-top:16px\">For me, the values of the NGO Sa Suudad are like a lifestyle that can be applied everywhere, and the desire to do more good for our future young people together is what motivates me greatly.<\/p>\n<\/div>\n<\/div>\n<\/div><\/div>\n<\/div><\/div>","protected":false},"excerpt":{"rendered":"<p>Miks ma toimetan Sa Suudad MT\u00dc-s? Olen Kelian J\u00e4rv, 22.a noor Tallinnast. Olen v\u00f5tnud endale \u00fcheks unistuseks noorte abistamise l\u00e4bi enda kogemuse jagamisega. Minu arvates noorelt noorele kogemuste jagamine v\u00f5ib olla palju t\u00f5husam kui spetsialistidelt noortele. Usun, et l\u00e4bi kuulamise ja v\u00f5imaluse anda noortele h\u00e4\u00e4l enda vajaduste ja murede r\u00e4\u00e4kimiseks aitame neid rohkem kui seni&hellip;&nbsp;<a href=\"https:\/\/www.sasuudad.ee\/en_us\/kelian\/\" rel=\"bookmark\">Read More &raquo;<span class=\"screen-reader-text\">Kelian<\/span><\/a><\/p>","protected":false},"author":2,"featured_media":0,"parent":0,"menu_order":0,"comment_status":"closed","ping_status":"closed","template":"","meta":{"neve_meta_sidebar":"","neve_meta_container":"","neve_meta_enable_content_width":"","neve_meta_content_width":0,"neve_meta_title_alignment":"","neve_meta_author_avatar":"","neve_post_elements_order":"","neve_meta_disable_header":"","neve_meta_disable_footer":"","neve_meta_disable_title":"","_themeisle_gutenberg_block_has_review":false,"footnotes":""},"class_list":["post-681","page","type-page","status-publish","hentry"],"_links":{"self":[{"href":"https:\/\/www.sasuudad.ee\/en_us\/wp-json\/wp\/v2\/pages\/681","targetHints":{"allow":["GET"]}}],"collection":[{"href":"https:\/\/www.sasuudad.ee\/en_us\/wp-json\/wp\/v2\/pages"}],"about":[{"href":"https:\/\/www.sasuudad.ee\/en_us\/wp-json\/wp\/v2\/types\/page"}],"author":[{"embeddable":true,"href":"https:\/\/www.sasuudad.ee\/en_us\/wp-json\/wp\/v2\/users\/2"}],"replies":[{"embeddable":true,"href":"https:\/\/www.sasuudad.ee\/en_us\/wp-json\/wp\/v2\/comments?post=681"}],"version-history":[{"count":1,"href":"https:\/\/www.sasuudad.ee\/en_us\/wp-json\/wp\/v2\/pages\/681\/revisions"}],"predecessor-version":[{"id":1880,"href":"https:\/\/www.sasuudad.ee\/en_us\/wp-json\/wp\/v2\/pages\/681\/revisions\/1880"}],"wp:attachment":[{"href":"https:\/\/www.sasuudad.ee\/en_us\/wp-json\/wp\/v2\/media?parent=681"}],"curies":[{"name":"wp","href":"https:\/\/api.w.org\/{rel}","templated":true}]}}