{"id":75,"date":"2020-01-27T08:29:32","date_gmt":"2020-01-27T08:29:32","guid":{"rendered":"https:\/\/demosites.io\/web-agency-gb\/?page_id=75"},"modified":"2026-03-04T11:53:16","modified_gmt":"2026-03-04T11:53:16","slug":"kontakt","status":"publish","type":"page","link":"https:\/\/www.sasuudad.ee\/en_us\/kontakt\/","title":{"rendered":"Contact"},"content":{"rendered":"<h2 class=\"wp-block-heading has-text-align-center has-medium-font-size\"><br><strong>MT\u00dc Sa Suudad<\/strong><\/h2>\n\n\n\n<p class=\"has-text-align-center\" style=\"font-size:18px\">Aadress: V\u00e4ike-Ameerika 8, Tallinn. <br><strong><br>Registrikood: 80637421<\/strong><\/p>\n\n\n\n<div id=\"wp-block-themeisle-blocks-button-group-df52bdbf\" class=\"wp-block-themeisle-blocks-button-group wp-block-buttons align-right-desktop\">\n<div id=\"wp-block-themeisle-blocks-button-f5342fb6\" class=\"wp-block-themeisle-blocks-button wp-block-button\"><a href=\"https:\/\/www.sasuudad.ee\/en_us\/isikuandmete-tootlemine\/\" target=\"_self\" rel=\"noopener noreferrer\" class=\"wp-block-button__link\"><span>Data Protection Conditions<\/span><\/a><\/div>\n<\/div>\n\n\n\n<div id=\"wp-block-themeisle-blocks-advanced-columns-40db0924\" class=\"wp-block-themeisle-blocks-advanced-columns alignwide has-1-columns has-desktop-equal-layout has-tablet-equal-layout has-mobile-equal-layout has-vertical-top ticss-c00aadba has-light-bg\"><div class=\"wp-block-themeisle-blocks-advanced-columns-overlay\"><\/div><div class=\"innerblocks-wrap\">\n<div id=\"wp-block-themeisle-blocks-advanced-column-006aede9\" class=\"wp-block-themeisle-blocks-advanced-column\">\n<p class=\"has-text-align-center has-large-font-size\"> Contact us:<\/p>\n\n\n\n<div class=\"wp-block-group is-content-justification-center is-nowrap is-layout-flex wp-container-core-group-is-layout-94bc23d7 wp-block-group-is-layout-flex\">\n<div id=\"wp-block-themeisle-blocks-font-awesome-icons-bb5ae828\" class=\"wp-block-themeisle-blocks-font-awesome-icons\"><span class=\"wp-block-themeisle-blocks-font-awesome-icons-container\"><svg xmlns=\"http:\/\/www.w3.org\/2000\/svg\" viewbox=\"0 0 1800 1800\"><path d=\"M531.087,344.727c0.247,0,0.492,0.033,0.739,0.033h453.558c16.819,0,30.444-13.625,30.444-30.436 c0-16.815-13.625-30.435-30.444-30.435H638.226H531.826c-16.811,0-30.44,13.62-30.44,30.435 C501.386,330.885,514.624,344.331,531.087,344.727z\"><\/path><path d=\"M531.826,497.389h749.422c16.814,0,30.443-13.629,30.443-30.439c0-16.814-13.629-30.439-30.443-30.439 H531.826c-16.811,0-30.44,13.625-30.44,30.439C501.386,483.76,515.016,497.389,531.826,497.389z\"><\/path><path d=\"M531.826,650.009h749.422c16.814,0,30.443-13.633,30.443-30.444c0-8.872-3.822-16.827-9.877-22.389 c-5.424-4.982-12.625-8.046-20.566-8.046H531.826c-7.938,0-15.143,3.064-20.567,8.046c-6.054,5.562-9.873,13.517-9.873,22.389 C501.386,636.376,515.016,650.009,531.826,650.009z\"><\/path><path d=\"M1311.691,772.194c0-16.806-13.629-30.436-30.443-30.436H531.826c-16.811,0-30.44,13.629-30.44,30.436 c0,16.815,13.629,30.444,30.44,30.444h749.422C1298.063,802.638,1311.691,789.009,1311.691,772.194z\"><\/path><path d=\"M1772.088,533.511c-2.481-3.422-5.691-6.4-9.603-8.622l-246.454-139.961v-82.389v-9.853 c-1.264-7.738-5.432-14.501-11.406-19.066l-49.465-42.835l-131.073-113.508l-61.889-53.596c-5.286-4.582-11.866-7.021-18.591-7.275 h-2.197H937.55h-66.904H383.746c-47.809,0-86.705,38.895-86.705,86.696V382.15L61.554,515.893 c-31.678,11.565-54.396,41.913-54.396,77.54v1067.543c0,45.554,37.064,82.618,82.622,82.618h1625.598 c45.558,0,82.623-37.064,82.623-82.618V593.433C1798,569.839,1788.002,548.583,1772.088,533.511z M1614.426,510.814l92.579,52.583 l-11.661,8.301l-179.313,127.664V571.698v-60.883v-55.873L1614.426,510.814z M1405.5,267.454h-132.895V152.361L1405.5,267.454z M357.922,571.698v-60.883v-93.226v-70.01V143.102c0-14.239,11.585-25.825,25.824-25.825h379.699H886.73h34.734h123.285h167.617 v180.296c0,16.631,13.483,30.11,30.119,30.11h212.674v22.668v70.015v90.448v60.883V742.7l-397.298,282.87l-50.781,36.148 l-18.591,13.241l-81.088,57.728l-81.093-57.728l-18.611-13.25l-50.782-36.155L357.922,741.483V571.698z M193.76,510.814 l103.281-58.649v58.649v60.883V698.14L119.448,571.698l-14.597-10.395L193.76,510.814z M68.036,1648.984V609.822l229.005,163.047 l60.88,43.344L710.7,1067.38l-8.372,7.58l-67.267,60.871L68.036,1648.984z M121.495,1682.723l604.294-546.892l35.693-32.304 l45.37,32.304l82.897,59.028c5.283,3.76,11.462,5.637,17.653,5.637c6.187,0,12.369-1.877,17.652-5.637l82.889-59.028l45.354-32.286 l35.686,32.286l604.311,546.892H121.495z M1737.119,1640.271l-557.41-504.439l-67.267-60.871l-8.359-7.563l351.077-249.962 l60.871-43.348l221.088-157.407V1640.271z\"><\/path><\/svg><\/span><\/div>\n\n\n<a class=\"wp-block-read-more\" href=\"https:\/\/www.sasuudad.ee\/en_us\/kontakt\/\" target=\"_blank\"><a href=\"mailto:info@sasuudad.ee\">info@sasuudad.ee<\/a><span class=\"screen-reader-text\">: Kontakt<\/span><\/a><\/div>\n\n\n\n<p><\/p>\n\n\n\n<h3 id=\"wp-block-themeisle-blocks-advanced-heading-9b27b614\" class=\"wp-block-themeisle-blocks-advanced-heading wp-block-themeisle-blocks-advanced-heading-9b27b614\">Follow us on social media<\/h3>\n\n\n\n<ul class=\"wp-block-social-links has-large-icon-size is-style-logos-only is-content-justification-center is-layout-flex wp-container-core-social-links-is-layout-3e003292 wp-block-social-links-is-layout-flex\" style=\"padding-top:0;padding-bottom:0\"><li class=\"wp-social-link wp-social-link-instagram  wp-block-social-link\"><a rel=\"noopener nofollow\" target=\"_blank\" href=\"https:\/\/www.instagram.com\/sasuudad\/\" class=\"wp-block-social-link-anchor\"><svg width=\"24\" height=\"24\" viewbox=\"0 0 24 24\" version=\"1.1\" xmlns=\"http:\/\/www.w3.org\/2000\/svg\" aria-hidden=\"true\" focusable=\"false\"><path d=\"M12,4.622c2.403,0,2.688,0.009,3.637,0.052c0.877,0.04,1.354,0.187,1.671,0.31c0.42,0.163,0.72,0.358,1.035,0.673 c0.315,0.315,0.51,0.615,0.673,1.035c0.123,0.317,0.27,0.794,0.31,1.671c0.043,0.949,0.052,1.234,0.052,3.637 s-0.009,2.688-0.052,3.637c-0.04,0.877-0.187,1.354-0.31,1.671c-0.163,0.42-0.358,0.72-0.673,1.035 c-0.315,0.315-0.615,0.51-1.035,0.673c-0.317,0.123-0.794,0.27-1.671,0.31c-0.949,0.043-1.233,0.052-3.637,0.052 s-2.688-0.009-3.637-0.052c-0.877-0.04-1.354-0.187-1.671-0.31c-0.42-0.163-0.72-0.358-1.035-0.673 c-0.315-0.315-0.51-0.615-0.673-1.035c-0.123-0.317-0.27-0.794-0.31-1.671C4.631,14.688,4.622,14.403,4.622,12 s0.009-2.688,0.052-3.637c0.04-0.877,0.187-1.354,0.31-1.671c0.163-0.42,0.358-0.72,0.673-1.035 c0.315-0.315,0.615-0.51,1.035-0.673c0.317-0.123,0.794-0.27,1.671-0.31C9.312,4.631,9.597,4.622,12,4.622 M12,3 C9.556,3,9.249,3.01,8.289,3.054C7.331,3.098,6.677,3.25,6.105,3.472C5.513,3.702,5.011,4.01,4.511,4.511 c-0.5,0.5-0.808,1.002-1.038,1.594C3.25,6.677,3.098,7.331,3.054,8.289C3.01,9.249,3,9.556,3,12c0,2.444,0.01,2.751,0.054,3.711 c0.044,0.958,0.196,1.612,0.418,2.185c0.23,0.592,0.538,1.094,1.038,1.594c0.5,0.5,1.002,0.808,1.594,1.038 c0.572,0.222,1.227,0.375,2.185,0.418C9.249,20.99,9.556,21,12,21s2.751-0.01,3.711-0.054c0.958-0.044,1.612-0.196,2.185-0.418 c0.592-0.23,1.094-0.538,1.594-1.038c0.5-0.5,0.808-1.002,1.038-1.594c0.222-0.572,0.375-1.227,0.418-2.185 C20.99,14.751,21,14.444,21,12s-0.01-2.751-0.054-3.711c-0.044-0.958-0.196-1.612-0.418-2.185c-0.23-0.592-0.538-1.094-1.038-1.594 c-0.5-0.5-1.002-0.808-1.594-1.038c-0.572-0.222-1.227-0.375-2.185-0.418C14.751,3.01,14.444,3,12,3L12,3z M12,7.378 c-2.552,0-4.622,2.069-4.622,4.622S9.448,16.622,12,16.622s4.622-2.069,4.622-4.622S14.552,7.378,12,7.378z M12,15 c-1.657,0-3-1.343-3-3s1.343-3,3-3s3,1.343,3,3S13.657,15,12,15z M16.804,6.116c-0.596,0-1.08,0.484-1.08,1.08 s0.484,1.08,1.08,1.08c0.596,0,1.08-0.484,1.08-1.08S17.401,6.116,16.804,6.116z\"><\/path><\/svg><span class=\"wp-block-social-link-label screen-reader-text\">Instagram account<\/span><\/a><\/li>\n\n<li class=\"wp-social-link wp-social-link-facebook  wp-block-social-link\"><a rel=\"noopener nofollow\" target=\"_blank\" href=\"https:\/\/www.facebook.com\/profile.php?id=61557535777117\" class=\"wp-block-social-link-anchor\"><svg width=\"24\" height=\"24\" viewbox=\"0 0 24 24\" version=\"1.1\" xmlns=\"http:\/\/www.w3.org\/2000\/svg\" aria-hidden=\"true\" focusable=\"false\"><path d=\"M12 2C6.5 2 2 6.5 2 12c0 5 3.7 9.1 8.4 9.9v-7H7.9V12h2.5V9.8c0-2.5 1.5-3.9 3.8-3.9 1.1 0 2.2.2 2.2.2v2.5h-1.3c-1.2 0-1.6.8-1.6 1.6V12h2.8l-.4 2.9h-2.3v7C18.3 21.1 22 17 22 12c0-5.5-4.5-10-10-10z\"><\/path><\/svg><span class=\"wp-block-social-link-label screen-reader-text\">Facebook account<\/span><\/a><\/li>\n\n<li class=\"wp-social-link wp-social-link-tiktok  wp-block-social-link\"><a rel=\"noopener nofollow\" target=\"_blank\" href=\"https:\/\/www.tiktok.com\/@sasuudad\" class=\"wp-block-social-link-anchor\"><svg width=\"24\" height=\"24\" viewbox=\"0 0 32 32\" version=\"1.1\" xmlns=\"http:\/\/www.w3.org\/2000\/svg\" aria-hidden=\"true\" focusable=\"false\"><path d=\"M16.708 0.027c1.745-0.027 3.48-0.011 5.213-0.027 0.105 2.041 0.839 4.12 2.333 5.563 1.491 1.479 3.6 2.156 5.652 2.385v5.369c-1.923-0.063-3.855-0.463-5.6-1.291-0.76-0.344-1.468-0.787-2.161-1.24-0.009 3.896 0.016 7.787-0.025 11.667-0.104 1.864-0.719 3.719-1.803 5.255-1.744 2.557-4.771 4.224-7.88 4.276-1.907 0.109-3.812-0.411-5.437-1.369-2.693-1.588-4.588-4.495-4.864-7.615-0.032-0.667-0.043-1.333-0.016-1.984 0.24-2.537 1.495-4.964 3.443-6.615 2.208-1.923 5.301-2.839 8.197-2.297 0.027 1.975-0.052 3.948-0.052 5.923-1.323-0.428-2.869-0.308-4.025 0.495-0.844 0.547-1.485 1.385-1.819 2.333-0.276 0.676-0.197 1.427-0.181 2.145 0.317 2.188 2.421 4.027 4.667 3.828 1.489-0.016 2.916-0.88 3.692-2.145 0.251-0.443 0.532-0.896 0.547-1.417 0.131-2.385 0.079-4.76 0.095-7.145 0.011-5.375-0.016-10.735 0.025-16.093z\" \/><\/svg><span class=\"wp-block-social-link-label screen-reader-text\">TikTok<\/span><\/a><\/li><\/ul>\n<\/div>\n<\/div><\/div>\n\n\n\n<div id=\"wp-block-themeisle-blocks-advanced-columns-de29e159\" class=\"wp-block-themeisle-blocks-advanced-columns has-2-columns has-desktop-equal-layout has-tablet-equal-layout has-mobile-collapsedRows-layout has-vertical-unset\"><div class=\"wp-block-themeisle-blocks-advanced-columns-overlay\"><\/div><div class=\"innerblocks-wrap\">\n<div id=\"wp-block-themeisle-blocks-advanced-column-151a33e4\" class=\"wp-block-themeisle-blocks-advanced-column\">\n<div class=\"wp-block-group is-vertical is-content-justification-center is-layout-flex wp-container-core-group-is-layout-73a99bce wp-block-group-is-layout-flex\">\n<div style=\"height:0px\" aria-hidden=\"true\" class=\"wp-block-spacer wp-container-content-5522c953\"><\/div>\n\n\n<div class=\"wp-block-image icon-style is-style-default\">\n<figure class=\"aligncenter size-large is-resized\"><img decoding=\"async\" src=\"https:\/\/static.thenounproject.com\/png\/29964-200.png\" alt=\"\" style=\"width:68px;height:auto\"\/><\/figure>\n<\/div>\n\n\n<div style=\"height:0px\" aria-hidden=\"true\" class=\"wp-block-spacer wp-container-content-9760934e\"><\/div>\n\n\n\n<h3 class=\"wp-block-heading has-text-align-center has-neve-text-color-color has-text-color\">Support our activities<\/h3>\n\n\n\n<p><\/p>\n\n\n\n<p class=\"has-text-align-center has-medium-font-size\"><br><strong>LHV: EE587700771010145417<br>Mittetulundus\u00fching Sa Suudad<\/strong><\/p>\n<\/div>\n<\/div>\n\n\n\n<div id=\"wp-block-themeisle-blocks-advanced-column-017a342f\" class=\"wp-block-themeisle-blocks-advanced-column\">\n<div style=\"height:109px\" aria-hidden=\"true\" class=\"wp-block-spacer\"><\/div>\n\n\n<div class=\"wp-block-image is-style-default\">\n<figure class=\"aligncenter size-full is-resized has-custom-border\"><img loading=\"lazy\" decoding=\"async\" width=\"500\" height=\"500\" src=\"https:\/\/www.sasuudad.ee\/wp-content\/uploads\/2026\/02\/hea-annetuste-koguja-mtu-sa-suudad.avif\" alt=\"\" class=\"wp-image-3219\" style=\"border-style:none;border-width:0px;border-top-left-radius:0px;border-top-right-radius:0px;border-bottom-left-radius:0px;border-bottom-right-radius:0px;width:121px;height:auto\" srcset=\"https:\/\/www.sasuudad.ee\/wp-content\/uploads\/2026\/02\/hea-annetuste-koguja-mtu-sa-suudad.avif 500w, https:\/\/www.sasuudad.ee\/wp-content\/uploads\/2026\/02\/hea-annetuste-koguja-mtu-sa-suudad-300x300.avif 300w, https:\/\/www.sasuudad.ee\/wp-content\/uploads\/2026\/02\/hea-annetuste-koguja-mtu-sa-suudad-150x150.avif 150w, https:\/\/www.sasuudad.ee\/wp-content\/uploads\/2026\/02\/hea-annetuste-koguja-mtu-sa-suudad-12x12.avif 12w\" sizes=\"auto, (max-width: 500px) 100vw, 500px\" \/><\/figure>\n<\/div>\n\n\n<p class=\"has-text-align-center\">Kuulume ka <a href=\"https:\/\/www.heakodanik.ee\/annetuste-kogumise-hea-tava\/\" target=\"_blank\" rel=\"noopener\" title=\"\">heade annetajate kogujate nimekirja<\/a><\/p>\n<\/div>\n<\/div><\/div>\n\n\n\n<p><\/p>\n\n\n\n<p><\/p>\n\n\n\n<p class=\"has-text-align-center has-neve-text-color-color has-text-color has-link-color has-small-font-size wp-elements-08b681e521a80962022abe8f43df32d4\">MT\u00dc Sa Suudad kuulub tulumaksusoodustuse \u00fchingu nimekirja, mis t\u00e4hendab, et juriidilised isikud saavad meile teha annetusi teatud piires maksuvabalt ja f\u00fc\u00fcsilised isikud saavad meile tehtud annetused maha arvata oma maksustatavast tulust.<\/p>\n\n\n\n<div class=\"wp-block-group is-vertical is-content-justification-center is-layout-flex wp-container-core-group-is-layout-73a99bce wp-block-group-is-layout-flex\">\n<div style=\"height:0px\" aria-hidden=\"true\" class=\"wp-block-spacer wp-container-content-9760934e\"><\/div>\n\n\n\n<div class=\"wp-block-group is-nowrap is-layout-flex wp-container-core-group-is-layout-ad2f72ca wp-block-group-is-layout-flex\"><\/div>\n<\/div>\n\n\n\n<p class=\"has-text-align-center\"><br><\/p>\n\n\n\n<p><\/p>","protected":false},"excerpt":{"rendered":"<p>MT\u00dc Sa Suudad Aadress: V\u00e4ike-Ameerika 8, Tallinn. Registrikood: 80637421 MT\u00dc Sa Suudad kuulub tulumaksusoodustuse \u00fchingu nimekirja, mis t\u00e4hendab, et juriidilised isikud saavad meile teha annetusi teatud piires maksuvabalt ja f\u00fc\u00fcsilised isikud saavad meile tehtud annetused maha arvata oma maksustatavast tulust.<\/p>","protected":false},"author":2,"featured_media":0,"parent":0,"menu_order":0,"comment_status":"closed","ping_status":"closed","template":"","meta":{"neve_meta_sidebar":"default","neve_meta_container":"","neve_meta_enable_content_width":"on","neve_meta_content_width":100,"neve_meta_title_alignment":"","neve_meta_author_avatar":"","neve_post_elements_order":"","neve_meta_disable_header":"","neve_meta_disable_footer":"","neve_meta_disable_title":"on","_themeisle_gutenberg_block_has_review":false,"footnotes":""},"class_list":["post-75","page","type-page","status-publish","hentry"],"_links":{"self":[{"href":"https:\/\/www.sasuudad.ee\/en_us\/wp-json\/wp\/v2\/pages\/75","targetHints":{"allow":["GET"]}}],"collection":[{"href":"https:\/\/www.sasuudad.ee\/en_us\/wp-json\/wp\/v2\/pages"}],"about":[{"href":"https:\/\/www.sasuudad.ee\/en_us\/wp-json\/wp\/v2\/types\/page"}],"author":[{"embeddable":true,"href":"https:\/\/www.sasuudad.ee\/en_us\/wp-json\/wp\/v2\/users\/2"}],"replies":[{"embeddable":true,"href":"https:\/\/www.sasuudad.ee\/en_us\/wp-json\/wp\/v2\/comments?post=75"}],"version-history":[{"count":13,"href":"https:\/\/www.sasuudad.ee\/en_us\/wp-json\/wp\/v2\/pages\/75\/revisions"}],"predecessor-version":[{"id":3266,"href":"https:\/\/www.sasuudad.ee\/en_us\/wp-json\/wp\/v2\/pages\/75\/revisions\/3266"}],"wp:attachment":[{"href":"https:\/\/www.sasuudad.ee\/en_us\/wp-json\/wp\/v2\/media?parent=75"}],"curies":[{"name":"wp","href":"https:\/\/api.w.org\/{rel}","templated":true}]}}