{"id":766,"date":"2024-04-17T06:39:05","date_gmt":"2024-04-17T06:39:05","guid":{"rendered":"https:\/\/www.sasuudad.ee\/?page_id=766"},"modified":"2024-10-31T09:34:07","modified_gmt":"2024-10-31T09:34:07","slug":"kuues","status":"publish","type":"page","link":"https:\/\/www.sasuudad.ee\/en_us\/kuues\/","title":{"rendered":"Recommendations for adults"},"content":{"rendered":"<div class=\"wp-block-group alignfull has-background-background-color has-background\" style=\"margin-top:0;margin-bottom:0;padding-top:var(--wp--preset--spacing--60);padding-right:var(--wp--preset--spacing--30);padding-bottom:var(--wp--preset--spacing--60);padding-left:var(--wp--preset--spacing--30)\"><div class=\"wp-block-group__inner-container is-layout-constrained wp-container-core-group-is-layout-392eb801 wp-block-group-is-layout-constrained\">\n<div class=\"wp-block-columns alignwide are-vertically-aligned-center is-layout-flex wp-container-core-columns-is-layout-30f78326 wp-block-columns-is-layout-flex\">\n<div class=\"wp-block-column is-vertically-aligned-center is-layout-flow wp-block-column-is-layout-flow\" style=\"flex-basis:60%\">\n<h3 class=\"wp-block-heading has-text-align-left\"><\/h3>\n\n\n\n<p style=\"margin-top:16px\">Try to establish a relationship (\"rapport\") with the child. It's very important that there is a rapport, and that I know I can trust you and come to you with my concerns. <\/p>\n\n\n\n<p style=\"margin-top:16px\">Get involved, think about my affairs, take time for me.<\/p>\n\n\n\n<p>Listen to me and take an interest - believe what I say. <\/p>\n\n\n\n<p>Consider my thoughts and feelings too. <\/p>\n\n\n\n<p>Don't threaten me, offer options and solutions and talk things through. <\/p>\n\n\n\n<p>Don't make decisions over my head, also listen to what I have to say, involve me more in the decision making.<\/p>\n\n\n\n<p>If I misbehave, ask \"What happened?\"<\/p>\n\n\n\n<p>Stick to your promises and don't make empty promises. <\/p>\n\n\n\n<p>Don't just focus on what's bad. Point out what I do well. <\/p>\n\n\n\n<p>Be empathetic.<\/p>\n\n\n\n<p>Try to see the reasons for my behaviour. <\/p>\n\n\n\n<p>Put yourself in my place. <\/p>\n\n\n\n<p>Let me know what's going on.<\/p>\n\n\n\n<p>Be consistent and persistent. <\/p>\n\n\n\n<p>Believe in me that I can really do things differently. <\/p>\n\n\n\n<p>Listen more to what I want and need too. <\/p>\n\n\n\n<p>When I'm angry, give me some time to calm down. Then we'll talk when I'm calmer. <\/p>\n\n\n\n<p>Young people would certainly benefit from experience counselling and from reasonable adults who do not punish but seek to help and positively influence, who get to the bottom of a person's problems, not add to them.<\/p>\n\n\n\n<p>There must be people in the system who take the time to listen, who are solution-focused, who don't shuffle the child from one place to another.<\/p>\n\n\n\n<p>Sa ei pruugi mind m\u00f5ista, kuid proovi mind  mitte hukka m\u00f5ista!<\/p>\n\n\n\n<p>Kui sa muud ei oska teha, siis lihtsalt kuula mind.<\/p>\n\n\n\n<p>T\u00e4iskasvanud ei m\u00f5ista, et maailm on muutunud ja k\u00f5ik muu sellega.<\/p>\n\n\n\n<p>\u00c4ra v\u00f5rdle iga minu olukorda enda v\u00f5i teiste kogemusega.<\/p>\n\n\n\n<p>Kui meie r\u00e4\u00e4gime oma emotsioonidest avatult, siis tee seda ka sina. \u00c4ra n\u00e4ita ennast ainult tugevana. <\/p>\n\n\n\n<p>Austus ja m\u00f5istmine on kahesuunaline t\u00e4nav.<\/p>\n<\/div>\n\n\n\n<div class=\"wp-block-column is-vertically-aligned-center is-layout-flow wp-block-column-is-layout-flow\" style=\"flex-basis:50%\">\n<figure class=\"wp-block-image size-full ext-import\"><img loading=\"lazy\" decoding=\"async\" width=\"682\" height=\"864\" src=\"https:\/\/www.sasuudad.ee\/wp-content\/uploads\/2024\/04\/vajadused-1.png\" alt=\"\" class=\"wp-image-799\" srcset=\"https:\/\/www.sasuudad.ee\/wp-content\/uploads\/2024\/04\/vajadused-1.png 682w, https:\/\/www.sasuudad.ee\/wp-content\/uploads\/2024\/04\/vajadused-1-237x300.png 237w\" sizes=\"auto, (max-width: 682px) 100vw, 682px\" \/><\/figure>\n<\/div>\n<\/div>\n<\/div><\/div>","protected":false},"excerpt":{"rendered":"<p>Proovi luua lapsega suhe (\u201eklapp\u201c). On v\u00e4ga oluline, et tekiks klapp ja, et ma tean, et saab usaldada ning muredega sinu poole p\u00f6\u00f6rduda. S\u00fcvene, m\u00f5tle kaasa minu asjades, v\u00f5ta minu jaoks aega. Kuula mind ja tunne minu vastu huvi &#8211; usu, mida ma r\u00e4\u00e4gin. Arvesta ka minu m\u00f5tete ja tunnetega. \u00c4ra \u00e4hvarda mind, paku v\u00f5imalusi&hellip;&nbsp;<a href=\"https:\/\/www.sasuudad.ee\/en_us\/kuues\/\" rel=\"bookmark\">Read More &raquo;<span class=\"screen-reader-text\">Recommendations for adults<\/span><\/a><\/p>","protected":false},"author":2,"featured_media":0,"parent":0,"menu_order":0,"comment_status":"closed","ping_status":"closed","template":"","meta":{"neve_meta_sidebar":"","neve_meta_container":"","neve_meta_enable_content_width":"","neve_meta_content_width":0,"neve_meta_title_alignment":"","neve_meta_author_avatar":"","neve_post_elements_order":"","neve_meta_disable_header":"","neve_meta_disable_footer":"","neve_meta_disable_title":"","_themeisle_gutenberg_block_has_review":false,"footnotes":""},"class_list":["post-766","page","type-page","status-publish","hentry"],"_links":{"self":[{"href":"https:\/\/www.sasuudad.ee\/en_us\/wp-json\/wp\/v2\/pages\/766","targetHints":{"allow":["GET"]}}],"collection":[{"href":"https:\/\/www.sasuudad.ee\/en_us\/wp-json\/wp\/v2\/pages"}],"about":[{"href":"https:\/\/www.sasuudad.ee\/en_us\/wp-json\/wp\/v2\/types\/page"}],"author":[{"embeddable":true,"href":"https:\/\/www.sasuudad.ee\/en_us\/wp-json\/wp\/v2\/users\/2"}],"replies":[{"embeddable":true,"href":"https:\/\/www.sasuudad.ee\/en_us\/wp-json\/wp\/v2\/comments?post=766"}],"version-history":[{"count":1,"href":"https:\/\/www.sasuudad.ee\/en_us\/wp-json\/wp\/v2\/pages\/766\/revisions"}],"predecessor-version":[{"id":1539,"href":"https:\/\/www.sasuudad.ee\/en_us\/wp-json\/wp\/v2\/pages\/766\/revisions\/1539"}],"wp:attachment":[{"href":"https:\/\/www.sasuudad.ee\/en_us\/wp-json\/wp\/v2\/media?parent=766"}],"curies":[{"name":"wp","href":"https:\/\/api.w.org\/{rel}","templated":true}]}}